{"id":2529,"date":"2026-04-14T09:19:47","date_gmt":"2026-04-14T07:19:47","guid":{"rendered":"https:\/\/www.adrasa.com\/sobre-adrasa\/nuestra-historia\/"},"modified":"2026-04-14T09:19:47","modified_gmt":"2026-04-14T07:19:47","slug":"nuestra-historia","status":"publish","type":"page","link":"https:\/\/www.adrasa.com\/es\/sobre-adrasa\/nuestra-historia\/","title":{"rendered":"Nuestra historia"},"content":{"rendered":"\t\t<div data-elementor-type=\"wp-page\" data-elementor-id=\"2529\" class=\"elementor elementor-2529 elementor-2133\" data-elementor-post-type=\"page\">\n\t\t\t\t<div class=\"elementor-element elementor-element-23a1253 e-flex e-con-boxed e-con e-parent\" data-id=\"23a1253\" data-element_type=\"container\" data-e-type=\"container\" data-settings=\"{&quot;background_background&quot;:&quot;classic&quot;}\">\n\t\t\t\t\t<div class=\"e-con-inner\">\n\t\t\t\t<div class=\"elementor-element elementor-element-c1dc85b elementor-widget__width-initial elementor-widget elementor-widget-adrasa-hero\" data-id=\"c1dc85b\" data-element_type=\"widget\" data-e-type=\"widget\" data-widget_type=\"adrasa-hero.default\">\n\t\t\t\t<div class=\"elementor-widget-container\">\n\t\t\t\t\t\t\t<section class=\"adrasa-hero adrasa-hero--left\">\n\t\t\t<div class=\"container\">\n\t\t\t\t<div class=\"adrasa-hero__grid\">\n\t\t\t\t\t<div class=\"adrasa-hero__block adrasa-hero__block--top\">\n\n\t\t\t\t\t\t\n\t\t\t\t\t\t\t\t\t<h1 class=\"adrasa-hero__title adrasa-hero__title--stacked\">\n\t\t\t\t\t\t\t<span class=\"adrasa-hero__title-line\">Una historia textil hands-on construida desde <span class=\"adrasa-hero__title-italic\">1984<\/span><\/span>\n\t\t\t\t\t\t<\/h1>\n\t\t\n\t\t\t\t\t\t\t\n\t\t\t\t\t\t\t\t\t\t\t\t\t\t\t<div class=\"adrasa-hero__desc-block\"><p><strong>ADRASA forma parte del acabado textil del Vall\u00e8s Oriental desde 1984.<\/strong><\/p><p>Desde Montorn\u00e8s del Vall\u00e8s, cerca de Barcelona, \u200b\u200bhemos construido nuestra empresa en torno al desarrollo, fabricaci\u00f3n, comercializaci\u00f3n y servicio t\u00e9cnico para la industria textil. El hilo conductor sigue siendo el mismo: qu\u00edmica pr\u00e1ctica, colaboraci\u00f3n estrecha y soluciones que funcionan en la producci\u00f3n real.<\/p><p>Ese enfoque pr\u00e1ctico todav\u00eda define a ADRASA hoy, vinculando el conocimiento aplicado con procesos textiles m\u00e1s seguros y sostenibles.<\/p><\/div>\n\t\t\t\t\t\t\t\n\t\t\t\t\t\t\t\t\t\t\t\t\t\t\n\t\t\t\t\t\t\n\t\t\t\t\t<\/div>\n\n\t\t\t\t\t<div class=\"adrasa-hero__block adrasa-hero__block--bottom\"><\/div>\n\t\t\t\t<\/div>\n\t\t\t<\/div>\n\t\t<\/section>\n\t\t\t\t\t\t<\/div>\n\t\t\t\t<\/div>\n\t\t\t\t<div class=\"elementor-element elementor-element-f0f5860 elementor-widget elementor-widget-adrasa-rd-timeline\" data-id=\"f0f5860\" data-element_type=\"widget\" data-e-type=\"widget\" data-widget_type=\"adrasa-rd-timeline.default\">\n\t\t\t\t<div class=\"elementor-widget-container\">\n\t\t\t\t\t\t\t<section class=\"adrasa-rd-timeline adrasa-rd-timeline--full-lines\">\n\t\t\t<div class=\"container\">\n\t\t\t\t<div class=\"adrasa-rd-timeline__inner\">\n\t\t\t\t\t<h2 class=\"adrasa-rd-timeline__title\">\n\t\t\t\t\t\t\t\t\t\t\t\t\t<span class=\"adrasa-rd-timeline__title-regular\">Compa\u00f1\u00eda<\/span>\n\t\t\t\t\t\t\t\t\t\t\t\t\t\t\t\t\t\t\t<span class=\"adrasa-rd-timeline__title-italic\">hitos<\/span>\n\t\t\t\t\t\t\t\t\t\t\t<\/h2>\n\n\t\t\t\t\t\t\t\t\t\t\t<div class=\"adrasa-rd-timeline__list\">\n\t\t\t\t\t\t\t\t\t\t\t\t\t\t\t<article class=\"adrasa-rd-timeline__item\">\n\t\t\t\t\t\t\t\t\t\t\t\t\t\t\t\t\t\t\t<h3 class=\"adrasa-rd-timeline__item-title\"><span class=\"adrasa-rd-timeline__item-title-main\">Hoy | Acabado textil del laboratorio a escala<\/span><\/h3>\n\t\t\t\t\t\t\t\t\t\t\t\t\t\t\t\t\t\t<div class=\"adrasa-rd-timeline__item-separator\" aria-hidden=\"true\"><\/div>\n\n\t\t\t\t\t\t\t\t\t\t\t\t\t\t\t\t\t\t\t<p class=\"adrasa-rd-timeline__item-text\">ADRASA contin\u00faa apoyando a f\u00e1bricas y marcas con experiencia pr\u00e1ctica en acabado textil, combinando innovaci\u00f3n, sostenibilidad y precisi\u00f3n t\u00e9cnica desde el desarrollo hasta la implementaci\u00f3n industrial.<\/p>\n\t\t\t\t\t\t\t\t\t\n\t\t\t\t\t\t\t\t\t\n\t\t\t\t\t\t\t\t\t\t\t\t\t\t\t\t\t\t\t\t\t\t\t\t\t\t<\/article>\n\t\t\t\t\t\t\t\t\t\t\t\t\t\t\t<article class=\"adrasa-rd-timeline__item\">\n\t\t\t\t\t\t\t\t\t\t\t\t\t\t\t\t\t\t\t<h3 class=\"adrasa-rd-timeline__item-title\"><span class=\"adrasa-rd-timeline__item-title-main\">La gesti\u00f3n integrada y una qu\u00edmica m\u00e1s segura se vuelven fundamentales<\/span><\/h3>\n\t\t\t\t\t\t\t\t\t\t\t\t\t\t\t\t\t\t<div class=\"adrasa-rd-timeline__item-separator\" aria-hidden=\"true\"><\/div>\n\n\t\t\t\t\t\t\t\t\t\t\t\t\t\t\t\t\t\t\t<p class=\"adrasa-rd-timeline__item-text\">Los sistemas de gesti\u00f3n certificados y las prioridades de qu\u00edmica responsable pasan a formar parte de las operaciones diarias, alineando el desempe\u00f1o t\u00e9cnico con los compromisos de calidad, medio ambiente y seguridad.<\/p>\n\t\t\t\t\t\t\t\t\t\n\t\t\t\t\t\t\t\t\t\n\t\t\t\t\t\t\t\t\t\t\t\t\t\t\t\t\t\t\t\t\t\t\t\t\t\t<\/article>\n\t\t\t\t\t\t\t\t\t\t\t\t\t\t\t<article class=\"adrasa-rd-timeline__item\">\n\t\t\t\t\t\t\t\t\t\t\t\t\t\t\t\t\t\t\t<h3 class=\"adrasa-rd-timeline__item-title\"><span class=\"adrasa-rd-timeline__item-title-main\">Las soluciones de acabado basadas en sistemas toman forma<\/span><\/h3>\n\t\t\t\t\t\t\t\t\t\t\t\t\t\t\t\t\t\t<div class=\"adrasa-rd-timeline__item-separator\" aria-hidden=\"true\"><\/div>\n\n\t\t\t\t\t\t\t\t\t\t\t\t\t\t\t\t\t\t\t<p class=\"adrasa-rd-timeline__item-text\">La cartera evoluciona hacia sistemas de acabado estructurados como ACF System, FSC System, NED System y PCS Challenge, dise\u00f1ados para traducir la qu\u00edmica en ventajas pr\u00e1cticas de producci\u00f3n.<\/p>\n\t\t\t\t\t\t\t\t\t\n\t\t\t\t\t\t\t\t\t\n\t\t\t\t\t\t\t\t\t\t\t\t\t\t\t\t\t\t\t\t\t\t\t\t\t\t<\/article>\n\t\t\t\t\t\t\t\t\t\t\t\t\t\t\t<article class=\"adrasa-rd-timeline__item\">\n\t\t\t\t\t\t\t\t\t\t\t\t\t\t\t\t\t\t\t<h3 class=\"adrasa-rd-timeline__item-title\"><span class=\"adrasa-rd-timeline__item-title-main\">Una forma consultiva de trabajar con los clientes.<\/span><\/h3>\n\t\t\t\t\t\t\t\t\t\t\t\t\t\t\t\t\t\t<div class=\"adrasa-rd-timeline__item-separator\" aria-hidden=\"true\"><\/div>\n\n\t\t\t\t\t\t\t\t\t\t\t\t\t\t\t\t\t\t\t<p class=\"adrasa-rd-timeline__item-text\">ADRASA desarrolla una relaci\u00f3n directa y consultiva con los clientes, con equipos t\u00e9cnico-comerciales cercanos a las instalaciones, a las realidades productivas y a las limitaciones de los procesos.<\/p>\n\t\t\t\t\t\t\t\t\t\n\t\t\t\t\t\t\t\t\t\n\t\t\t\t\t\t\t\t\t\t\t\t\t\t\t\t\t\t\t\t\t\t\t\t\t\t<\/article>\n\t\t\t\t\t\t\t\t\t\t\t\t\t\t\t<article class=\"adrasa-rd-timeline__item\">\n\t\t\t\t\t\t\t\t\t\t\t\t\t\t\t\t\t\t\t<h3 class=\"adrasa-rd-timeline__item-title\"><span class=\"adrasa-rd-timeline__item-title-main\">Crecimiento a trav\u00e9s del desarrollo, la fabricaci\u00f3n y el servicio.<\/span><\/h3>\n\t\t\t\t\t\t\t\t\t\t\t\t\t\t\t\t\t\t<div class=\"adrasa-rd-timeline__item-separator\" aria-hidden=\"true\"><\/div>\n\n\t\t\t\t\t\t\t\t\t\t\t\t\t\t\t\t\t\t\t<p class=\"adrasa-rd-timeline__item-text\">La empresa se expande en torno a un modelo combinado: desarrollo de productos, fabricaci\u00f3n, comercializaci\u00f3n y asistencia t\u00e9cnica para el sector textil.<\/p>\n\t\t\t\t\t\t\t\t\t\n\t\t\t\t\t\t\t\t\t\n\t\t\t\t\t\t\t\t\t\t\t\t\t\t\t\t\t\t\t\t\t\t\t\t\t\t<\/article>\n\t\t\t\t\t\t\t\t\t\t\t\t\t\t\t<article class=\"adrasa-rd-timeline__item\">\n\t\t\t\t\t\t\t\t\t\t\t\t\t\t\t\t\t\t\t<h3 class=\"adrasa-rd-timeline__item-title\"><span class=\"adrasa-rd-timeline__item-title-year\">1984 <\/span><span class=\"adrasa-rd-timeline__item-title-main\">| Se funda ADRASA en Montorn\u00e8s del Vall\u00e8s<\/span><\/h3>\n\t\t\t\t\t\t\t\t\t\t\t\t\t\t\t\t\t\t<div class=\"adrasa-rd-timeline__item-separator\" aria-hidden=\"true\"><\/div>\n\n\t\t\t\t\t\t\t\t\t\t\t\t\t\t\t\t\t\t\t<p class=\"adrasa-rd-timeline__item-text\">ADRASA inicia operaciones en el Vall\u00e8s Oriental, Barcelona, \u200b\u200bcentrada en la qu\u00edmica del acabado textil y en el soporte t\u00e9cnico cercano a hilander\u00edas y fabricantes.<\/p>\n\t\t\t\t\t\t\t\t\t\n\t\t\t\t\t\t\t\t\t\n\t\t\t\t\t\t\t\t\t\t\t\t\t\t\t\t\t\t\t\t\t\t\t\t\t\t<\/article>\n\t\t\t\t\t\t\t\t\t\t\t\t\t<\/div>\n\t\t\t\t\t\t\t\t\t<\/div>\n\t\t\t<\/div>\n\t\t<\/section>\n\t\t\t\t\t\t<\/div>\n\t\t\t\t<\/div>\n\t\t\t\t\t<\/div>\n\t\t\t\t<\/div>\n\t\t<div class=\"elementor-element elementor-element-ecb3ccd e-flex e-con-boxed e-con e-parent\" data-id=\"ecb3ccd\" data-element_type=\"container\" data-e-type=\"container\" data-settings=\"{&quot;background_background&quot;:&quot;classic&quot;}\">\n\t\t\t\t\t<div class=\"e-con-inner\">\n\t\t\t\t<div class=\"elementor-element elementor-element-e80f566 elementor-widget__width-initial elementor-widget elementor-widget-adrasa-recognition-logos\" data-id=\"e80f566\" data-element_type=\"widget\" data-e-type=\"widget\" data-widget_type=\"adrasa-recognition-logos.default\">\n\t\t\t\t<div class=\"elementor-widget-container\">\n\t\t\t\t\t\t\t<section class=\"adrasa-recognition\">\n\t\t\t<div class=\"container\">\n\t\t\t\t<div class=\"adrasa-recognition__inner\">\n\t\t\t\t\t\t\t\t\t\t\t<h2 class=\"adrasa-recognition__title\">ADRASA hoy<\/h2>\n\t\t\t\t\t\n\t\t\t\t\t\t\t\t\t\t\t<div class=\"adrasa-recognition__description\"><p>ADRASA combina m\u00e1s de cuatro d\u00e9cadas de experiencia en acabados textiles con una visi\u00f3n pr\u00e1ctica de la qu\u00edmica: cerca de la producci\u00f3n, cerca de los clientes y enfocada a resultados medibles.<\/p><p>Nuestro trabajo actual conecta el desarrollo aplicado, la fabricaci\u00f3n, el servicio t\u00e9cnico y la innovaci\u00f3n responsable en todo el proceso textil.<\/p><\/div>\n\t\t\t\t\t\n\t\t\t\t\t\t\t\t\t\t\t<div class=\"adrasa-recognition__logos\">\n\t\t\t\t\t\t\t\t\t\t\t\t\t\t\t\t\t\t\t\t\t\t\t<div class=\"adrasa-recognition__logo-item\" style=\"--item-w:31%;--item-align:flex-start;\">\n\t\t\t\t\t\t\t\t\t\t\t\t\t\t\t\t\t\t\t<img decoding=\"async\" class=\"adrasa-recognition__logo-img\" src=\"https:\/\/www.adrasa.com\/wp-content\/uploads\/2026\/02\/eureka_logo_baseline_horizontal_color_rgb_big-2-3-1.png\" alt=\"\" loading=\"lazy\">\n\t\t\t\t\t\t\t\t\t\t\t\t\t\t\t\t\t<\/div>\n\t\t\t\t\t\t\t\t\t\t\t\t\t\t\t\t\t\t\t\t\t\t\t<div class=\"adrasa-recognition__logo-item\" style=\"--item-w:31%;--item-align:flex-start;\">\n\t\t\t\t\t\t\t\t\t\t\t\t\t\t\t\t\t\t\t<img decoding=\"async\" class=\"adrasa-recognition__logo-img\" src=\"https:\/\/www.adrasa.com\/wp-content\/uploads\/2026\/02\/eureka_logo_baseline_horizontal_color_rgb_big-2-4.png\" alt=\"\" loading=\"lazy\">\n\t\t\t\t\t\t\t\t\t\t\t\t\t\t\t\t\t<\/div>\n\t\t\t\t\t\t\t\t\t\t\t\t\t\t\t\t\t\t\t\t\t\t\t<div class=\"adrasa-recognition__logo-item\" style=\"--item-w:31%;--item-align:flex-start;\">\n\t\t\t\t\t\t\t\t\t\t\t\t\t\t\t\t\t\t\t<img decoding=\"async\" class=\"adrasa-recognition__logo-img\" src=\"https:\/\/www.adrasa.com\/wp-content\/uploads\/2026\/02\/eureka_logo_baseline_horizontal_color_rgb_big-2-1.png\" alt=\"\" loading=\"lazy\">\n\t\t\t\t\t\t\t\t\t\t\t\t\t\t\t\t\t<\/div>\n\t\t\t\t\t\t\t\t\t\t\t\t\t\t\t\t\t\t\t\t\t\t\t<div class=\"adrasa-recognition__logo-item\" style=\"--item-w:31%;--item-align:flex-start;\">\n\t\t\t\t\t\t\t\t\t\t\t\t\t\t\t\t\t\t\t<img decoding=\"async\" class=\"adrasa-recognition__logo-img\" src=\"https:\/\/www.adrasa.com\/wp-content\/uploads\/2026\/02\/ff04989c-5a2e-4c14-85a5-150ece80062d-1.png\" alt=\"\" loading=\"lazy\">\n\t\t\t\t\t\t\t\t\t\t\t\t\t\t\t\t\t<\/div>\n\t\t\t\t\t\t\t\t\t\t\t\t\t<\/div>\n\t\t\t\t\t\t\t\t\t<\/div>\n\t\t\t<\/div>\n\t\t<\/section>\n\t\t\t\t\t\t<\/div>\n\t\t\t\t<\/div>\n\t\t\t\t\t<\/div>\n\t\t\t\t<\/div>\n\t\t<div class=\"elementor-element elementor-element-585e592 e-flex e-con-boxed e-con e-parent\" data-id=\"585e592\" data-element_type=\"container\" data-e-type=\"container\" data-settings=\"{&quot;background_background&quot;:&quot;classic&quot;}\">\n\t\t\t\t\t<div class=\"e-con-inner\">\n\t\t\t\t\t<\/div>\n\t\t\t\t<\/div>\n\t\t\t\t<\/div>\n\t\t","protected":false},"excerpt":{"rendered":"","protected":false},"author":0,"featured_media":0,"parent":2528,"menu_order":0,"comment_status":"closed","ping_status":"closed","template":"elementor_header_footer","meta":{"_acf_changed":false,"footnotes":""},"class_list":["post-2529","page","type-page","status-publish","hentry"],"acf":[],"yoast_head":"<!-- This site is optimized with the Yoast SEO plugin v27.4 - https:\/\/yoast.com\/product\/yoast-seo-wordpress\/ -->\n<title>Nuestra historia - ADRASA - Assessors Del Ram d&#039;Aigua, S.A.<\/title>\n<meta name=\"robots\" content=\"index, follow, max-snippet:-1, max-image-preview:large, max-video-preview:-1\" \/>\n<link rel=\"canonical\" href=\"https:\/\/www.adrasa.com\/es\/sobre-adrasa\/nuestra-historia\/\" \/>\n<meta property=\"og:locale\" content=\"es_ES\" \/>\n<meta property=\"og:type\" content=\"article\" \/>\n<meta property=\"og:title\" content=\"Nuestra historia - ADRASA - Assessors Del Ram d&#039;Aigua, S.A.\" \/>\n<meta property=\"og:url\" content=\"https:\/\/www.adrasa.com\/es\/sobre-adrasa\/nuestra-historia\/\" \/>\n<meta property=\"og:site_name\" content=\"ADRASA - Assessors Del Ram d&#039;Aigua, S.A.\" \/>\n<meta property=\"og:image\" content=\"https:\/\/www.adrasa.com\/wp-content\/uploads\/2026\/04\/adrasa-banner.jpg\" \/>\n\t<meta property=\"og:image:width\" content=\"1200\" \/>\n\t<meta property=\"og:image:height\" content=\"675\" \/>\n\t<meta property=\"og:image:type\" content=\"image\/jpeg\" \/>\n<meta name=\"twitter:card\" content=\"summary_large_image\" \/>\n<script type=\"application\/ld+json\" class=\"yoast-schema-graph\">{\"@context\":\"https:\\\/\\\/schema.org\",\"@graph\":[{\"@type\":\"WebPage\",\"@id\":\"https:\\\/\\\/www.adrasa.com\\\/es\\\/sobre-adrasa\\\/nuestra-historia\\\/\",\"url\":\"https:\\\/\\\/www.adrasa.com\\\/es\\\/sobre-adrasa\\\/nuestra-historia\\\/\",\"name\":\"Nuestra historia - ADRASA - Assessors Del Ram d&#039;Aigua, S.A.\",\"isPartOf\":{\"@id\":\"https:\\\/\\\/www.adrasa.com\\\/es\\\/#website\"},\"datePublished\":\"2026-04-14T07:19:47+00:00\",\"breadcrumb\":{\"@id\":\"https:\\\/\\\/www.adrasa.com\\\/es\\\/sobre-adrasa\\\/nuestra-historia\\\/#breadcrumb\"},\"inLanguage\":\"es\",\"potentialAction\":[{\"@type\":\"ReadAction\",\"target\":[\"https:\\\/\\\/www.adrasa.com\\\/es\\\/sobre-adrasa\\\/nuestra-historia\\\/\"]}]},{\"@type\":\"BreadcrumbList\",\"@id\":\"https:\\\/\\\/www.adrasa.com\\\/es\\\/sobre-adrasa\\\/nuestra-historia\\\/#breadcrumb\",\"itemListElement\":[{\"@type\":\"ListItem\",\"position\":1,\"name\":\"Portada\",\"item\":\"https:\\\/\\\/www.adrasa.com\\\/es\\\/\"},{\"@type\":\"ListItem\",\"position\":2,\"name\":\"Sobre ADRASA\",\"item\":\"https:\\\/\\\/www.adrasa.com\\\/es\\\/about\\\/\"},{\"@type\":\"ListItem\",\"position\":3,\"name\":\"Nuestra historia\"}]},{\"@type\":\"WebSite\",\"@id\":\"https:\\\/\\\/www.adrasa.com\\\/es\\\/#website\",\"url\":\"https:\\\/\\\/www.adrasa.com\\\/es\\\/\",\"name\":\"Adrasa, Sustainable textile finishing, from lab to scale\",\"description\":\"Sustainable textile finishing, from lab to scale\",\"publisher\":{\"@id\":\"https:\\\/\\\/www.adrasa.com\\\/es\\\/#organization\"},\"alternateName\":\"ADRASA (Assessors del Ram D'Aigua, S.A.)\",\"potentialAction\":[{\"@type\":\"SearchAction\",\"target\":{\"@type\":\"EntryPoint\",\"urlTemplate\":\"https:\\\/\\\/www.adrasa.com\\\/es\\\/?s={search_term_string}\"},\"query-input\":{\"@type\":\"PropertyValueSpecification\",\"valueRequired\":true,\"valueName\":\"search_term_string\"}}],\"inLanguage\":\"es\"},{\"@type\":\"Organization\",\"@id\":\"https:\\\/\\\/www.adrasa.com\\\/es\\\/#organization\",\"name\":\"Adrasa, Sustainable textile finishing, from lab to scale\",\"url\":\"https:\\\/\\\/www.adrasa.com\\\/es\\\/\",\"logo\":{\"@type\":\"ImageObject\",\"inLanguage\":\"es\",\"@id\":\"https:\\\/\\\/www.adrasa.com\\\/es\\\/#\\\/schema\\\/logo\\\/image\\\/\",\"url\":\"https:\\\/\\\/www.adrasa.com\\\/wp-content\\\/uploads\\\/2025\\\/12\\\/logo_ADRASA_claim.webp\",\"contentUrl\":\"https:\\\/\\\/www.adrasa.com\\\/wp-content\\\/uploads\\\/2025\\\/12\\\/logo_ADRASA_claim.webp\",\"width\":578,\"height\":122,\"caption\":\"Adrasa, Sustainable textile finishing, from lab to scale\"},\"image\":{\"@id\":\"https:\\\/\\\/www.adrasa.com\\\/es\\\/#\\\/schema\\\/logo\\\/image\\\/\"},\"sameAs\":[\"https:\\\/\\\/www.instagram.com\\\/adrasa_textile_finishing\\\/\"]}]}<\/script>\n<!-- \/ Yoast SEO plugin. -->","yoast_head_json":{"title":"Nuestra historia - ADRASA - Assessors Del Ram d&#039;Aigua, S.A.","robots":{"index":"index","follow":"follow","max-snippet":"max-snippet:-1","max-image-preview":"max-image-preview:large","max-video-preview":"max-video-preview:-1"},"canonical":"https:\/\/www.adrasa.com\/es\/sobre-adrasa\/nuestra-historia\/","og_locale":"es_ES","og_type":"article","og_title":"Nuestra historia - ADRASA - Assessors Del Ram d&#039;Aigua, S.A.","og_url":"https:\/\/www.adrasa.com\/es\/sobre-adrasa\/nuestra-historia\/","og_site_name":"ADRASA - Assessors Del Ram d&#039;Aigua, S.A.","og_image":[{"width":1200,"height":675,"url":"https:\/\/www.adrasa.com\/wp-content\/uploads\/2026\/04\/adrasa-banner.jpg","type":"image\/jpeg"}],"twitter_card":"summary_large_image","schema":{"@context":"https:\/\/schema.org","@graph":[{"@type":"WebPage","@id":"https:\/\/www.adrasa.com\/es\/sobre-adrasa\/nuestra-historia\/","url":"https:\/\/www.adrasa.com\/es\/sobre-adrasa\/nuestra-historia\/","name":"Nuestra historia - ADRASA - Assessors Del Ram d&#039;Aigua, S.A.","isPartOf":{"@id":"https:\/\/www.adrasa.com\/es\/#website"},"datePublished":"2026-04-14T07:19:47+00:00","breadcrumb":{"@id":"https:\/\/www.adrasa.com\/es\/sobre-adrasa\/nuestra-historia\/#breadcrumb"},"inLanguage":"es","potentialAction":[{"@type":"ReadAction","target":["https:\/\/www.adrasa.com\/es\/sobre-adrasa\/nuestra-historia\/"]}]},{"@type":"BreadcrumbList","@id":"https:\/\/www.adrasa.com\/es\/sobre-adrasa\/nuestra-historia\/#breadcrumb","itemListElement":[{"@type":"ListItem","position":1,"name":"Portada","item":"https:\/\/www.adrasa.com\/es\/"},{"@type":"ListItem","position":2,"name":"Sobre ADRASA","item":"https:\/\/www.adrasa.com\/es\/about\/"},{"@type":"ListItem","position":3,"name":"Nuestra historia"}]},{"@type":"WebSite","@id":"https:\/\/www.adrasa.com\/es\/#website","url":"https:\/\/www.adrasa.com\/es\/","name":"Adrasa, Sustainable textile finishing, from lab to scale","description":"Sustainable textile finishing, from lab to scale","publisher":{"@id":"https:\/\/www.adrasa.com\/es\/#organization"},"alternateName":"ADRASA (Assessors del Ram D'Aigua, S.A.)","potentialAction":[{"@type":"SearchAction","target":{"@type":"EntryPoint","urlTemplate":"https:\/\/www.adrasa.com\/es\/?s={search_term_string}"},"query-input":{"@type":"PropertyValueSpecification","valueRequired":true,"valueName":"search_term_string"}}],"inLanguage":"es"},{"@type":"Organization","@id":"https:\/\/www.adrasa.com\/es\/#organization","name":"Adrasa, Sustainable textile finishing, from lab to scale","url":"https:\/\/www.adrasa.com\/es\/","logo":{"@type":"ImageObject","inLanguage":"es","@id":"https:\/\/www.adrasa.com\/es\/#\/schema\/logo\/image\/","url":"https:\/\/www.adrasa.com\/wp-content\/uploads\/2025\/12\/logo_ADRASA_claim.webp","contentUrl":"https:\/\/www.adrasa.com\/wp-content\/uploads\/2025\/12\/logo_ADRASA_claim.webp","width":578,"height":122,"caption":"Adrasa, Sustainable textile finishing, from lab to scale"},"image":{"@id":"https:\/\/www.adrasa.com\/es\/#\/schema\/logo\/image\/"},"sameAs":["https:\/\/www.instagram.com\/adrasa_textile_finishing\/"]}]}},"_links":{"self":[{"href":"https:\/\/www.adrasa.com\/es\/wp-json\/wp\/v2\/pages\/2529","targetHints":{"allow":["GET"]}}],"collection":[{"href":"https:\/\/www.adrasa.com\/es\/wp-json\/wp\/v2\/pages"}],"about":[{"href":"https:\/\/www.adrasa.com\/es\/wp-json\/wp\/v2\/types\/page"}],"replies":[{"embeddable":true,"href":"https:\/\/www.adrasa.com\/es\/wp-json\/wp\/v2\/comments?post=2529"}],"version-history":[{"count":0,"href":"https:\/\/www.adrasa.com\/es\/wp-json\/wp\/v2\/pages\/2529\/revisions"}],"up":[{"embeddable":true,"href":"https:\/\/www.adrasa.com\/es\/wp-json\/wp\/v2\/pages\/2528"}],"wp:attachment":[{"href":"https:\/\/www.adrasa.com\/es\/wp-json\/wp\/v2\/media?parent=2529"}],"curies":[{"name":"wp","href":"https:\/\/api.w.org\/{rel}","templated":true}]}}