{"id":2528,"date":"2026-04-14T09:19:37","date_gmt":"2026-04-14T07:19:37","guid":{"rendered":"https:\/\/www.adrasa.com\/sobre-adrasa\/"},"modified":"2026-04-14T09:19:37","modified_gmt":"2026-04-14T07:19:37","slug":"sobre-adrasa","status":"publish","type":"page","link":"https:\/\/www.adrasa.com\/es\/sobre-adrasa\/","title":{"rendered":"Sobre ADRASA"},"content":{"rendered":"\t\t<div data-elementor-type=\"wp-page\" data-elementor-id=\"2528\" class=\"elementor elementor-2528 elementor-1757\" data-elementor-post-type=\"page\">\n\t\t\t\t<div class=\"elementor-element elementor-element-91d3320 e-flex e-con-boxed e-con e-parent\" data-id=\"91d3320\" data-element_type=\"container\" data-e-type=\"container\" data-settings=\"{&quot;background_background&quot;:&quot;classic&quot;}\">\n\t\t\t\t\t<div class=\"e-con-inner\">\n\t\t\t\t<div class=\"elementor-element elementor-element-436b503 elementor-widget__width-initial elementor-widget elementor-widget-adrasa-hero\" data-id=\"436b503\" data-element_type=\"widget\" data-e-type=\"widget\" data-widget_type=\"adrasa-hero.default\">\n\t\t\t\t<div class=\"elementor-widget-container\">\n\t\t\t\t\t\t\t<section class=\"adrasa-hero adrasa-hero--center\">\n\t\t\t<div class=\"container\">\n\t\t\t\t<div class=\"adrasa-hero__grid\">\n\t\t\t\t\t<div class=\"adrasa-hero__block adrasa-hero__block--top\">\n\n\t\t\t\t\t\t\n\t\t\t\t\t\t\t\t\t<h1 class=\"adrasa-hero__title adrasa-hero__title--stacked\">\n\t\t\t\t\t\t\t<span class=\"adrasa-hero__title-line\">Acabado textil hands-on <span class=\"adrasa-hero__title-italic\">desde 1984<\/span><\/span>\n\t\t\t\t\t\t<\/h1>\n\t\t\n\t\t\t\t\t\t\t\n\t\t\t\t\t\t\t\t\t\t\t\t\t\t\t<div class=\"adrasa-hero__desc-block\"><p>ADRASA (Assessors del Ram d\u2019Aigua, S.A.) desarrolla, fabrica y suministra sistemas qu\u00edmicos para la industria textil, combinando innovaci\u00f3n, sostenibilidad y excelencia t\u00e9cnica.<\/p><p>Desde 1984, hemos ayudado a fabricantes y marcas a producir tejidos m\u00e1s seguros, inteligentes y sostenibles a trav\u00e9s de una qu\u00edmica responsable y experiencia colaborativa.<\/p><\/div>\n\t\t\t\t\t\t\t\n\t\t\t\t\t\t\t\t\t\t\t\t\t\t\t\t<div class=\"adrasa-hero__buttons\" aria-label=\"Llamadas a la acci\u00f3n\">\n\t\t\t\t\t\t\t\t\t\t\t<a href=\"https:\/\/www.adrasa.com\/es\/sobre-adrasa\/nuestra-historia\/\"\n\t\t\t\t\tclass=\"adrasa-hero__btn adrasa-hero__btn--primary\">\n\t\t\t\t\t<span class=\"adrasa-hero__btn-text\">Descubre nuestra historia<\/span>\n\n\t\t\t\t\t\t\t\t\t\t\t<span class=\"adrasa-hero__btn-icon\" aria-hidden=\"true\">\n\t\t\t\t\t\t\t<img decoding=\"async\" src=\"https:\/\/www.adrasa.com\/wp-content\/uploads\/2025\/12\/arrow-cta.svg\" alt=\"\" \/>\n\t\t\t\t\t\t<\/span>\n\t\t\t\t\t\t\t\t\t<\/a>\n\t\t\t\t\t<\/div>\n\t\t\n\t\t\t\t\t\t\n\t\t\t\t\t<\/div>\n\n\t\t\t\t\t<div class=\"adrasa-hero__block adrasa-hero__block--bottom\"><\/div>\n\t\t\t\t<\/div>\n\t\t\t<\/div>\n\t\t<\/section>\n\t\t\t\t\t\t<\/div>\n\t\t\t\t<\/div>\n\t\t\t\t<div class=\"elementor-element elementor-element-b12fdab elementor-widget elementor-widget-adrasa-about-purpose-vision\" data-id=\"b12fdab\" data-element_type=\"widget\" data-e-type=\"widget\" data-widget_type=\"adrasa-about-purpose-vision.default\">\n\t\t\t\t<div class=\"elementor-widget-container\">\n\t\t\t\t\t\t\t<section class=\"adrasa-about-purpose-vision\" style=\"--adrasa-apv-btn-left-icon:url(&quot;https:\/\/www.adrasa.com\/wp-content\/uploads\/2026\/03\/arrow-up-right-navy.svg&quot;);--adrasa-apv-card-bg-image:url(&quot;https:\/\/www.adrasa.com\/wp-content\/uploads\/2026\/03\/about-values-glass-bg-1.png&quot;);\">\n\t\t\t<div class=\"container\">\n\t\t\t\t<div class=\"adrasa-about-purpose-vision__grid\">\n\t\t\t\t\t<div class=\"adrasa-about-purpose-vision__left\">\n\t\t\t\t\t\t<h2 class=\"adrasa-about-purpose-vision__title\">Nuestro prop\u00f3sito: qu\u00edmica que rinde y <em>respeta<\/em><\/h2>\n\t\t\t\t\t\t<p class=\"adrasa-about-purpose-vision__lead\">Creemos que la innovaci\u00f3n es importante cuando mejora tanto el desempe\u00f1o como la responsabilidad.<\/p>\t\t\t\t\t\t<p class=\"adrasa-about-purpose-vision__body\">Nuestro trabajo conecta la qu\u00edmica, la sostenibilidad y el dise\u00f1o, garantizando un impacto mensurable en toda la cadena de valor textil.<\/p>\n\t\t\t\t\t\t\t\t\t\t\t\t\t<div class=\"adrasa-about-purpose-vision__image-wrap\">\n\t\t\t\t\t\t\t\t<img decoding=\"async\" class=\"adrasa-about-purpose-vision__image\" src=\"https:\/\/www.adrasa.com\/wp-content\/uploads\/2026\/03\/about-img-11.png\" alt=\"\" loading=\"lazy\">\n\t\t\t\t\t\t\t<\/div>\n\t\t\t\t\t\t\n\t\t\t\t\t\t\t\t\t\t\t\t\t<a class=\"adrasa-btn adrasa-btn--sm adrasa-about-purpose-vision__btn adrasa-about-purpose-vision__btn--left\" href=\"\/innovation\/\">\n\t\t\t\t\t\t\t\t<span>EXPLORAR LA INNOVACI\u00d3N<\/span>\n\t\t\t\t\t\t\t\t<span class=\"adrasa-btn__icon adrasa-btn__icon--bg\" aria-hidden=\"true\"><\/span>\n\t\t\t\t\t\t\t<\/a>\n\t\t\t\t\t\t\t\t\t\t\t<\/div>\n\n\t\t\t\t\t<div class=\"adrasa-about-purpose-vision__card\">\n\t\t\t\t\t\t<h3 class=\"adrasa-about-purpose-vision__card-title\">Visi\u00f3n, Misi\u00f3n y <em>Valores<\/em><\/h3>\n\n\t\t\t\t\t\t<p class=\"adrasa-about-purpose-vision__card-label\">Nuestra Visi\u00f3n<\/p>\n\t\t\t\t\t\t<p class=\"adrasa-about-purpose-vision__card-text\">Ser la empresa l\u00edder en innovaci\u00f3n y creaci\u00f3n de tecnolog\u00eda en el campo de la qu\u00edmica del acabado textil.<\/p>\n\n\t\t\t\t\t\t<p class=\"adrasa-about-purpose-vision__card-label\">Nuestra Misi\u00f3n<\/p>\n\t\t\t\t\t\t<p class=\"adrasa-about-purpose-vision__card-text\">Brindar asistencia t\u00e9cnica y productos qu\u00edmicos que brinden un alto valor agregado al sector textil, con un fuerte enfoque en la sostenibilidad y la salud humana.<\/p>\n\n\t\t\t\t\t\t<p class=\"adrasa-about-purpose-vision__card-label\">Nuestros Valores<\/p>\n\t\t\t\t\t\t<p class=\"adrasa-about-purpose-vision__card-intro\">Cada proceso y formulaci\u00f3n de ADRASA se gu\u00eda por tres principios fundamentales:<\/p>\n\n\t\t\t\t\t\t\t\t\t\t\t\t\t<ul class=\"adrasa-about-purpose-vision__values-list\">\n\t\t\t\t\t\t\t\t\t\t\t\t\t\t\t\t\t<li>\n\t\t\t\t\t\t\t\t\t\t<strong>Eficiencia empresarial<\/strong>\n\t\t\t\t\t\t\t\t\t\t\t\t\t\t\t\t\t\t\t\t\t<span> - garantizar un rendimiento \u00f3ptimo y un crecimiento responsable.nEfectividad del producto|desarrollar soluciones que logren resultados mensurables y confiables.nSeguridad del producto|garantizar que cada sistema que creamos sea seguro para los usuarios y el medio ambiente.<\/span>\n\t\t\t\t\t\t\t\t\t\t\t\t\t\t\t\t\t\t\t<\/li>\n\t\t\t\t\t\t\t\t\t\t\t\t\t\t\t<\/ul>\n\t\t\t\t\t\t\n\t\t\t\t\t\t\t\t\t\t\t\t\t<a class=\"adrasa-btn adrasa-btn--sm adrasa-about-purpose-vision__btn adrasa-about-purpose-vision__btn--card\" href=\"#\">\n\t\t\t\t\t\t\t\t<span>CONOCE M\u00c1S SOBRE NUESTRA FILOSOF\u00cdA<\/span>\n\t\t\t\t\t\t\t\t<span class=\"adrasa-btn__icon adrasa-btn__icon--bg\" aria-hidden=\"true\"><\/span>\n\t\t\t\t\t\t\t<\/a>\n\t\t\t\t\t\t\t\t\t\t\t<\/div>\n\t\t\t\t<\/div>\n\t\t\t<\/div>\n\t\t<\/section>\n\t\t\t\t\t\t<\/div>\n\t\t\t\t<\/div>\n\t\t\t\t<div class=\"elementor-element elementor-element-b112b40 elementor-widget elementor-widget-adrasa-about-certified-people\" data-id=\"b112b40\" data-element_type=\"widget\" data-e-type=\"widget\" data-widget_type=\"adrasa-about-certified-people.default\">\n\t\t\t\t<div class=\"elementor-widget-container\">\n\t\t\t\t\t\t\t<section class=\"adrasa-about-certified-people\">\n\t\t\t<div class=\"container\">\n\t\t\t\t<div class=\"adrasa-about-certified-people__grid\">\n\t\t\t\t\t<article class=\"adrasa-about-certified-people__col adrasa-about-certified-people__col--left\">\n\t\t\t\t\t\t<h3 class=\"adrasa-about-certified-people__title\"><em>Responsabilidad<\/em> certificada<\/h3>\n\t\t\t\t\t\t<div class=\"adrasa-about-certified-people__text\"><p>ADRASA opera bajo est\u00e1ndares internacionalmente reconocidos que garantizan calidad, protecci\u00f3n ambiental y seguridad en el trabajo: <strong>ISO 9001 \u00b7 ISO 14001 \u00b7 ISO 45001 \u00b7 ZDHC Level 3<\/strong><\/p><p>Cada formulaci\u00f3n refleja nuestro compromiso continuo con la excelencia y la responsabilidad ambiental.<\/p><\/div>\n\t\t\t\t\t\t\t\t\t\t\t\t\t<a class=\"adrasa-btn adrasa-btn--primary adrasa-btn--sm adrasa-about-certified-people__btn\" href=\"#\">\n\t\t\t\t\t\t\t\t<span>VER NUESTRAS CERTIFICACIONES<\/span>\n\t\t\t\t\t\t\t\t<span class=\"adrasa-btn__icon adrasa-btn__icon--bg\" aria-hidden=\"true\"><\/span>\n\t\t\t\t\t\t\t<\/a>\n\t\t\t\t\t\t\t\t\t\t\t\t\t\t\t\t\t\t\t<div class=\"adrasa-about-certified-people__image-wrap\" style=\"--adrasa-acp-image-bg: url(&#039;https:\/\/www.adrasa.com\/wp-content\/uploads\/2026\/03\/about-people-img-1.png&#039;); --adrasa-acp-image-position: left center\"><\/div>\n\t\t\t\t\t\t\t\t\t\t\t<\/article>\n\n\t\t\t\t\t<article class=\"adrasa-about-certified-people__col adrasa-about-certified-people__col--right\">\n\t\t\t\t\t\t<h3 class=\"adrasa-about-certified-people__title\">Personas y <em>colaboraci\u00f3n<\/em><\/h3>\n\t\t\t\t\t\t<div class=\"adrasa-about-certified-people__text\"><p>Detr\u00e1s de cada f\u00f3rmula hay un equipo comprometido con la innovaci\u00f3n y la confianza.<\/p><p>Los expertos de ADRASA combinan conocimiento textil, qu\u00edmica y experiencia regulatoria para crear soluciones adaptadas a las necesidades de cada cliente.<\/p><\/div>\n\t\t\t\t\t\t\t\t\t\t\t\t\t<a class=\"adrasa-btn adrasa-btn--outline adrasa-btn--sm adrasa-about-certified-people__btn adrasa-about-certified-people__btn--cyan\" href=\"#\">\n\t\t\t\t\t\t\t\t<span>CONOCE A NUESTRO EQUIPO<\/span>\n\t\t\t\t\t\t\t\t<span class=\"adrasa-btn__icon adrasa-btn__icon--bg\" aria-hidden=\"true\"><\/span>\n\t\t\t\t\t\t\t<\/a>\n\t\t\t\t\t\t\t\t\t\t\t\t\t\t\t\t\t\t\t<div class=\"adrasa-about-certified-people__image-wrap\" style=\"--adrasa-acp-image-bg: url(&#039;https:\/\/www.adrasa.com\/wp-content\/uploads\/2026\/03\/about-people-img-2.png&#039;); --adrasa-acp-image-position: center center\"><\/div>\n\t\t\t\t\t\t\t\t\t\t\t<\/article>\n\t\t\t\t<\/div>\n\t\t\t<\/div>\n\t\t<\/section>\n\t\t\t\t\t\t<\/div>\n\t\t\t\t<\/div>\n\t\t\t\t\t<\/div>\n\t\t\t\t<\/div>\n\t\t<div class=\"elementor-element elementor-element-3c40209d e-flex e-con-boxed e-con e-parent\" data-id=\"3c40209d\" data-element_type=\"container\" data-e-type=\"container\" data-settings=\"{&quot;background_background&quot;:&quot;classic&quot;}\">\n\t\t\t\t\t<div class=\"e-con-inner\">\n\t\t\t\t<div class=\"elementor-element elementor-element-5a62973 elementor-widget elementor-widget-adrasa-hero\" data-id=\"5a62973\" data-element_type=\"widget\" data-e-type=\"widget\" data-widget_type=\"adrasa-hero.default\">\n\t\t\t\t<div class=\"elementor-widget-container\">\n\t\t\t\t\t\t\t<section class=\"adrasa-hero adrasa-hero--center\">\n\t\t\t<div class=\"container\">\n\t\t\t\t<div class=\"adrasa-hero__grid\">\n\t\t\t\t\t<div class=\"adrasa-hero__block adrasa-hero__block--top\">\n\n\t\t\t\t\t\t\n\t\t\t\t\t\t\t\t\t<h2 class=\"adrasa-hero__title adrasa-hero__title--stacked\">\n\t\t\t\t\t\t\t<span class=\"adrasa-hero__title-line\">\u00danete a nuestra <span class=\"adrasa-hero__title-italic\">misi\u00f3n<\/span><\/span>\n\t\t\t\t\t\t<\/h2>\n\t\t\n\t\t\t\t\t\t\t\n\t\t\t\t\t\t\t\t\t\t\t\t\t\t\t<div class=\"adrasa-hero__desc-block\"><p>Buscamos personas que compartan nuestra curiosidad, precisi\u00f3n y compromiso con un futuro textil sostenible.<\/p><\/div>\n\t\t\t\t\t\t\t\n\t\t\t\t\t\t\t\t\t\t\t\t\t\t\t\t<div class=\"adrasa-hero__buttons\" aria-label=\"Llamadas a la acci\u00f3n\">\n\t\t\t\t\t\t\t\t\t\t\t<a href=\"https:\/\/www.adrasa.com\/es\/sobre-adrasa\/carreras\/\"\n\t\t\t\t\tclass=\"adrasa-hero__btn adrasa-hero__btn--tertiary\">\n\t\t\t\t\t<span class=\"adrasa-hero__btn-text\">Explora carreras<\/span>\n\n\t\t\t\t\t\t\t\t\t\t\t<span class=\"adrasa-hero__btn-icon\" aria-hidden=\"true\">\n\t\t\t\t\t\t\t<img decoding=\"async\" src=\"https:\/\/www.adrasa.com\/wp-content\/uploads\/2026\/01\/arrow-up-right-white.svg\" alt=\"\" \/>\n\t\t\t\t\t\t<\/span>\n\t\t\t\t\t\t\t\t\t<\/a>\n\t\t\t\t\t<\/div>\n\t\t\n\t\t\t\t\t\t\n\t\t\t\t\t<\/div>\n\n\t\t\t\t\t<div class=\"adrasa-hero__block adrasa-hero__block--bottom\"><\/div>\n\t\t\t\t<\/div>\n\t\t\t<\/div>\n\t\t<\/section>\n\t\t\t\t\t\t<\/div>\n\t\t\t\t<\/div>\n\t\t\t\t\t<\/div>\n\t\t\t\t<\/div>\n\t\t\t\t<\/div>\n\t\t","protected":false},"excerpt":{"rendered":"","protected":false},"author":0,"featured_media":0,"parent":0,"menu_order":0,"comment_status":"closed","ping_status":"closed","template":"elementor_header_footer","meta":{"_acf_changed":false,"footnotes":""},"class_list":["post-2528","page","type-page","status-publish","hentry"],"acf":[],"yoast_head":"<!-- This site is optimized with the Yoast SEO plugin v27.4 - https:\/\/yoast.com\/product\/yoast-seo-wordpress\/ -->\n<title>Sobre ADRASA - ADRASA - Assessors Del Ram d&#039;Aigua, S.A.<\/title>\n<meta name=\"robots\" content=\"index, follow, max-snippet:-1, max-image-preview:large, max-video-preview:-1\" \/>\n<link rel=\"canonical\" href=\"https:\/\/www.adrasa.com\/es\/sobre-adrasa\/\" \/>\n<meta property=\"og:locale\" content=\"es_ES\" \/>\n<meta property=\"og:type\" content=\"article\" \/>\n<meta property=\"og:title\" content=\"Sobre ADRASA - ADRASA - Assessors Del Ram d&#039;Aigua, S.A.\" \/>\n<meta property=\"og:url\" content=\"https:\/\/www.adrasa.com\/es\/sobre-adrasa\/\" \/>\n<meta property=\"og:site_name\" content=\"ADRASA - Assessors Del Ram d&#039;Aigua, S.A.\" \/>\n<meta property=\"og:image\" content=\"https:\/\/www.adrasa.com\/wp-content\/uploads\/2026\/04\/adrasa-banner.jpg\" \/>\n\t<meta property=\"og:image:width\" content=\"1200\" \/>\n\t<meta property=\"og:image:height\" content=\"675\" \/>\n\t<meta property=\"og:image:type\" content=\"image\/jpeg\" \/>\n<meta name=\"twitter:card\" content=\"summary_large_image\" \/>\n<script type=\"application\/ld+json\" class=\"yoast-schema-graph\">{\"@context\":\"https:\\\/\\\/schema.org\",\"@graph\":[{\"@type\":\"WebPage\",\"@id\":\"https:\\\/\\\/www.adrasa.com\\\/es\\\/sobre-adrasa\\\/\",\"url\":\"https:\\\/\\\/www.adrasa.com\\\/es\\\/sobre-adrasa\\\/\",\"name\":\"Sobre ADRASA - ADRASA - Assessors Del Ram d&#039;Aigua, S.A.\",\"isPartOf\":{\"@id\":\"https:\\\/\\\/www.adrasa.com\\\/es\\\/#website\"},\"datePublished\":\"2026-04-14T07:19:37+00:00\",\"breadcrumb\":{\"@id\":\"https:\\\/\\\/www.adrasa.com\\\/es\\\/sobre-adrasa\\\/#breadcrumb\"},\"inLanguage\":\"es\",\"potentialAction\":[{\"@type\":\"ReadAction\",\"target\":[\"https:\\\/\\\/www.adrasa.com\\\/es\\\/sobre-adrasa\\\/\"]}]},{\"@type\":\"BreadcrumbList\",\"@id\":\"https:\\\/\\\/www.adrasa.com\\\/es\\\/sobre-adrasa\\\/#breadcrumb\",\"itemListElement\":[{\"@type\":\"ListItem\",\"position\":1,\"name\":\"Portada\",\"item\":\"https:\\\/\\\/www.adrasa.com\\\/es\\\/\"},{\"@type\":\"ListItem\",\"position\":2,\"name\":\"Sobre ADRASA\"}]},{\"@type\":\"WebSite\",\"@id\":\"https:\\\/\\\/www.adrasa.com\\\/es\\\/#website\",\"url\":\"https:\\\/\\\/www.adrasa.com\\\/es\\\/\",\"name\":\"Adrasa, Sustainable textile finishing, from lab to scale\",\"description\":\"Sustainable textile finishing, from lab to scale\",\"publisher\":{\"@id\":\"https:\\\/\\\/www.adrasa.com\\\/es\\\/#organization\"},\"alternateName\":\"ADRASA (Assessors del Ram D'Aigua, S.A.)\",\"potentialAction\":[{\"@type\":\"SearchAction\",\"target\":{\"@type\":\"EntryPoint\",\"urlTemplate\":\"https:\\\/\\\/www.adrasa.com\\\/es\\\/?s={search_term_string}\"},\"query-input\":{\"@type\":\"PropertyValueSpecification\",\"valueRequired\":true,\"valueName\":\"search_term_string\"}}],\"inLanguage\":\"es\"},{\"@type\":\"Organization\",\"@id\":\"https:\\\/\\\/www.adrasa.com\\\/es\\\/#organization\",\"name\":\"Adrasa, Sustainable textile finishing, from lab to scale\",\"url\":\"https:\\\/\\\/www.adrasa.com\\\/es\\\/\",\"logo\":{\"@type\":\"ImageObject\",\"inLanguage\":\"es\",\"@id\":\"https:\\\/\\\/www.adrasa.com\\\/es\\\/#\\\/schema\\\/logo\\\/image\\\/\",\"url\":\"https:\\\/\\\/www.adrasa.com\\\/wp-content\\\/uploads\\\/2025\\\/12\\\/logo_ADRASA_claim.webp\",\"contentUrl\":\"https:\\\/\\\/www.adrasa.com\\\/wp-content\\\/uploads\\\/2025\\\/12\\\/logo_ADRASA_claim.webp\",\"width\":578,\"height\":122,\"caption\":\"Adrasa, Sustainable textile finishing, from lab to scale\"},\"image\":{\"@id\":\"https:\\\/\\\/www.adrasa.com\\\/es\\\/#\\\/schema\\\/logo\\\/image\\\/\"},\"sameAs\":[\"https:\\\/\\\/www.instagram.com\\\/adrasa_textile_finishing\\\/\"]}]}<\/script>\n<!-- \/ Yoast SEO plugin. -->","yoast_head_json":{"title":"Sobre ADRASA - ADRASA - Assessors Del Ram d&#039;Aigua, S.A.","robots":{"index":"index","follow":"follow","max-snippet":"max-snippet:-1","max-image-preview":"max-image-preview:large","max-video-preview":"max-video-preview:-1"},"canonical":"https:\/\/www.adrasa.com\/es\/sobre-adrasa\/","og_locale":"es_ES","og_type":"article","og_title":"Sobre ADRASA - ADRASA - Assessors Del Ram d&#039;Aigua, S.A.","og_url":"https:\/\/www.adrasa.com\/es\/sobre-adrasa\/","og_site_name":"ADRASA - Assessors Del Ram d&#039;Aigua, S.A.","og_image":[{"width":1200,"height":675,"url":"https:\/\/www.adrasa.com\/wp-content\/uploads\/2026\/04\/adrasa-banner.jpg","type":"image\/jpeg"}],"twitter_card":"summary_large_image","schema":{"@context":"https:\/\/schema.org","@graph":[{"@type":"WebPage","@id":"https:\/\/www.adrasa.com\/es\/sobre-adrasa\/","url":"https:\/\/www.adrasa.com\/es\/sobre-adrasa\/","name":"Sobre ADRASA - ADRASA - Assessors Del Ram d&#039;Aigua, S.A.","isPartOf":{"@id":"https:\/\/www.adrasa.com\/es\/#website"},"datePublished":"2026-04-14T07:19:37+00:00","breadcrumb":{"@id":"https:\/\/www.adrasa.com\/es\/sobre-adrasa\/#breadcrumb"},"inLanguage":"es","potentialAction":[{"@type":"ReadAction","target":["https:\/\/www.adrasa.com\/es\/sobre-adrasa\/"]}]},{"@type":"BreadcrumbList","@id":"https:\/\/www.adrasa.com\/es\/sobre-adrasa\/#breadcrumb","itemListElement":[{"@type":"ListItem","position":1,"name":"Portada","item":"https:\/\/www.adrasa.com\/es\/"},{"@type":"ListItem","position":2,"name":"Sobre ADRASA"}]},{"@type":"WebSite","@id":"https:\/\/www.adrasa.com\/es\/#website","url":"https:\/\/www.adrasa.com\/es\/","name":"Adrasa, Sustainable textile finishing, from lab to scale","description":"Sustainable textile finishing, from lab to scale","publisher":{"@id":"https:\/\/www.adrasa.com\/es\/#organization"},"alternateName":"ADRASA (Assessors del Ram D'Aigua, S.A.)","potentialAction":[{"@type":"SearchAction","target":{"@type":"EntryPoint","urlTemplate":"https:\/\/www.adrasa.com\/es\/?s={search_term_string}"},"query-input":{"@type":"PropertyValueSpecification","valueRequired":true,"valueName":"search_term_string"}}],"inLanguage":"es"},{"@type":"Organization","@id":"https:\/\/www.adrasa.com\/es\/#organization","name":"Adrasa, Sustainable textile finishing, from lab to scale","url":"https:\/\/www.adrasa.com\/es\/","logo":{"@type":"ImageObject","inLanguage":"es","@id":"https:\/\/www.adrasa.com\/es\/#\/schema\/logo\/image\/","url":"https:\/\/www.adrasa.com\/wp-content\/uploads\/2025\/12\/logo_ADRASA_claim.webp","contentUrl":"https:\/\/www.adrasa.com\/wp-content\/uploads\/2025\/12\/logo_ADRASA_claim.webp","width":578,"height":122,"caption":"Adrasa, Sustainable textile finishing, from lab to scale"},"image":{"@id":"https:\/\/www.adrasa.com\/es\/#\/schema\/logo\/image\/"},"sameAs":["https:\/\/www.instagram.com\/adrasa_textile_finishing\/"]}]}},"_links":{"self":[{"href":"https:\/\/www.adrasa.com\/es\/wp-json\/wp\/v2\/pages\/2528","targetHints":{"allow":["GET"]}}],"collection":[{"href":"https:\/\/www.adrasa.com\/es\/wp-json\/wp\/v2\/pages"}],"about":[{"href":"https:\/\/www.adrasa.com\/es\/wp-json\/wp\/v2\/types\/page"}],"replies":[{"embeddable":true,"href":"https:\/\/www.adrasa.com\/es\/wp-json\/wp\/v2\/comments?post=2528"}],"version-history":[{"count":0,"href":"https:\/\/www.adrasa.com\/es\/wp-json\/wp\/v2\/pages\/2528\/revisions"}],"wp:attachment":[{"href":"https:\/\/www.adrasa.com\/es\/wp-json\/wp\/v2\/media?parent=2528"}],"curies":[{"name":"wp","href":"https:\/\/api.w.org\/{rel}","templated":true}]}}