{"id":2320,"date":"2026-03-06T09:16:03","date_gmt":"2026-03-06T08:16:03","guid":{"rendered":"https:\/\/www.adrasa.com\/recursos\/seminarios-web\/"},"modified":"2026-04-13T13:00:26","modified_gmt":"2026-04-13T11:00:26","slug":"seminarios-web","status":"publish","type":"page","link":"https:\/\/www.adrasa.com\/es\/recursos\/seminarios-web\/","title":{"rendered":"Seminarios web"},"content":{"rendered":"\t\t<div data-elementor-type=\"wp-page\" data-elementor-id=\"2320\" class=\"elementor elementor-2320 elementor-1575\" data-elementor-post-type=\"page\">\n\t\t\t\t<div class=\"elementor-element elementor-element-bce59de e-flex e-con-boxed e-con e-parent\" data-id=\"bce59de\" data-element_type=\"container\" data-e-type=\"container\" data-settings=\"{&quot;background_background&quot;:&quot;classic&quot;}\">\n\t\t\t\t\t<div class=\"e-con-inner\">\n\t\t\t\t<div class=\"elementor-element elementor-element-2ef4a868 elementor-widget__width-initial elementor-widget elementor-widget-adrasa-hero\" data-id=\"2ef4a868\" data-element_type=\"widget\" data-e-type=\"widget\" data-widget_type=\"adrasa-hero.default\">\n\t\t\t\t<div class=\"elementor-widget-container\">\n\t\t\t\t\t\t\t<section class=\"adrasa-hero adrasa-hero--feature-card\">\n\t\t\t<div class=\"container\">\n\t\t\t\t<div class=\"adrasa-hero__grid\">\n\t\t\t\t\t<div class=\"adrasa-hero__block adrasa-hero__block--top\">\n\n\t\t\t\t\t\t\n\t\t\t\t\t\t\t\t\n\t\t\t\t\t\t\t\t<div class=\"adrasa-hero__feature-row\">\n\t\t\t\t\t\t\t\t\t<div class=\"adrasa-hero__feature-left\">\n\t\t\t\t\t\t\t\t\t\t\t\t<h1 class=\"adrasa-hero__title adrasa-hero__title--stacked\">\n\t\t\t\t\t\t\t<span class=\"adrasa-hero__title-line\">Seminarios web y sesiones de <span class=\"adrasa-hero__title-italic\">formaci\u00f3n<\/span><\/span>\n\t\t\t\t\t\t<\/h1>\n\t\t\n\t\t\t\t\t\t\t\t\t\t\n\t\t\t\t\t\t\t\t\t\t\t\t\t\t\t\t\t\t\t\t\t<div class=\"adrasa-hero__desc-block\"><p>Explore los seminarios web de ADRASA sobre qu\u00edmica textil sostenible, innovaci\u00f3n de procesos y tecnolog\u00edas ecoeficientes.<\/p><p>Aprenda directamente de nuestros expertos en I+D y socios de la industria a trav\u00e9s de sesiones pr\u00e1cticas basadas en datos dise\u00f1adas para profesionales textiles.<\/p><\/div>\n\t\t\t\t\t\t\t\t\t\t\t\t\t\t\t\t\t\t\t<\/div>\n\n\t\t\t\t\t\t\t\t\t<div class=\"adrasa-hero__feature-card\" style=\"background-image:url(https:\/\/www.adrasa.com\/wp-content\/uploads\/2026\/03\/bg-2.png);\">\n\t\t\t\t\t\t\t\t\t\t\t\t\t\t\t\t\t\t\t\t\t<div class=\"adrasa-hero__feature-card-kicker\">\n\t\t\t\t\t\t\t\t\t\t\t\t<span class=\"adrasa-hero__feature-card-kicker-pill\">Presentado<\/span>\n\t\t\t\t\t\t\t\t\t\t\t<\/div>\n\t\t\t\t\t\t\t\t\t\t\n\t\t\t\t\t\t\t\t\t\t\t\t\t\t\t\t\t\t\t\t\t<div class=\"adrasa-hero__feature-card-title\">\n\t\t\t\t\t\t\t\t\t\t\t\t\t\t<h1 class=\"adrasa-hero__title adrasa-hero__title--stacked\">\n\t\t\t\t\t\t\t<span class=\"adrasa-hero__title-line\"><span class=\"adrasa-hero__title-italic\">Sistemas<\/span> de acabado <span class=\"adrasa-hero__title-italic\">sostenibles<\/span>:<\/span>\n\t\t\t\t\t\t\t\t<span class=\"adrasa-hero__title-line\">Del laboratorio a la industria<\/span>\n\t\t\t\t\t\t<\/h1>\n\t\t\t\t\t\t\t\t\t\t\t\t\t<\/div>\n\t\t\t\t\t\t\t\t\t\t\n\t\t\t\t\t\t\t\t\t\t\t\t\t\t\t\t\t\t\t\t\t<div class=\"adrasa-hero__desc-block\">Una sesi\u00f3n t\u00e9cnica en profundidad sobre tecnolog\u00edas sin PFAS, sistemas de tintura energ\u00e9ticamente eficientes y auxiliares con certificaci\u00f3n ecol\u00f3gica.<\/div>\n\t\t\t\t\t\t\t\t\t\t\n\t\t\t\t\t\t\t\t\t\t<div class=\"adrasa-hero__feature-card-cta-row\">\n\t\t\t\t\t\t\t\t\t\t\t\t\t\t\t\t\t\t\t\t\t\t\t\t\t\t<div class=\"adrasa-hero__buttons\" aria-label=\"Llamadas a la acci\u00f3n\">\n\t\t\t\t\t\t\t\t\t\t\t<a href=\"#industries\"\n\t\t\t\t\tclass=\"adrasa-hero__btn adrasa-hero__btn--primary\">\n\t\t\t\t\t<span class=\"adrasa-hero__btn-text\">Ver grabaci\u00f3n<\/span>\n\n\t\t\t\t\t\t\t\t\t\t\t<span class=\"adrasa-hero__btn-icon\" aria-hidden=\"true\">\n\t\t\t\t\t\t\t<img decoding=\"async\" src=\"https:\/\/www.adrasa.com\/wp-content\/uploads\/2026\/02\/arrow-up-right-white.svg\" alt=\"\" \/>\n\t\t\t\t\t\t<\/span>\n\t\t\t\t\t\t\t\t\t<\/a>\n\t\t\t\t\t<\/div>\n\t\t\t\t\t\t\t\t\t\t\t\t\t\n\t\t\t\t\t\t\t\t\t\t\t\t\t\t\t\t\t\t\t\t\t\t\t<div class=\"adrasa-hero__feature-card-date\">Fecha: 14 de marzo de 2025<\/div>\n\t\t\t\t\t\t\t\t\t\t\t\t\t\t\t\t\t\t\t\t\t<\/div>\n\t\t\t\t\t\t\t\t\t<\/div>\n\t\t\t\t\t\t\t\t<\/div>\n\n\t\t\t\t\t\t\t\t\n\t\t\t\t\t\t\t\n\t\t\t\t\t<\/div>\n\n\t\t\t\t\t<div class=\"adrasa-hero__block adrasa-hero__block--bottom\"><\/div>\n\t\t\t\t<\/div>\n\t\t\t<\/div>\n\t\t<\/section>\n\t\t\t\t\t\t<\/div>\n\t\t\t\t<\/div>\n\t\t\t\t<div class=\"elementor-element elementor-element-7e0724f elementor-widget elementor-widget-adrasa-webinars-filter-grid\" data-id=\"7e0724f\" data-element_type=\"widget\" data-e-type=\"widget\" data-widget_type=\"adrasa-webinars-filter-grid.default\">\n\t\t\t\t<div class=\"elementor-widget-container\">\n\t\t\t\t\t\t\t<section class=\"adrasa-downloads-filter-grid adrasa-downloads-filter-grid--webinars has-panel-bg-image has-card-bg-image\" data-adrasa-downloads-grid>\n\t\t\t<div class=\"adrasa-downloads-filter-grid__filters\" role=\"toolbar\" aria-label=\"Document filters\">\n\t\t\t\t<div class=\"adrasa-downloads-filter-grid__filters-mobile-bar\">\n\t\t\t\t\t<button type=\"button\" class=\"adrasa-downloads-filter-grid__filter-pill is-active adrasa-downloads-filter-grid__mobile-current\" data-adrasa-mobile-current data-filter=\"all\">Ver todo<\/button>\n\t\t\t\t\t<button type=\"button\" class=\"adrasa-downloads-filter-grid__mobile-open\" data-adrasa-mobile-open aria-expanded=\"false\" aria-label=\"Open filters\">\n\t\t\t\t\t\t\t\t\t\t\t\t\t<img decoding=\"async\" src=\"https:\/\/www.adrasa.com\/wp-content\/uploads\/2026\/03\/bar-chart-2.svg\" alt=\"\" loading=\"lazy\" \/>\n\t\t\t\t\t\t\t\t\t\t\t<\/button>\n\t\t\t\t<\/div>\n\t\t\t\t<button type=\"button\" class=\"adrasa-downloads-filter-grid__reset adrasa-downloads-filter-grid__reset-mobile-inline\" data-adrasa-filter-reset>Restablecer todos los filtros<\/button>\n\t\t\t\t<div class=\"adrasa-downloads-filter-grid__filters-desktop\">\n\t\t\t\t\t<div class=\"adrasa-downloads-filter-grid__filter-list\" data-adrasa-filter-list>\n\t\t\t\t\t\t<button type=\"button\" class=\"adrasa-downloads-filter-grid__filter-pill is-active\" data-filter=\"all\">Ver todo<\/button>\n\t\t\t\t\t\t\t\t\t\t\t\t\t<button type=\"button\" class=\"adrasa-downloads-filter-grid__filter-pill\" data-filter=\"grabado\">Grabado<\/button>\n\t\t\t\t\t\t\t\t\t\t\t\t\t<button type=\"button\" class=\"adrasa-downloads-filter-grid__filter-pill\" data-filter=\"en-directo\">En directo<\/button>\n\t\t\t\t\t\t\t\t\t\t\t<\/div>\n\t\t\t\t\t<button type=\"button\" class=\"adrasa-downloads-filter-grid__reset\" data-adrasa-filter-reset>Restablecer todos los filtros<\/button>\n\t\t\t\t<\/div>\n\t\t\t<\/div>\n\n\t\t\t<div class=\"adrasa-downloads-filter-grid__mobile-drawer\" data-adrasa-mobile-drawer hidden>\n\t\t\t\t<button type=\"button\" class=\"adrasa-downloads-filter-grid__mobile-close\" data-adrasa-mobile-close aria-label=\"Close filters\">\n\t\t\t\t\t\t\t\t\t\t\t<img decoding=\"async\" src=\"https:\/\/www.adrasa.com\/wp-content\/uploads\/2025\/12\/close-button.svg\" alt=\"\" loading=\"lazy\" \/>\n\t\t\t\t\t\t\t\t\t<\/button>\n\t\t\t\t<div class=\"adrasa-downloads-filter-grid__mobile-list\">\n\t\t\t\t\t<button type=\"button\" class=\"adrasa-downloads-filter-grid__filter-pill is-active\" data-filter=\"all\">Ver todo<\/button>\n\t\t\t\t\t\t\t\t\t\t\t<button type=\"button\" class=\"adrasa-downloads-filter-grid__filter-pill\" data-filter=\"grabado\">Grabado<\/button>\n\t\t\t\t\t\t\t\t\t\t\t<button type=\"button\" class=\"adrasa-downloads-filter-grid__filter-pill\" data-filter=\"en-directo\">En directo<\/button>\n\t\t\t\t\t\t\t\t\t<\/div>\n\t\t\t\t<button type=\"button\" class=\"adrasa-downloads-filter-grid__reset adrasa-downloads-filter-grid__reset-mobile-bottom\" data-adrasa-filter-reset>Restablecer todos los filtros<\/button>\n\t\t\t<\/div>\n\n\t\t\t<div class=\"adrasa-downloads-filter-grid__grid\" data-adrasa-grid-list>\n\t\t\t\t\t\t\t\t\t\t\t\t\t\t<article class=\"adrasa-downloads-filter-grid__card\" data-card-terms=\"grabado\">\n\t\t\t\t\t\t<h3 class=\"adrasa-downloads-filter-grid__card-title\">Qu\u00edmica inteligente para textiles m\u00e1s inteligentes<\/h3>\n\t\t\t\t\t\t<p class=\"adrasa-downloads-filter-grid__card-text\">\n\t\t\t\t\t\t\tIntegraci\u00f3n de formulaci\u00f3n impulsada por IA y monitoreo de procesos digitales.\t\t\t\t\t\t\t\t\t\t\t\t\t\t\t<span class=\"adrasa-downloads-filter-grid__card-text-date\">Grabado el 6 de marzo de 2026<\/span>\n\t\t\t\t\t\t\t\t\t\t\t\t\t<\/p>\n\t\t\t\t\t\t<div class=\"adrasa-downloads-filter-grid__card-foot\">\n\t\t\t\t\t\t\t\t\t\t\t\t\t\t\t<a class=\"adrasa-downloads-filter-grid__download-pill\" href=\"https:\/\/www.adrasa.com\/es\/resource\/quimica-inteligente-para-textiles-mas-inteligentes\/\" target=\"_blank\" rel=\"noopener\">Ver grabaci\u00f3n<\/a>\n\t\t\t\t\t\t\t\t\t\t\t\t\t<\/div>\n\t\t\t\t\t<\/article>\n\t\t\t\t\t\t\t\t\t\t\t\t\t\t<article class=\"adrasa-downloads-filter-grid__card\" data-card-terms=\"en-directo\">\n\t\t\t\t\t\t<h3 class=\"adrasa-downloads-filter-grid__card-title\">De los fluorocarbonos a la qu\u00edmica del futuro<\/h3>\n\t\t\t\t\t\t<p class=\"adrasa-downloads-filter-grid__card-text\">\n\t\t\t\t\t\t\tTransici\u00f3n hacia tecnolog\u00edas sin PFAS: retos, resultados y validaci\u00f3n industrial.\t\t\t\t\t\t\t\t\t\t\t\t\t\t\t<span class=\"adrasa-downloads-filter-grid__card-text-date\">Grabado el 10 de enero de 2026<\/span>\n\t\t\t\t\t\t\t\t\t\t\t\t\t<\/p>\n\t\t\t\t\t\t<div class=\"adrasa-downloads-filter-grid__card-foot\">\n\t\t\t\t\t\t\t\t\t\t\t\t\t\t\t<a class=\"adrasa-downloads-filter-grid__download-pill\" href=\"https:\/\/www.adrasa.com\/es\/resource\/de-los-fluorocarbonos-a-la-quimica-del-futuro\/\" target=\"_blank\" rel=\"noopener\">Ver grabaci\u00f3n<\/a>\n\t\t\t\t\t\t\t\t\t\t\t\t\t<\/div>\n\t\t\t\t\t<\/article>\n\t\t\t\t\t\t\t<\/div>\n\n\t\t\t<p class=\"adrasa-downloads-filter-grid__empty\" data-adrasa-empty hidden>No se encontraron seminarios web para este filtro.<\/p>\n\t\t<\/section>\n\t\t\t\t\t\t<\/div>\n\t\t\t\t<\/div>\n\t\t\t\t\t<\/div>\n\t\t\t\t<\/div>\n\t\t<div class=\"elementor-element elementor-element-79142274 e-flex e-con-boxed e-con e-parent\" data-id=\"79142274\" data-element_type=\"container\" data-e-type=\"container\" data-settings=\"{&quot;background_background&quot;:&quot;classic&quot;}\">\n\t\t\t\t\t<div class=\"e-con-inner\">\n\t\t\t\t<div class=\"elementor-element elementor-element-23641898 elementor-widget elementor-widget-adrasa-hero\" data-id=\"23641898\" data-element_type=\"widget\" data-e-type=\"widget\" data-widget_type=\"adrasa-hero.default\">\n\t\t\t\t<div class=\"elementor-widget-container\">\n\t\t\t\t\t\t\t<section class=\"adrasa-hero adrasa-hero--center\">\n\t\t\t<div class=\"container\">\n\t\t\t\t<div class=\"adrasa-hero__grid\">\n\t\t\t\t\t<div class=\"adrasa-hero__block adrasa-hero__block--top\">\n\n\t\t\t\t\t\t\n\t\t\t\t\t\t\t\t\t<h2 class=\"adrasa-hero__title adrasa-hero__title--stacked\">\n\t\t\t\t\t\t\t<span class=\"adrasa-hero__title-line\">Quieres <span class=\"adrasa-hero__title-italic\">unirte a nuestro pr\u00f3ximo<\/span> seminario web?<\/span>\n\t\t\t\t\t\t<\/h2>\n\t\t\n\t\t\t\t\t\t\t\n\t\t\t\t\t\t\t\n\t\t\t\t\t\t\t\t\t\t\t\t\t\t\t\t<div class=\"adrasa-hero__buttons\" aria-label=\"Llamadas a la acci\u00f3n\">\n\t\t\t\t\t\t\t\t\t\t\t<a href=\"#subscribe\"\n\t\t\t\t\tclass=\"adrasa-hero__btn adrasa-hero__btn--tertiary\">\n\t\t\t\t\t<span class=\"adrasa-hero__btn-text\">Suscr\u00edbete a las actualizaciones de ADRASA<\/span>\n\n\t\t\t\t\t\t\t\t\t\t\t<span class=\"adrasa-hero__btn-icon\" aria-hidden=\"true\">\n\t\t\t\t\t\t\t<img decoding=\"async\" src=\"https:\/\/www.adrasa.com\/wp-content\/uploads\/2026\/01\/arrow-up-right-white.svg\" alt=\"\" \/>\n\t\t\t\t\t\t<\/span>\n\t\t\t\t\t\t\t\t\t<\/a>\n\t\t\t\t\t<\/div>\n\t\t\n\t\t\t\t\t\t\n\t\t\t\t\t<\/div>\n\n\t\t\t\t\t<div class=\"adrasa-hero__block adrasa-hero__block--bottom\"><\/div>\n\t\t\t\t<\/div>\n\t\t\t<\/div>\n\t\t<\/section>\n\t\t\t\t\t\t<\/div>\n\t\t\t\t<\/div>\n\t\t\t\t\t<\/div>\n\t\t\t\t<\/div>\n\t\t\t\t<\/div>\n\t\t","protected":false},"excerpt":{"rendered":"<p>Seminarios web y sesiones de formaci\u00f3n Explore los seminarios web de ADRASA sobre qu\u00edmica textil sostenible, innovaci\u00f3n de procesos y tecnolog\u00edas ecoeficientes. Aprenda directamente de nuestros expertos en I+D y socios de la industria a trav\u00e9s de sesiones pr\u00e1cticas basadas en datos dise\u00f1adas para profesionales textiles. Presentado De los fluorocarbonos a la qu\u00edmica del futuro [&hellip;]<\/p>\n","protected":false},"author":0,"featured_media":0,"parent":2314,"menu_order":0,"comment_status":"closed","ping_status":"closed","template":"elementor_header_footer","meta":{"_acf_changed":false,"footnotes":""},"class_list":["post-2320","page","type-page","status-publish","hentry"],"acf":[],"yoast_head":"<!-- This site is optimized with the Yoast SEO plugin v27.4 - https:\/\/yoast.com\/product\/yoast-seo-wordpress\/ -->\n<title>Seminarios web - ADRASA - Assessors Del Ram d&#039;Aigua, S.A.<\/title>\n<meta name=\"robots\" content=\"index, follow, max-snippet:-1, max-image-preview:large, max-video-preview:-1\" \/>\n<link rel=\"canonical\" href=\"https:\/\/www.adrasa.com\/es\/recursos\/seminarios-web\/\" \/>\n<meta property=\"og:locale\" content=\"es_ES\" \/>\n<meta property=\"og:type\" content=\"article\" \/>\n<meta property=\"og:title\" content=\"Seminarios web - ADRASA - Assessors Del Ram d&#039;Aigua, S.A.\" \/>\n<meta property=\"og:description\" content=\"Seminarios web y sesiones de formaci\u00f3n Explore los seminarios web de ADRASA sobre qu\u00edmica textil sostenible, innovaci\u00f3n de procesos y tecnolog\u00edas ecoeficientes. Aprenda directamente de nuestros expertos en I+D y socios de la industria a trav\u00e9s de sesiones pr\u00e1cticas basadas en datos dise\u00f1adas para profesionales textiles. Presentado De los fluorocarbonos a la qu\u00edmica del futuro [&hellip;]\" \/>\n<meta property=\"og:url\" content=\"https:\/\/www.adrasa.com\/es\/recursos\/seminarios-web\/\" \/>\n<meta property=\"og:site_name\" content=\"ADRASA - Assessors Del Ram d&#039;Aigua, S.A.\" \/>\n<meta property=\"article:modified_time\" content=\"2026-04-13T11:00:26+00:00\" \/>\n<meta property=\"og:image\" content=\"https:\/\/www.adrasa.com\/wp-content\/uploads\/2026\/02\/arrow-up-right-white.svg\" \/>\n<meta name=\"twitter:card\" content=\"summary_large_image\" \/>\n<meta name=\"twitter:label1\" content=\"Tiempo de lectura\" \/>\n\t<meta name=\"twitter:data1\" content=\"1 minuto\" \/>\n<script type=\"application\/ld+json\" class=\"yoast-schema-graph\">{\"@context\":\"https:\\\/\\\/schema.org\",\"@graph\":[{\"@type\":\"WebPage\",\"@id\":\"https:\\\/\\\/www.adrasa.com\\\/es\\\/recursos\\\/seminarios-web\\\/\",\"url\":\"https:\\\/\\\/www.adrasa.com\\\/es\\\/recursos\\\/seminarios-web\\\/\",\"name\":\"Seminarios web - ADRASA - Assessors Del Ram d&#039;Aigua, S.A.\",\"isPartOf\":{\"@id\":\"https:\\\/\\\/www.adrasa.com\\\/es\\\/#website\"},\"primaryImageOfPage\":{\"@id\":\"https:\\\/\\\/www.adrasa.com\\\/es\\\/recursos\\\/seminarios-web\\\/#primaryimage\"},\"image\":{\"@id\":\"https:\\\/\\\/www.adrasa.com\\\/es\\\/recursos\\\/seminarios-web\\\/#primaryimage\"},\"thumbnailUrl\":\"https:\\\/\\\/www.adrasa.com\\\/wp-content\\\/uploads\\\/2026\\\/02\\\/arrow-up-right-white.svg\",\"datePublished\":\"2026-03-06T08:16:03+00:00\",\"dateModified\":\"2026-04-13T11:00:26+00:00\",\"breadcrumb\":{\"@id\":\"https:\\\/\\\/www.adrasa.com\\\/es\\\/recursos\\\/seminarios-web\\\/#breadcrumb\"},\"inLanguage\":\"es\",\"potentialAction\":[{\"@type\":\"ReadAction\",\"target\":[\"https:\\\/\\\/www.adrasa.com\\\/es\\\/recursos\\\/seminarios-web\\\/\"]}]},{\"@type\":\"ImageObject\",\"inLanguage\":\"es\",\"@id\":\"https:\\\/\\\/www.adrasa.com\\\/es\\\/recursos\\\/seminarios-web\\\/#primaryimage\",\"url\":\"https:\\\/\\\/www.adrasa.com\\\/wp-content\\\/uploads\\\/2026\\\/02\\\/arrow-up-right-white.svg\",\"contentUrl\":\"https:\\\/\\\/www.adrasa.com\\\/wp-content\\\/uploads\\\/2026\\\/02\\\/arrow-up-right-white.svg\"},{\"@type\":\"BreadcrumbList\",\"@id\":\"https:\\\/\\\/www.adrasa.com\\\/es\\\/recursos\\\/seminarios-web\\\/#breadcrumb\",\"itemListElement\":[{\"@type\":\"ListItem\",\"position\":1,\"name\":\"Portada\",\"item\":\"https:\\\/\\\/www.adrasa.com\\\/es\\\/\"},{\"@type\":\"ListItem\",\"position\":2,\"name\":\"Recursos\",\"item\":\"https:\\\/\\\/www.adrasa.com\\\/es\\\/resources\\\/\"},{\"@type\":\"ListItem\",\"position\":3,\"name\":\"Seminarios web\"}]},{\"@type\":\"WebSite\",\"@id\":\"https:\\\/\\\/www.adrasa.com\\\/es\\\/#website\",\"url\":\"https:\\\/\\\/www.adrasa.com\\\/es\\\/\",\"name\":\"Adrasa, Sustainable textile finishing, from lab to scale\",\"description\":\"Sustainable textile finishing, from lab to scale\",\"publisher\":{\"@id\":\"https:\\\/\\\/www.adrasa.com\\\/es\\\/#organization\"},\"alternateName\":\"ADRASA (Assessors del Ram D'Aigua, S.A.)\",\"potentialAction\":[{\"@type\":\"SearchAction\",\"target\":{\"@type\":\"EntryPoint\",\"urlTemplate\":\"https:\\\/\\\/www.adrasa.com\\\/es\\\/?s={search_term_string}\"},\"query-input\":{\"@type\":\"PropertyValueSpecification\",\"valueRequired\":true,\"valueName\":\"search_term_string\"}}],\"inLanguage\":\"es\"},{\"@type\":\"Organization\",\"@id\":\"https:\\\/\\\/www.adrasa.com\\\/es\\\/#organization\",\"name\":\"Adrasa, Sustainable textile finishing, from lab to scale\",\"url\":\"https:\\\/\\\/www.adrasa.com\\\/es\\\/\",\"logo\":{\"@type\":\"ImageObject\",\"inLanguage\":\"es\",\"@id\":\"https:\\\/\\\/www.adrasa.com\\\/es\\\/#\\\/schema\\\/logo\\\/image\\\/\",\"url\":\"https:\\\/\\\/www.adrasa.com\\\/wp-content\\\/uploads\\\/2025\\\/12\\\/logo_ADRASA_claim.webp\",\"contentUrl\":\"https:\\\/\\\/www.adrasa.com\\\/wp-content\\\/uploads\\\/2025\\\/12\\\/logo_ADRASA_claim.webp\",\"width\":578,\"height\":122,\"caption\":\"Adrasa, Sustainable textile finishing, from lab to scale\"},\"image\":{\"@id\":\"https:\\\/\\\/www.adrasa.com\\\/es\\\/#\\\/schema\\\/logo\\\/image\\\/\"},\"sameAs\":[\"https:\\\/\\\/www.instagram.com\\\/adrasa_textile_finishing\\\/\"]}]}<\/script>\n<!-- \/ Yoast SEO plugin. -->","yoast_head_json":{"title":"Seminarios web - ADRASA - Assessors Del Ram d&#039;Aigua, S.A.","robots":{"index":"index","follow":"follow","max-snippet":"max-snippet:-1","max-image-preview":"max-image-preview:large","max-video-preview":"max-video-preview:-1"},"canonical":"https:\/\/www.adrasa.com\/es\/recursos\/seminarios-web\/","og_locale":"es_ES","og_type":"article","og_title":"Seminarios web - ADRASA - Assessors Del Ram d&#039;Aigua, S.A.","og_description":"Seminarios web y sesiones de formaci\u00f3n Explore los seminarios web de ADRASA sobre qu\u00edmica textil sostenible, innovaci\u00f3n de procesos y tecnolog\u00edas ecoeficientes. Aprenda directamente de nuestros expertos en I+D y socios de la industria a trav\u00e9s de sesiones pr\u00e1cticas basadas en datos dise\u00f1adas para profesionales textiles. Presentado De los fluorocarbonos a la qu\u00edmica del futuro [&hellip;]","og_url":"https:\/\/www.adrasa.com\/es\/recursos\/seminarios-web\/","og_site_name":"ADRASA - Assessors Del Ram d&#039;Aigua, S.A.","article_modified_time":"2026-04-13T11:00:26+00:00","og_image":[{"url":"https:\/\/www.adrasa.com\/wp-content\/uploads\/2026\/02\/arrow-up-right-white.svg","type":"","width":"","height":""}],"twitter_card":"summary_large_image","twitter_misc":{"Tiempo de lectura":"1 minuto"},"schema":{"@context":"https:\/\/schema.org","@graph":[{"@type":"WebPage","@id":"https:\/\/www.adrasa.com\/es\/recursos\/seminarios-web\/","url":"https:\/\/www.adrasa.com\/es\/recursos\/seminarios-web\/","name":"Seminarios web - ADRASA - Assessors Del Ram d&#039;Aigua, S.A.","isPartOf":{"@id":"https:\/\/www.adrasa.com\/es\/#website"},"primaryImageOfPage":{"@id":"https:\/\/www.adrasa.com\/es\/recursos\/seminarios-web\/#primaryimage"},"image":{"@id":"https:\/\/www.adrasa.com\/es\/recursos\/seminarios-web\/#primaryimage"},"thumbnailUrl":"https:\/\/www.adrasa.com\/wp-content\/uploads\/2026\/02\/arrow-up-right-white.svg","datePublished":"2026-03-06T08:16:03+00:00","dateModified":"2026-04-13T11:00:26+00:00","breadcrumb":{"@id":"https:\/\/www.adrasa.com\/es\/recursos\/seminarios-web\/#breadcrumb"},"inLanguage":"es","potentialAction":[{"@type":"ReadAction","target":["https:\/\/www.adrasa.com\/es\/recursos\/seminarios-web\/"]}]},{"@type":"ImageObject","inLanguage":"es","@id":"https:\/\/www.adrasa.com\/es\/recursos\/seminarios-web\/#primaryimage","url":"https:\/\/www.adrasa.com\/wp-content\/uploads\/2026\/02\/arrow-up-right-white.svg","contentUrl":"https:\/\/www.adrasa.com\/wp-content\/uploads\/2026\/02\/arrow-up-right-white.svg"},{"@type":"BreadcrumbList","@id":"https:\/\/www.adrasa.com\/es\/recursos\/seminarios-web\/#breadcrumb","itemListElement":[{"@type":"ListItem","position":1,"name":"Portada","item":"https:\/\/www.adrasa.com\/es\/"},{"@type":"ListItem","position":2,"name":"Recursos","item":"https:\/\/www.adrasa.com\/es\/resources\/"},{"@type":"ListItem","position":3,"name":"Seminarios web"}]},{"@type":"WebSite","@id":"https:\/\/www.adrasa.com\/es\/#website","url":"https:\/\/www.adrasa.com\/es\/","name":"Adrasa, Sustainable textile finishing, from lab to scale","description":"Sustainable textile finishing, from lab to scale","publisher":{"@id":"https:\/\/www.adrasa.com\/es\/#organization"},"alternateName":"ADRASA (Assessors del Ram D'Aigua, S.A.)","potentialAction":[{"@type":"SearchAction","target":{"@type":"EntryPoint","urlTemplate":"https:\/\/www.adrasa.com\/es\/?s={search_term_string}"},"query-input":{"@type":"PropertyValueSpecification","valueRequired":true,"valueName":"search_term_string"}}],"inLanguage":"es"},{"@type":"Organization","@id":"https:\/\/www.adrasa.com\/es\/#organization","name":"Adrasa, Sustainable textile finishing, from lab to scale","url":"https:\/\/www.adrasa.com\/es\/","logo":{"@type":"ImageObject","inLanguage":"es","@id":"https:\/\/www.adrasa.com\/es\/#\/schema\/logo\/image\/","url":"https:\/\/www.adrasa.com\/wp-content\/uploads\/2025\/12\/logo_ADRASA_claim.webp","contentUrl":"https:\/\/www.adrasa.com\/wp-content\/uploads\/2025\/12\/logo_ADRASA_claim.webp","width":578,"height":122,"caption":"Adrasa, Sustainable textile finishing, from lab to scale"},"image":{"@id":"https:\/\/www.adrasa.com\/es\/#\/schema\/logo\/image\/"},"sameAs":["https:\/\/www.instagram.com\/adrasa_textile_finishing\/"]}]}},"_links":{"self":[{"href":"https:\/\/www.adrasa.com\/es\/wp-json\/wp\/v2\/pages\/2320","targetHints":{"allow":["GET"]}}],"collection":[{"href":"https:\/\/www.adrasa.com\/es\/wp-json\/wp\/v2\/pages"}],"about":[{"href":"https:\/\/www.adrasa.com\/es\/wp-json\/wp\/v2\/types\/page"}],"replies":[{"embeddable":true,"href":"https:\/\/www.adrasa.com\/es\/wp-json\/wp\/v2\/comments?post=2320"}],"version-history":[{"count":1,"href":"https:\/\/www.adrasa.com\/es\/wp-json\/wp\/v2\/pages\/2320\/revisions"}],"predecessor-version":[{"id":2321,"href":"https:\/\/www.adrasa.com\/es\/wp-json\/wp\/v2\/pages\/2320\/revisions\/2321"}],"up":[{"embeddable":true,"href":"https:\/\/www.adrasa.com\/es\/wp-json\/wp\/v2\/pages\/2314"}],"wp:attachment":[{"href":"https:\/\/www.adrasa.com\/es\/wp-json\/wp\/v2\/media?parent=2320"}],"curies":[{"name":"wp","href":"https:\/\/api.w.org\/{rel}","templated":true}]}}