{"id":2318,"date":"2026-03-05T15:51:39","date_gmt":"2026-03-05T14:51:39","guid":{"rendered":"https:\/\/www.adrasa.com\/recursos\/descargas\/"},"modified":"2026-04-13T13:00:23","modified_gmt":"2026-04-13T11:00:23","slug":"descargas","status":"publish","type":"page","link":"https:\/\/www.adrasa.com\/es\/recursos\/descargas\/","title":{"rendered":"Descargas"},"content":{"rendered":"\t\t<div data-elementor-type=\"wp-page\" data-elementor-id=\"2318\" class=\"elementor elementor-2318 elementor-1522\" data-elementor-post-type=\"page\">\n\t\t\t\t<div class=\"elementor-element elementor-element-60888526 e-flex e-con-boxed e-con e-parent\" data-id=\"60888526\" data-element_type=\"container\" data-e-type=\"container\" data-settings=\"{&quot;background_background&quot;:&quot;classic&quot;}\">\n\t\t\t\t\t<div class=\"e-con-inner\">\n\t\t\t\t<div class=\"elementor-element elementor-element-612c289d elementor-widget__width-initial elementor-widget elementor-widget-adrasa-hero\" data-id=\"612c289d\" data-element_type=\"widget\" data-e-type=\"widget\" data-widget_type=\"adrasa-hero.default\">\n\t\t\t\t<div class=\"elementor-widget-container\">\n\t\t\t\t\t\t\t<section class=\"adrasa-hero adrasa-hero--left\">\n\t\t\t<div class=\"container\">\n\t\t\t\t<div class=\"adrasa-hero__grid\">\n\t\t\t\t\t<div class=\"adrasa-hero__block adrasa-hero__block--top\">\n\n\t\t\t\t\t\t\n\t\t\t\t\t\t\t\t\t<h1 class=\"adrasa-hero__title adrasa-hero__title--stacked\">\n\t\t\t\t\t\t\t<span class=\"adrasa-hero__title-line\">Descargas y <span class=\"adrasa-hero__title-italic\">documentos t\u00e9cnicos<\/span><\/span>\n\t\t\t\t\t\t<\/h1>\n\t\t\n\t\t\t\t\t\t\t\n\t\t\t\t\t\t\t\t\t\t\t\t\t\t\t<div class=\"adrasa-hero__desc-block\"><p>Acceda a las \u00faltimas fichas t\u00e9cnicas, folletos y certificaciones de ADRASA.<br><br>Todos los documentos se mantienen actualizados y disponibles para los profesionales textiles que necesitan informaci\u00f3n detallada sobre el rendimiento y el cumplimiento del producto.<\/p><\/div>\n\t\t\t\t\t\t\t\n\t\t\t\t\t\t\t\t\t\t\t\t\t\t\n\t\t\t\t\t\t\n\t\t\t\t\t<\/div>\n\n\t\t\t\t\t<div class=\"adrasa-hero__block adrasa-hero__block--bottom\"><\/div>\n\t\t\t\t<\/div>\n\t\t\t<\/div>\n\t\t<\/section>\n\t\t\t\t\t\t<\/div>\n\t\t\t\t<\/div>\n\t\t\t\t<div class=\"elementor-element elementor-element-9f85940 elementor-widget elementor-widget-adrasa-downloads-filter-grid\" data-id=\"9f85940\" data-element_type=\"widget\" data-e-type=\"widget\" data-widget_type=\"adrasa-downloads-filter-grid.default\">\n\t\t\t\t<div class=\"elementor-widget-container\">\n\t\t\t\t\t\t\t<section class=\"adrasa-downloads-filter-grid has-panel-bg-image has-card-bg-image\" data-adrasa-downloads-grid>\n\t\t\t<div class=\"adrasa-downloads-filter-grid__filters\" role=\"toolbar\" aria-label=\"Document filters\">\n\t\t\t\t<div class=\"adrasa-downloads-filter-grid__filters-mobile-bar\">\n\t\t\t\t\t<button type=\"button\" class=\"adrasa-downloads-filter-grid__filter-pill is-active adrasa-downloads-filter-grid__mobile-current\" data-adrasa-mobile-current data-filter=\"all\">Ver todo<\/button>\n\t\t\t\t\t<button type=\"button\" class=\"adrasa-downloads-filter-grid__mobile-open\" data-adrasa-mobile-open aria-expanded=\"false\" aria-label=\"Open filters\">\n\t\t\t\t\t\t\t\t\t\t\t\t\t<img decoding=\"async\" src=\"https:\/\/www.adrasa.com\/wp-content\/uploads\/2026\/03\/bar-chart-2.svg\" alt=\"\" loading=\"lazy\" \/>\n\t\t\t\t\t\t\t\t\t\t\t<\/button>\n\t\t\t\t<\/div>\n\t\t\t\t<div class=\"adrasa-downloads-filter-grid__filters-desktop\">\n\t\t\t\t\t<div class=\"adrasa-downloads-filter-grid__filter-list\" data-adrasa-filter-list>\n\t\t\t\t\t\t<button type=\"button\" class=\"adrasa-downloads-filter-grid__filter-pill is-active\" data-filter=\"all\">Ver todo<\/button>\n\t\t\t\t\t\t\t\t\t\t\t\t\t<button type=\"button\" class=\"adrasa-downloads-filter-grid__filter-pill\" data-filter=\"certificaciones\">Certificaciones<\/button>\n\t\t\t\t\t\t\t\t\t\t\t\t\t<button type=\"button\" class=\"adrasa-downloads-filter-grid__filter-pill\" data-filter=\"en-directo\">En directo<\/button>\n\t\t\t\t\t\t\t\t\t\t\t\t\t<button type=\"button\" class=\"adrasa-downloads-filter-grid__filter-pill\" data-filter=\"ficha-tecnica\">Ficha t\u00e9cnica<\/button>\n\t\t\t\t\t\t\t\t\t\t\t\t\t<button type=\"button\" class=\"adrasa-downloads-filter-grid__filter-pill\" data-filter=\"folleto\">Folleto<\/button>\n\t\t\t\t\t\t\t\t\t\t\t\t\t<button type=\"button\" class=\"adrasa-downloads-filter-grid__filter-pill\" data-filter=\"grabado\">Grabado<\/button>\n\t\t\t\t\t\t\t\t\t\t\t<\/div>\n\t\t\t\t\t<button type=\"button\" class=\"adrasa-downloads-filter-grid__reset\" data-adrasa-filter-reset>Restablecer todos los filtros<\/button>\n\t\t\t\t<\/div>\n\t\t\t\t<button type=\"button\" class=\"adrasa-downloads-filter-grid__reset adrasa-downloads-filter-grid__reset-mobile-inline\" data-adrasa-filter-reset>Restablecer todos los filtros<\/button>\n\t\t\t<\/div>\n\n\t\t\t<div class=\"adrasa-downloads-filter-grid__mobile-drawer\" data-adrasa-mobile-drawer hidden>\n\t\t\t\t<button type=\"button\" class=\"adrasa-downloads-filter-grid__mobile-close\" data-adrasa-mobile-close aria-label=\"Close filters\">\n\t\t\t\t\t\t\t\t\t\t\t<img decoding=\"async\" src=\"https:\/\/www.adrasa.com\/wp-content\/uploads\/2025\/12\/close-button.svg\" alt=\"\" loading=\"lazy\" \/>\n\t\t\t\t\t\t\t\t\t<\/button>\n\t\t\t\t<div class=\"adrasa-downloads-filter-grid__mobile-list\">\n\t\t\t\t\t<button type=\"button\" class=\"adrasa-downloads-filter-grid__filter-pill is-active\" data-filter=\"all\">Ver todo<\/button>\n\t\t\t\t\t\t\t\t\t\t\t<button type=\"button\" class=\"adrasa-downloads-filter-grid__filter-pill\" data-filter=\"certificaciones\">Certificaciones<\/button>\n\t\t\t\t\t\t\t\t\t\t\t<button type=\"button\" class=\"adrasa-downloads-filter-grid__filter-pill\" data-filter=\"en-directo\">En directo<\/button>\n\t\t\t\t\t\t\t\t\t\t\t<button type=\"button\" class=\"adrasa-downloads-filter-grid__filter-pill\" data-filter=\"ficha-tecnica\">Ficha t\u00e9cnica<\/button>\n\t\t\t\t\t\t\t\t\t\t\t<button type=\"button\" class=\"adrasa-downloads-filter-grid__filter-pill\" data-filter=\"folleto\">Folleto<\/button>\n\t\t\t\t\t\t\t\t\t\t\t<button type=\"button\" class=\"adrasa-downloads-filter-grid__filter-pill\" data-filter=\"grabado\">Grabado<\/button>\n\t\t\t\t\t\t\t\t\t<\/div>\n\t\t\t\t<button type=\"button\" class=\"adrasa-downloads-filter-grid__reset adrasa-downloads-filter-grid__reset-mobile-bottom\" data-adrasa-filter-reset>Restablecer todos los filtros<\/button>\n\t\t\t<\/div>\n\n\t\t\t<div class=\"adrasa-downloads-filter-grid__grid\" data-adrasa-grid-list>\n\t\t\t\t\t\t\t\t\t\t\t\t\t\t<article class=\"adrasa-downloads-filter-grid__card\" data-card-terms=\"certificaciones\">\n\t\t\t\t\t\t<h3 class=\"adrasa-downloads-filter-grid__card-title\">Certificaci\u00f3n ISO 14001<\/h3>\n\t\t\t\t\t\t<p class=\"adrasa-downloads-filter-grid__card-text\">Certificaci\u00f3n de gesti\u00f3n ambiental de las instalaciones de ADRASA.<\/p>\n\t\t\t\t\t\t<div class=\"adrasa-downloads-filter-grid__card-foot\">\n\t\t\t\t\t\t\t<span class=\"adrasa-downloads-filter-grid__file-pill\">PDF \u2013 13,9 KB<\/span>\n\t\t\t\t\t\t\t\t\t\t\t\t\t\t\t<a class=\"adrasa-downloads-filter-grid__download-pill\" href=\"https:\/\/www.adrasa.com\/wp-content\/uploads\/2026\/03\/resource-1.pdf\" target=\"_blank\" rel=\"noopener\">Descargar<\/a>\n\t\t\t\t\t\t\t\t\t\t\t\t\t<\/div>\n\t\t\t\t\t<\/article>\n\t\t\t\t\t\t\t\t\t\t\t\t\t\t<article class=\"adrasa-downloads-filter-grid__card\" data-card-terms=\"folleto\">\n\t\t\t\t\t\t<h3 class=\"adrasa-downloads-filter-grid__card-title\">Folleto del sistema ACF<\/h3>\n\t\t\t\t\t\t<p class=\"adrasa-downloads-filter-grid__card-text\">Soluci\u00f3n de tintura y acabado en un solo ba\u00f1o para reducir agua, energ\u00eda y tiempo de proceso.<\/p>\n\t\t\t\t\t\t<div class=\"adrasa-downloads-filter-grid__card-foot\">\n\t\t\t\t\t\t\t<span class=\"adrasa-downloads-filter-grid__file-pill\">PDF \u2013 13,9 KB<\/span>\n\t\t\t\t\t\t\t\t\t\t\t\t\t\t\t<a class=\"adrasa-downloads-filter-grid__download-pill\" href=\"https:\/\/www.adrasa.com\/wp-content\/uploads\/2026\/03\/resource-1.pdf\" target=\"_blank\" rel=\"noopener\">Descargar<\/a>\n\t\t\t\t\t\t\t\t\t\t\t\t\t<\/div>\n\t\t\t\t\t<\/article>\n\t\t\t\t\t\t\t\t\t\t\t\t\t\t<article class=\"adrasa-downloads-filter-grid__card\" data-card-terms=\"ficha-tecnica\">\n\t\t\t\t\t\t<h3 class=\"adrasa-downloads-filter-grid__card-title\">Ficha t\u00e9cnica de Staincare+<\/h3>\n\t\t\t\t\t\t<p class=\"adrasa-downloads-filter-grid__card-text\">Sistema antimanchas para textiles libre de PFAS.<\/p>\n\t\t\t\t\t\t<div class=\"adrasa-downloads-filter-grid__card-foot\">\n\t\t\t\t\t\t\t<span class=\"adrasa-downloads-filter-grid__file-pill\">PDF \u2013 13,9 KB<\/span>\n\t\t\t\t\t\t\t\t\t\t\t\t\t\t\t<a class=\"adrasa-downloads-filter-grid__download-pill\" href=\"https:\/\/www.adrasa.com\/wp-content\/uploads\/2026\/03\/resource-1.pdf\" target=\"_blank\" rel=\"noopener\">Descargar<\/a>\n\t\t\t\t\t\t\t\t\t\t\t\t\t<\/div>\n\t\t\t\t\t<\/article>\n\t\t\t\t\t\t\t<\/div>\n\n\t\t\t<p class=\"adrasa-downloads-filter-grid__empty\" data-adrasa-empty hidden>No se encontraron documentos para este filtro.<\/p>\n\t\t<\/section>\n\t\t\t\t\t\t<\/div>\n\t\t\t\t<\/div>\n\t\t\t\t\t<\/div>\n\t\t\t\t<\/div>\n\t\t<div class=\"elementor-element elementor-element-697996d1 e-flex e-con-boxed e-con e-parent\" data-id=\"697996d1\" data-element_type=\"container\" data-e-type=\"container\" data-settings=\"{&quot;background_background&quot;:&quot;classic&quot;}\">\n\t\t\t\t\t<div class=\"e-con-inner\">\n\t\t\t\t<div class=\"elementor-element elementor-element-6f7825fa elementor-widget elementor-widget-adrasa-hero\" data-id=\"6f7825fa\" data-element_type=\"widget\" data-e-type=\"widget\" data-widget_type=\"adrasa-hero.default\">\n\t\t\t\t<div class=\"elementor-widget-container\">\n\t\t\t\t\t\t\t<section class=\"adrasa-hero adrasa-hero--center\">\n\t\t\t<div class=\"container\">\n\t\t\t\t<div class=\"adrasa-hero__grid\">\n\t\t\t\t\t<div class=\"adrasa-hero__block adrasa-hero__block--top\">\n\n\t\t\t\t\t\t\n\t\t\t\t\t\t\t\t\t<h2 class=\"adrasa-hero__title adrasa-hero__title--stacked\">\n\t\t\t\t\t\t\t<span class=\"adrasa-hero__title-line\">Necesita una ficha de datos de seguridad<\/span>\n\t\t\t\t\t\t\t\t<span class=\"adrasa-hero__title-line\">u otro <span class=\"adrasa-hero__title-italic\">documento espec\u00edfico<\/span>?<\/span>\n\t\t\t\t\t\t<\/h2>\n\t\t\n\t\t\t\t\t\t\t\n\t\t\t\t\t\t\t\n\t\t\t\t\t\t\t\t\t\t\t\t\t\t\t\t<div class=\"adrasa-hero__buttons\" aria-label=\"Llamadas a la acci\u00f3n\">\n\t\t\t\t\t\t\t\t\t\t\t<a href=\"#contact\"\n\t\t\t\t\tclass=\"adrasa-hero__btn adrasa-hero__btn--tertiary\">\n\t\t\t\t\t<span class=\"adrasa-hero__btn-text\">Contacta con nuestro equipo t\u00e9cnico<\/span>\n\n\t\t\t\t\t\t\t\t\t\t\t<span class=\"adrasa-hero__btn-icon\" aria-hidden=\"true\">\n\t\t\t\t\t\t\t<img decoding=\"async\" src=\"https:\/\/www.adrasa.com\/wp-content\/uploads\/2026\/01\/arrow-up-right-white.svg\" alt=\"\" \/>\n\t\t\t\t\t\t<\/span>\n\t\t\t\t\t\t\t\t\t<\/a>\n\t\t\t\t\t<\/div>\n\t\t\n\t\t\t\t\t\t\n\t\t\t\t\t<\/div>\n\n\t\t\t\t\t<div class=\"adrasa-hero__block adrasa-hero__block--bottom\"><\/div>\n\t\t\t\t<\/div>\n\t\t\t<\/div>\n\t\t<\/section>\n\t\t\t\t\t\t<\/div>\n\t\t\t\t<\/div>\n\t\t\t\t\t<\/div>\n\t\t\t\t<\/div>\n\t\t\t\t<\/div>\n\t\t","protected":false},"excerpt":{"rendered":"<p>Descargas y documentos t\u00e9cnicos Acceda a las \u00faltimas fichas t\u00e9cnicas, folletos y certificaciones de ADRASA. Todos los documentos se mantienen actualizados y disponibles para los profesionales textiles que necesitan informaci\u00f3n detallada sobre el rendimiento y el cumplimiento del producto. Ver todo Ver todo Folleto Certificaciones Ficha de datos Restablecer todos los filtros Restablecer todos los [&hellip;]<\/p>\n","protected":false},"author":0,"featured_media":0,"parent":2314,"menu_order":0,"comment_status":"closed","ping_status":"closed","template":"elementor_header_footer","meta":{"_acf_changed":false,"footnotes":""},"class_list":["post-2318","page","type-page","status-publish","hentry"],"acf":[],"yoast_head":"<!-- This site is optimized with the Yoast SEO plugin v27.4 - https:\/\/yoast.com\/product\/yoast-seo-wordpress\/ -->\n<title>Descargas - ADRASA - Assessors Del Ram d&#039;Aigua, S.A.<\/title>\n<meta name=\"robots\" content=\"index, follow, max-snippet:-1, max-image-preview:large, max-video-preview:-1\" \/>\n<link rel=\"canonical\" href=\"https:\/\/www.adrasa.com\/es\/recursos\/descargas\/\" \/>\n<meta property=\"og:locale\" content=\"es_ES\" \/>\n<meta property=\"og:type\" content=\"article\" \/>\n<meta property=\"og:title\" content=\"Descargas - ADRASA - Assessors Del Ram d&#039;Aigua, S.A.\" \/>\n<meta property=\"og:description\" content=\"Descargas y documentos t\u00e9cnicos Acceda a las \u00faltimas fichas t\u00e9cnicas, folletos y certificaciones de ADRASA. Todos los documentos se mantienen actualizados y disponibles para los profesionales textiles que necesitan informaci\u00f3n detallada sobre el rendimiento y el cumplimiento del producto. Ver todo Ver todo Folleto Certificaciones Ficha de datos Restablecer todos los filtros Restablecer todos los [&hellip;]\" \/>\n<meta property=\"og:url\" content=\"https:\/\/www.adrasa.com\/es\/recursos\/descargas\/\" \/>\n<meta property=\"og:site_name\" content=\"ADRASA - Assessors Del Ram d&#039;Aigua, S.A.\" \/>\n<meta property=\"article:modified_time\" content=\"2026-04-13T11:00:23+00:00\" \/>\n<meta property=\"og:image\" content=\"https:\/\/www.adrasa.com\/wp-content\/uploads\/2026\/03\/bar-chart-2.svg\" \/>\n<meta name=\"twitter:card\" content=\"summary_large_image\" \/>\n<meta name=\"twitter:label1\" content=\"Tiempo de lectura\" \/>\n\t<meta name=\"twitter:data1\" content=\"1 minuto\" \/>\n<script type=\"application\/ld+json\" class=\"yoast-schema-graph\">{\"@context\":\"https:\\\/\\\/schema.org\",\"@graph\":[{\"@type\":\"WebPage\",\"@id\":\"https:\\\/\\\/www.adrasa.com\\\/es\\\/recursos\\\/descargas\\\/\",\"url\":\"https:\\\/\\\/www.adrasa.com\\\/es\\\/recursos\\\/descargas\\\/\",\"name\":\"Descargas - ADRASA - Assessors Del Ram d&#039;Aigua, S.A.\",\"isPartOf\":{\"@id\":\"https:\\\/\\\/www.adrasa.com\\\/es\\\/#website\"},\"primaryImageOfPage\":{\"@id\":\"https:\\\/\\\/www.adrasa.com\\\/es\\\/recursos\\\/descargas\\\/#primaryimage\"},\"image\":{\"@id\":\"https:\\\/\\\/www.adrasa.com\\\/es\\\/recursos\\\/descargas\\\/#primaryimage\"},\"thumbnailUrl\":\"https:\\\/\\\/www.adrasa.com\\\/wp-content\\\/uploads\\\/2026\\\/03\\\/bar-chart-2.svg\",\"datePublished\":\"2026-03-05T14:51:39+00:00\",\"dateModified\":\"2026-04-13T11:00:23+00:00\",\"breadcrumb\":{\"@id\":\"https:\\\/\\\/www.adrasa.com\\\/es\\\/recursos\\\/descargas\\\/#breadcrumb\"},\"inLanguage\":\"es\",\"potentialAction\":[{\"@type\":\"ReadAction\",\"target\":[\"https:\\\/\\\/www.adrasa.com\\\/es\\\/recursos\\\/descargas\\\/\"]}]},{\"@type\":\"ImageObject\",\"inLanguage\":\"es\",\"@id\":\"https:\\\/\\\/www.adrasa.com\\\/es\\\/recursos\\\/descargas\\\/#primaryimage\",\"url\":\"https:\\\/\\\/www.adrasa.com\\\/wp-content\\\/uploads\\\/2026\\\/03\\\/bar-chart-2.svg\",\"contentUrl\":\"https:\\\/\\\/www.adrasa.com\\\/wp-content\\\/uploads\\\/2026\\\/03\\\/bar-chart-2.svg\"},{\"@type\":\"BreadcrumbList\",\"@id\":\"https:\\\/\\\/www.adrasa.com\\\/es\\\/recursos\\\/descargas\\\/#breadcrumb\",\"itemListElement\":[{\"@type\":\"ListItem\",\"position\":1,\"name\":\"Portada\",\"item\":\"https:\\\/\\\/www.adrasa.com\\\/es\\\/\"},{\"@type\":\"ListItem\",\"position\":2,\"name\":\"Recursos\",\"item\":\"https:\\\/\\\/www.adrasa.com\\\/es\\\/resources\\\/\"},{\"@type\":\"ListItem\",\"position\":3,\"name\":\"Descargas\"}]},{\"@type\":\"WebSite\",\"@id\":\"https:\\\/\\\/www.adrasa.com\\\/es\\\/#website\",\"url\":\"https:\\\/\\\/www.adrasa.com\\\/es\\\/\",\"name\":\"Adrasa, Sustainable textile finishing, from lab to scale\",\"description\":\"Sustainable textile finishing, from lab to scale\",\"publisher\":{\"@id\":\"https:\\\/\\\/www.adrasa.com\\\/es\\\/#organization\"},\"alternateName\":\"ADRASA (Assessors del Ram D'Aigua, S.A.)\",\"potentialAction\":[{\"@type\":\"SearchAction\",\"target\":{\"@type\":\"EntryPoint\",\"urlTemplate\":\"https:\\\/\\\/www.adrasa.com\\\/es\\\/?s={search_term_string}\"},\"query-input\":{\"@type\":\"PropertyValueSpecification\",\"valueRequired\":true,\"valueName\":\"search_term_string\"}}],\"inLanguage\":\"es\"},{\"@type\":\"Organization\",\"@id\":\"https:\\\/\\\/www.adrasa.com\\\/es\\\/#organization\",\"name\":\"Adrasa, Sustainable textile finishing, from lab to scale\",\"url\":\"https:\\\/\\\/www.adrasa.com\\\/es\\\/\",\"logo\":{\"@type\":\"ImageObject\",\"inLanguage\":\"es\",\"@id\":\"https:\\\/\\\/www.adrasa.com\\\/es\\\/#\\\/schema\\\/logo\\\/image\\\/\",\"url\":\"https:\\\/\\\/www.adrasa.com\\\/wp-content\\\/uploads\\\/2025\\\/12\\\/logo_ADRASA_claim.webp\",\"contentUrl\":\"https:\\\/\\\/www.adrasa.com\\\/wp-content\\\/uploads\\\/2025\\\/12\\\/logo_ADRASA_claim.webp\",\"width\":578,\"height\":122,\"caption\":\"Adrasa, Sustainable textile finishing, from lab to scale\"},\"image\":{\"@id\":\"https:\\\/\\\/www.adrasa.com\\\/es\\\/#\\\/schema\\\/logo\\\/image\\\/\"},\"sameAs\":[\"https:\\\/\\\/www.instagram.com\\\/adrasa_textile_finishing\\\/\"]}]}<\/script>\n<!-- \/ Yoast SEO plugin. -->","yoast_head_json":{"title":"Descargas - ADRASA - Assessors Del Ram d&#039;Aigua, S.A.","robots":{"index":"index","follow":"follow","max-snippet":"max-snippet:-1","max-image-preview":"max-image-preview:large","max-video-preview":"max-video-preview:-1"},"canonical":"https:\/\/www.adrasa.com\/es\/recursos\/descargas\/","og_locale":"es_ES","og_type":"article","og_title":"Descargas - ADRASA - Assessors Del Ram d&#039;Aigua, S.A.","og_description":"Descargas y documentos t\u00e9cnicos Acceda a las \u00faltimas fichas t\u00e9cnicas, folletos y certificaciones de ADRASA. Todos los documentos se mantienen actualizados y disponibles para los profesionales textiles que necesitan informaci\u00f3n detallada sobre el rendimiento y el cumplimiento del producto. Ver todo Ver todo Folleto Certificaciones Ficha de datos Restablecer todos los filtros Restablecer todos los [&hellip;]","og_url":"https:\/\/www.adrasa.com\/es\/recursos\/descargas\/","og_site_name":"ADRASA - Assessors Del Ram d&#039;Aigua, S.A.","article_modified_time":"2026-04-13T11:00:23+00:00","og_image":[{"url":"https:\/\/www.adrasa.com\/wp-content\/uploads\/2026\/03\/bar-chart-2.svg","type":"","width":"","height":""}],"twitter_card":"summary_large_image","twitter_misc":{"Tiempo de lectura":"1 minuto"},"schema":{"@context":"https:\/\/schema.org","@graph":[{"@type":"WebPage","@id":"https:\/\/www.adrasa.com\/es\/recursos\/descargas\/","url":"https:\/\/www.adrasa.com\/es\/recursos\/descargas\/","name":"Descargas - ADRASA - Assessors Del Ram d&#039;Aigua, S.A.","isPartOf":{"@id":"https:\/\/www.adrasa.com\/es\/#website"},"primaryImageOfPage":{"@id":"https:\/\/www.adrasa.com\/es\/recursos\/descargas\/#primaryimage"},"image":{"@id":"https:\/\/www.adrasa.com\/es\/recursos\/descargas\/#primaryimage"},"thumbnailUrl":"https:\/\/www.adrasa.com\/wp-content\/uploads\/2026\/03\/bar-chart-2.svg","datePublished":"2026-03-05T14:51:39+00:00","dateModified":"2026-04-13T11:00:23+00:00","breadcrumb":{"@id":"https:\/\/www.adrasa.com\/es\/recursos\/descargas\/#breadcrumb"},"inLanguage":"es","potentialAction":[{"@type":"ReadAction","target":["https:\/\/www.adrasa.com\/es\/recursos\/descargas\/"]}]},{"@type":"ImageObject","inLanguage":"es","@id":"https:\/\/www.adrasa.com\/es\/recursos\/descargas\/#primaryimage","url":"https:\/\/www.adrasa.com\/wp-content\/uploads\/2026\/03\/bar-chart-2.svg","contentUrl":"https:\/\/www.adrasa.com\/wp-content\/uploads\/2026\/03\/bar-chart-2.svg"},{"@type":"BreadcrumbList","@id":"https:\/\/www.adrasa.com\/es\/recursos\/descargas\/#breadcrumb","itemListElement":[{"@type":"ListItem","position":1,"name":"Portada","item":"https:\/\/www.adrasa.com\/es\/"},{"@type":"ListItem","position":2,"name":"Recursos","item":"https:\/\/www.adrasa.com\/es\/resources\/"},{"@type":"ListItem","position":3,"name":"Descargas"}]},{"@type":"WebSite","@id":"https:\/\/www.adrasa.com\/es\/#website","url":"https:\/\/www.adrasa.com\/es\/","name":"Adrasa, Sustainable textile finishing, from lab to scale","description":"Sustainable textile finishing, from lab to scale","publisher":{"@id":"https:\/\/www.adrasa.com\/es\/#organization"},"alternateName":"ADRASA (Assessors del Ram D'Aigua, S.A.)","potentialAction":[{"@type":"SearchAction","target":{"@type":"EntryPoint","urlTemplate":"https:\/\/www.adrasa.com\/es\/?s={search_term_string}"},"query-input":{"@type":"PropertyValueSpecification","valueRequired":true,"valueName":"search_term_string"}}],"inLanguage":"es"},{"@type":"Organization","@id":"https:\/\/www.adrasa.com\/es\/#organization","name":"Adrasa, Sustainable textile finishing, from lab to scale","url":"https:\/\/www.adrasa.com\/es\/","logo":{"@type":"ImageObject","inLanguage":"es","@id":"https:\/\/www.adrasa.com\/es\/#\/schema\/logo\/image\/","url":"https:\/\/www.adrasa.com\/wp-content\/uploads\/2025\/12\/logo_ADRASA_claim.webp","contentUrl":"https:\/\/www.adrasa.com\/wp-content\/uploads\/2025\/12\/logo_ADRASA_claim.webp","width":578,"height":122,"caption":"Adrasa, Sustainable textile finishing, from lab to scale"},"image":{"@id":"https:\/\/www.adrasa.com\/es\/#\/schema\/logo\/image\/"},"sameAs":["https:\/\/www.instagram.com\/adrasa_textile_finishing\/"]}]}},"_links":{"self":[{"href":"https:\/\/www.adrasa.com\/es\/wp-json\/wp\/v2\/pages\/2318","targetHints":{"allow":["GET"]}}],"collection":[{"href":"https:\/\/www.adrasa.com\/es\/wp-json\/wp\/v2\/pages"}],"about":[{"href":"https:\/\/www.adrasa.com\/es\/wp-json\/wp\/v2\/types\/page"}],"replies":[{"embeddable":true,"href":"https:\/\/www.adrasa.com\/es\/wp-json\/wp\/v2\/comments?post=2318"}],"version-history":[{"count":1,"href":"https:\/\/www.adrasa.com\/es\/wp-json\/wp\/v2\/pages\/2318\/revisions"}],"predecessor-version":[{"id":2319,"href":"https:\/\/www.adrasa.com\/es\/wp-json\/wp\/v2\/pages\/2318\/revisions\/2319"}],"up":[{"embeddable":true,"href":"https:\/\/www.adrasa.com\/es\/wp-json\/wp\/v2\/pages\/2314"}],"wp:attachment":[{"href":"https:\/\/www.adrasa.com\/es\/wp-json\/wp\/v2\/media?parent=2318"}],"curies":[{"name":"wp","href":"https:\/\/api.w.org\/{rel}","templated":true}]}}