{"id":2274,"date":"2026-04-12T19:14:50","date_gmt":"2026-04-12T17:14:50","guid":{"rendered":"https:\/\/www.adrasa.com\/innovacion\/proyectos-de-innovacion\/"},"modified":"2026-04-12T19:14:53","modified_gmt":"2026-04-12T17:14:53","slug":"proyectos-de-innovacion","status":"publish","type":"page","link":"https:\/\/www.adrasa.com\/es\/innovacion\/proyectos-de-innovacion\/","title":{"rendered":"Proyectos de innovaci\u00f3n y reconocimientos"},"content":{"rendered":"\t\t<div data-elementor-type=\"wp-page\" data-elementor-id=\"2274\" class=\"elementor elementor-2274 elementor-1187\" data-elementor-post-type=\"page\">\n\t\t\t\t<div class=\"elementor-element elementor-element-23a1253 adrasa-innovation-projects-hero-section e-flex e-con-boxed e-con e-parent\" data-id=\"23a1253\" data-element_type=\"container\" data-e-type=\"container\" data-settings=\"{&quot;background_background&quot;:&quot;classic&quot;}\">\n\t\t\t\t\t<div class=\"e-con-inner\">\n\t\t\t\t<div class=\"elementor-element elementor-element-c1dc85b elementor-widget__width-initial adrasa-innovation-projects-hero elementor-widget elementor-widget-adrasa-hero\" data-id=\"c1dc85b\" data-element_type=\"widget\" data-e-type=\"widget\" data-widget_type=\"adrasa-hero.default\">\n\t\t\t\t<div class=\"elementor-widget-container\">\n\t\t\t\t\t\t\t<section class=\"adrasa-hero adrasa-hero--left\">\n\t\t\t<div class=\"container\">\n\t\t\t\t<div class=\"adrasa-hero__grid\">\n\t\t\t\t\t<div class=\"adrasa-hero__block adrasa-hero__block--top\">\n\n\t\t\t\t\t\t\n\t\t\t\t\t\t\t\t\t<h1 class=\"adrasa-hero__title adrasa-hero__title--stacked\">\n\t\t\t\t\t\t\t<span class=\"adrasa-hero__title-line\">Del laboratorio al <span class=\"adrasa-hero__title-italic\">escalado<\/span>: una d\u00e9cada de I+D aplicada<\/span>\n\t\t\t\t\t\t<\/h1>\n\t\t\n\t\t\t\t\t\t\t\n\t\t\t\t\t\t\t\t\t\t\t\t\t\t\t<div class=\"adrasa-hero__desc-block\"><p><strong>En ADRASA, la innovaci\u00f3n significa traducir la qu\u00edmica en desempe\u00f1o y el desempe\u00f1o en sostenibilidad.<\/strong><\/p><p>Durante la \u00faltima d\u00e9cada, hemos desarrollado m\u00faltiples proyectos de I+D en colaboraci\u00f3n con marcas, f\u00e1bricas e instituciones de toda Europa. Cada iniciativa representa un paso hacia procesos textiles m\u00e1s eficientes, seguros y ecol\u00f3gicos.<\/p><\/div>\n\t\t\t\t\t\t\t\n\t\t\t\t\t\t\t\t\t\t\t\t\t\t\n\t\t\t\t\t\t\n\t\t\t\t\t<\/div>\n\n\t\t\t\t\t<div class=\"adrasa-hero__block adrasa-hero__block--bottom\"><\/div>\n\t\t\t\t<\/div>\n\t\t\t<\/div>\n\t\t<\/section>\n\t\t\t\t\t\t<\/div>\n\t\t\t\t<\/div>\n\t\t\t\t<div class=\"elementor-element elementor-element-f0f5860 adrasa-innovation-projects-timeline elementor-widget elementor-widget-adrasa-rd-timeline\" data-id=\"f0f5860\" data-element_type=\"widget\" data-e-type=\"widget\" data-widget_type=\"adrasa-rd-timeline.default\">\n\t\t\t\t<div class=\"elementor-widget-container\">\n\t\t\t\t\t\t\t<section class=\"adrasa-rd-timeline adrasa-rd-timeline--full-lines\">\n\t\t\t<div class=\"container\">\n\t\t\t\t<div class=\"adrasa-rd-timeline__inner\">\n\t\t\t\t\t<h2 class=\"adrasa-rd-timeline__title\">\n\t\t\t\t\t\t\t\t\t\t\t\t\t<span class=\"adrasa-rd-timeline__title-regular\">Nuestra I+D<\/span>\n\t\t\t\t\t\t\t\t\t\t\t\t\t\t\t\t\t\t\t<span class=\"adrasa-rd-timeline__title-italic\">Hitos<\/span>\n\t\t\t\t\t\t\t\t\t\t\t<\/h2>\n\n\t\t\t\t\t\t\t\t\t\t\t<div class=\"adrasa-rd-timeline__list\">\n\t\t\t\t\t\t\t\t\t\t\t\t\t\t\t<article class=\"adrasa-rd-timeline__item\">\n\t\t\t\t\t\t\t\t\t\t\t\t\t\t\t\t\t\t\t<h3 class=\"adrasa-rd-timeline__item-title\"><span class=\"adrasa-rd-timeline__item-title-year\">2012 <\/span><span class=\"adrasa-rd-timeline__item-title-main\">Proyecto ANCLATEX (Eureka CDTI EI7215)<\/span><\/h3>\n\t\t\t\t\t\t\t\t\t\t\t\t\t\t\t\t\t\t<div class=\"adrasa-rd-timeline__item-separator\" aria-hidden=\"true\"><\/div>\n\n\t\t\t\t\t\t\t\t\t\t\t\t\t\t\t\t\t\t\t<p class=\"adrasa-rd-timeline__item-text\">Desarrollo de sistemas de anclaje innovadores para recubrimientos textiles, mejorando la adherencia y durabilidad reduciendo el impacto ambiental.<\/p>\n\t\t\t\t\t\t\t\t\t\n\t\t\t\t\t\t\t\t\t\n\t\t\t\t\t\t\t\t\t\t\t\t\t\t\t\t\t\t\t\t\t\t\t\t\t\t<\/article>\n\t\t\t\t\t\t\t\t\t\t\t\t\t\t\t<article class=\"adrasa-rd-timeline__item\">\n\t\t\t\t\t\t\t\t\t\t\t\t\t\t\t\t\t\t\t<h3 class=\"adrasa-rd-timeline__item-title\"><span class=\"adrasa-rd-timeline__item-title-year\">2015 <\/span><span class=\"adrasa-rd-timeline__item-title-main\">Proceso de tintura continua con ba\u00f1o de doble sistema (CDTI)<\/span><\/h3>\n\t\t\t\t\t\t\t\t\t\t\t\t\t\t\t\t\t\t<div class=\"adrasa-rd-timeline__item-separator\" aria-hidden=\"true\"><\/div>\n\n\t\t\t\t\t\t\t\t\t\t\t\t\t\t\t\t\t\t\t<p class=\"adrasa-rd-timeline__item-text\">Optimizaci\u00f3n de los procesos de te\u00f1ido utilizando un enfoque de sistema dual de ba\u00f1o \u00fanico para reducir el consumo de agua y energ\u00eda.<\/p>\n\t\t\t\t\t\t\t\t\t\n\t\t\t\t\t\t\t\t\t\n\t\t\t\t\t\t\t\t\t\t\t\t\t\t\t\t\t\t\t\t\t\t\t\t\t\t<\/article>\n\t\t\t\t\t\t\t\t\t\t\t\t\t\t\t<article class=\"adrasa-rd-timeline__item\">\n\t\t\t\t\t\t\t\t\t\t\t\t\t\t\t\t\t\t\t<h3 class=\"adrasa-rd-timeline__item-title\"><span class=\"adrasa-rd-timeline__item-title-year\">2017 <\/span><span class=\"adrasa-rd-timeline__item-title-main\">Desencolado y blanqueo a baja temperatura simult\u00e1neos (CDTI)<\/span><\/h3>\n\t\t\t\t\t\t\t\t\t\t\t\t\t\t\t\t\t\t<div class=\"adrasa-rd-timeline__item-separator\" aria-hidden=\"true\"><\/div>\n\n\t\t\t\t\t\t\t\t\t\t\t\t\t\t\t\t\t\t\t<p class=\"adrasa-rd-timeline__item-text\">Nueva tecnolog\u00eda que permite la preparaci\u00f3n de tejidos a menor temperatura, ahorrando energ\u00eda y mejorando la consistencia del proceso.<\/p>\n\t\t\t\t\t\t\t\t\t\n\t\t\t\t\t\t\t\t\t\n\t\t\t\t\t\t\t\t\t\t\t\t\t\t\t\t\t\t\t\t\t\t\t\t\t\t<\/article>\n\t\t\t\t\t\t\t\t\t\t\t\t\t\t\t<article class=\"adrasa-rd-timeline__item\">\n\t\t\t\t\t\t\t\t\t\t\t\t\t\t\t\t\t\t\t<h3 class=\"adrasa-rd-timeline__item-title\"><span class=\"adrasa-rd-timeline__item-title-year\">2019 <\/span><span class=\"adrasa-rd-timeline__item-title-main\">Aglutinante textil alto s\u00f3lido libre de formaldeh\u00eddo (EUREKA \u2013 E!13226)<\/span><\/h3>\n\t\t\t\t\t\t\t\t\t\t\t\t\t\t\t\t\t\t<div class=\"adrasa-rd-timeline__item-separator\" aria-hidden=\"true\"><\/div>\n\n\t\t\t\t\t\t\t\t\t\t\t\t\t\t\t\t\t\t\t<p class=\"adrasa-rd-timeline__item-text\">Proyecto europeo avalado por el Grupo de Alto Nivel EUREKA, que desarrolla aglutinantes avanzados para el acabado textil sin formol ni VOCs.<\/p>\n\t\t\t\t\t\t\t\t\t\n\t\t\t\t\t\t\t\t\t\n\t\t\t\t\t\t\t\t\t\t\t\t\t\t\t\t\t\t\t\t\t\t\t\t\t\t<\/article>\n\t\t\t\t\t\t\t\t\t\t\t\t\t\t\t<article class=\"adrasa-rd-timeline__item\">\n\t\t\t\t\t\t\t\t\t\t\t\t\t\t\t\t\t\t\t<h3 class=\"adrasa-rd-timeline__item-title\"><span class=\"adrasa-rd-timeline__item-title-year\">2022 <\/span><span class=\"adrasa-rd-timeline__item-title-main\">Proyectos de I+D de econom\u00eda circular (ACCI\u00d3)<\/span><\/h3>\n\t\t\t\t\t\t\t\t\t\t\t\t\t\t\t\t\t\t<div class=\"adrasa-rd-timeline__item-separator\" aria-hidden=\"true\"><\/div>\n\n\t\t\t\t\t\t\t\t\t\t\t\t\t\t\t\t\t\t\t<p class=\"adrasa-rd-timeline__item-text\">Participaci\u00f3n en la iniciativa Nuclis d\u2019I+D d\u2019Economia Circular, centrada en la reducci\u00f3n de residuos y la valorizaci\u00f3n de recursos en el acabado textil.<\/p>\n\t\t\t\t\t\t\t\t\t\n\t\t\t\t\t\t\t\t\t\n\t\t\t\t\t\t\t\t\t\t\t\t\t\t\t\t\t\t\t\t\t\t\t\t\t\t<\/article>\n\t\t\t\t\t\t\t\t\t\t\t\t\t\t\t<article class=\"adrasa-rd-timeline__item\">\n\t\t\t\t\t\t\t\t\t\t\t\t\t\t\t\t\t\t\t<h3 class=\"adrasa-rd-timeline__item-title\"><span class=\"adrasa-rd-timeline__item-title-year\">2023\u20132024 <\/span><span class=\"adrasa-rd-timeline__item-title-main\">Proyecto rCAF\u00c9 (MITECO \u2013 NextGenerationEU)<\/span><\/h3>\n\t\t\t\t\t\t\t\t\t\t\t\t\t\t\t\t\t\t<div class=\"adrasa-rd-timeline__item-separator\" aria-hidden=\"true\"><\/div>\n\n\t\t\t\t\t\t\t\t\t\t\t\t\t\t\t\t\t\t\t<p class=\"adrasa-rd-timeline__item-text\">Investigaci\u00f3n sobre el proceso de valorizaci\u00f3n de residuos de caf\u00e9.<br \/>\n<br \/>\nFinanciado mediante las Ayudas de Econom\u00eda Circular para Empresas 2022 del Ministerio para la Transici\u00f3n Ecol\u00f3gica y <br \/>\nReto Demogr\u00e1fico (MITECO) dentro del Plan de Recuperaci\u00f3n, Transformaci\u00f3n y Resiliencia (PRTR), financiado por la Uni\u00f3n Europea \u2013 NextGenerationEU.<br \/>\n<br \/>\nDuraci\u00f3n: 01\/02\/2023 \u2013 19\/06\/2024 Presupuesto concedido: 161.578,00 \u20ac<\/p>\n\t\t\t\t\t\t\t\t\t\n\t\t\t\t\t\t\t\t\t\n\t\t\t\t\t\t\t\t\t\t\t\t\t\t\t\t\t\t\t\t\t\t\t\t\t\t<\/article>\n\t\t\t\t\t\t\t\t\t\t\t\t\t\t\t<article class=\"adrasa-rd-timeline__item\">\n\t\t\t\t\t\t\t\t\t\t\t\t\t\t\t\t\t\t\t<h3 class=\"adrasa-rd-timeline__item-title\"><span class=\"adrasa-rd-timeline__item-title-main\">Beca PERTE Textiles 2025: investigaci\u00f3n de auxiliares y acabados ecol\u00f3gicos para textiles de base biol\u00f3gica<\/span><\/h3>\n\t\t\t\t\t\t\t\t\t\t\t\t\t\t\t\t\t\t<div class=\"adrasa-rd-timeline__item-separator\" aria-hidden=\"true\"><\/div>\n\n\t\t\t\t\t\t\t\t\t\t\t\t\t\t\t\t\t\t\t<p class=\"adrasa-rd-timeline__item-text\">Seleccionado en el marco del programa PERTE Textiles (Categor\u00eda A \u2013 Investigaci\u00f3n y Desarrollo), cofinanciado por la Uni\u00f3n Europea a trav\u00e9s de la iniciativa NextGenerationEU. Este proyecto se centra en el desarrollo de nuevos auxiliares y acabados sostenibles para tejidos de base biol\u00f3gica, avanzando en la transici\u00f3n circular del sector textil.<\/p>\n\t\t\t\t\t\t\t\t\t\n\t\t\t\t\t\t\t\t\t\n\t\t\t\t\t\t\t\t\t\t\t\t\t\t\t\t\t\t\t\t\t\t\t\t\t\t<\/article>\n\t\t\t\t\t\t\t\t\t\t\t\t\t<\/div>\n\t\t\t\t\t\t\t\t\t<\/div>\n\t\t\t<\/div>\n\t\t<\/section>\n\t\t\t\t\t\t<\/div>\n\t\t\t\t<\/div>\n\t\t\t\t\t<\/div>\n\t\t\t\t<\/div>\n\t\t<div class=\"elementor-element elementor-element-ecb3ccd adrasa-innovation-projects-recognition-section e-flex e-con-boxed e-con e-parent\" data-id=\"ecb3ccd\" data-element_type=\"container\" data-e-type=\"container\" data-settings=\"{&quot;background_background&quot;:&quot;classic&quot;}\">\n\t\t\t\t\t<div class=\"e-con-inner\">\n\t\t\t\t<div class=\"elementor-element elementor-element-e80f566 elementor-widget__width-initial adrasa-innovation-projects-recognition elementor-widget elementor-widget-adrasa-recognition-logos\" data-id=\"e80f566\" data-element_type=\"widget\" data-e-type=\"widget\" data-widget_type=\"adrasa-recognition-logos.default\">\n\t\t\t\t<div class=\"elementor-widget-container\">\n\t\t\t\t\t\t\t<section class=\"adrasa-recognition\">\n\t\t\t<div class=\"container\">\n\t\t\t\t<div class=\"adrasa-recognition__inner\">\n\t\t\t\t\t\t\t\t\t\t\t<h2 class=\"adrasa-recognition__title\">Reconocimiento<\/h2>\n\t\t\t\t\t\n\t\t\t\t\t\t\t\t\t\t\t<div class=\"adrasa-recognition__description\"><p>ADRASA ha sido reconocida oficialmente como<strong>Pyme Innovadora<\/strong>otorgado por el Ministerio de Ciencia e Innovaci\u00f3n de Espa\u00f1a, una distinci\u00f3n que destaca nuestra contribuci\u00f3n continua al avance sostenible y tecnol\u00f3gico de la industria textil.<\/p><\/div>\n\t\t\t\t\t\n\t\t\t\t\t\t\t\t\t\t\t<div class=\"adrasa-recognition__logos\">\n\t\t\t\t\t\t\t\t\t\t\t\t\t\t\t\t\t\t\t\t\t\t\t<div class=\"adrasa-recognition__logo-item\" style=\"--item-w:31%;--item-align:flex-start;\">\n\t\t\t\t\t\t\t\t\t\t\t\t\t\t\t\t\t\t\t<img decoding=\"async\" class=\"adrasa-recognition__logo-img\" src=\"https:\/\/www.adrasa.com\/wp-content\/uploads\/2026\/02\/eureka_logo_baseline_horizontal_color_rgb_big-2-3-1.png\" alt=\"\" loading=\"lazy\">\n\t\t\t\t\t\t\t\t\t\t\t\t\t\t\t\t\t<\/div>\n\t\t\t\t\t\t\t\t\t\t\t\t\t\t\t\t\t\t\t\t\t\t\t<div class=\"adrasa-recognition__logo-item\" style=\"--item-w:31%;--item-align:flex-start;\">\n\t\t\t\t\t\t\t\t\t\t\t\t\t\t\t\t\t\t\t<img decoding=\"async\" class=\"adrasa-recognition__logo-img\" src=\"https:\/\/www.adrasa.com\/wp-content\/uploads\/2026\/02\/eureka_logo_baseline_horizontal_color_rgb_big-2-4.png\" alt=\"\" loading=\"lazy\">\n\t\t\t\t\t\t\t\t\t\t\t\t\t\t\t\t\t<\/div>\n\t\t\t\t\t\t\t\t\t\t\t\t\t\t\t\t\t\t\t\t\t\t\t<div class=\"adrasa-recognition__logo-item\" style=\"--item-w:31%;--item-align:flex-start;\">\n\t\t\t\t\t\t\t\t\t\t\t\t\t\t\t\t\t\t\t<img decoding=\"async\" class=\"adrasa-recognition__logo-img\" src=\"https:\/\/www.adrasa.com\/wp-content\/uploads\/2026\/02\/eureka_logo_baseline_horizontal_color_rgb_big-2-1.png\" alt=\"\" loading=\"lazy\">\n\t\t\t\t\t\t\t\t\t\t\t\t\t\t\t\t\t<\/div>\n\t\t\t\t\t\t\t\t\t\t\t\t\t\t\t\t\t\t\t\t\t\t\t<div class=\"adrasa-recognition__logo-item\" style=\"--item-w:31%;--item-align:flex-start;\">\n\t\t\t\t\t\t\t\t\t\t\t\t\t\t\t\t\t\t\t<img decoding=\"async\" class=\"adrasa-recognition__logo-img\" src=\"https:\/\/www.adrasa.com\/wp-content\/uploads\/2026\/02\/ff04989c-5a2e-4c14-85a5-150ece80062d-1.png\" alt=\"\" loading=\"lazy\">\n\t\t\t\t\t\t\t\t\t\t\t\t\t\t\t\t\t<\/div>\n\t\t\t\t\t\t\t\t\t\t\t\t\t<\/div>\n\t\t\t\t\t\t\t\t\t<\/div>\n\t\t\t<\/div>\n\t\t<\/section>\n\t\t\t\t\t\t<\/div>\n\t\t\t\t<\/div>\n\t\t\t\t\t<\/div>\n\t\t\t\t<\/div>\n\t\t<div class=\"elementor-element elementor-element-585e592 e-flex e-con-boxed e-con e-parent\" data-id=\"585e592\" data-element_type=\"container\" data-e-type=\"container\" data-settings=\"{&quot;background_background&quot;:&quot;classic&quot;}\">\n\t\t\t\t\t<div class=\"e-con-inner\">\n\t\t\t\t\t<\/div>\n\t\t\t\t<\/div>\n\t\t\t\t<\/div>\n\t\t","protected":false},"excerpt":{"rendered":"<p>Del laboratorio a la ampliaci\u00f3n: una d\u00e9cada de I+D aplicada En ADRASA, la innovaci\u00f3n significa traducir la qu\u00edmica en desempe\u00f1o y el desempe\u00f1o en sostenibilidad. Durante la \u00faltima d\u00e9cada, hemos desarrollado m\u00faltiples proyectos de I+D en colaboraci\u00f3n con marcas, f\u00e1bricas e instituciones de toda Europa. Cada iniciativa representa un paso hacia procesos textiles m\u00e1s eficientes, [&hellip;]<\/p>\n","protected":false},"author":0,"featured_media":0,"parent":2268,"menu_order":0,"comment_status":"closed","ping_status":"closed","template":"elementor_header_footer","meta":{"_acf_changed":false,"footnotes":""},"class_list":["post-2274","page","type-page","status-publish","hentry"],"acf":[],"yoast_head":"<!-- This site is optimized with the Yoast SEO plugin v27.4 - https:\/\/yoast.com\/product\/yoast-seo-wordpress\/ -->\n<title>Proyectos de innovaci\u00f3n y reconocimientos - ADRASA - Assessors Del Ram d&#039;Aigua, S.A.<\/title>\n<meta name=\"robots\" content=\"index, follow, max-snippet:-1, max-image-preview:large, max-video-preview:-1\" \/>\n<link rel=\"canonical\" href=\"https:\/\/www.adrasa.com\/es\/innovacion\/proyectos-de-innovacion\/\" \/>\n<meta property=\"og:locale\" content=\"es_ES\" \/>\n<meta property=\"og:type\" content=\"article\" \/>\n<meta property=\"og:title\" content=\"Proyectos de innovaci\u00f3n y reconocimientos - ADRASA - Assessors Del Ram d&#039;Aigua, S.A.\" \/>\n<meta property=\"og:description\" content=\"Del laboratorio a la ampliaci\u00f3n: una d\u00e9cada de I+D aplicada En ADRASA, la innovaci\u00f3n significa traducir la qu\u00edmica en desempe\u00f1o y el desempe\u00f1o en sostenibilidad. Durante la \u00faltima d\u00e9cada, hemos desarrollado m\u00faltiples proyectos de I+D en colaboraci\u00f3n con marcas, f\u00e1bricas e instituciones de toda Europa. Cada iniciativa representa un paso hacia procesos textiles m\u00e1s eficientes, [&hellip;]\" \/>\n<meta property=\"og:url\" content=\"https:\/\/www.adrasa.com\/es\/innovacion\/proyectos-de-innovacion\/\" \/>\n<meta property=\"og:site_name\" content=\"ADRASA - Assessors Del Ram d&#039;Aigua, S.A.\" \/>\n<meta property=\"article:modified_time\" content=\"2026-04-12T17:14:53+00:00\" \/>\n<meta property=\"og:image\" content=\"https:\/\/www.adrasa.com\/wp-content\/uploads\/2026\/02\/arrow-up-right-white.svg\" \/>\n<meta name=\"twitter:card\" content=\"summary_large_image\" \/>\n<meta name=\"twitter:label1\" content=\"Tiempo de lectura\" \/>\n\t<meta name=\"twitter:data1\" content=\"2 minutos\" \/>\n<script type=\"application\/ld+json\" class=\"yoast-schema-graph\">{\"@context\":\"https:\\\/\\\/schema.org\",\"@graph\":[{\"@type\":\"WebPage\",\"@id\":\"https:\\\/\\\/www.adrasa.com\\\/es\\\/innovacion\\\/proyectos-de-innovacion\\\/\",\"url\":\"https:\\\/\\\/www.adrasa.com\\\/es\\\/innovacion\\\/proyectos-de-innovacion\\\/\",\"name\":\"Proyectos de innovaci\u00f3n y reconocimientos - ADRASA - Assessors Del Ram d&#039;Aigua, S.A.\",\"isPartOf\":{\"@id\":\"https:\\\/\\\/www.adrasa.com\\\/es\\\/#website\"},\"primaryImageOfPage\":{\"@id\":\"https:\\\/\\\/www.adrasa.com\\\/es\\\/innovacion\\\/proyectos-de-innovacion\\\/#primaryimage\"},\"image\":{\"@id\":\"https:\\\/\\\/www.adrasa.com\\\/es\\\/innovacion\\\/proyectos-de-innovacion\\\/#primaryimage\"},\"thumbnailUrl\":\"https:\\\/\\\/www.adrasa.com\\\/wp-content\\\/uploads\\\/2026\\\/02\\\/arrow-up-right-white.svg\",\"datePublished\":\"2026-04-12T17:14:50+00:00\",\"dateModified\":\"2026-04-12T17:14:53+00:00\",\"breadcrumb\":{\"@id\":\"https:\\\/\\\/www.adrasa.com\\\/es\\\/innovacion\\\/proyectos-de-innovacion\\\/#breadcrumb\"},\"inLanguage\":\"es\",\"potentialAction\":[{\"@type\":\"ReadAction\",\"target\":[\"https:\\\/\\\/www.adrasa.com\\\/es\\\/innovacion\\\/proyectos-de-innovacion\\\/\"]}]},{\"@type\":\"ImageObject\",\"inLanguage\":\"es\",\"@id\":\"https:\\\/\\\/www.adrasa.com\\\/es\\\/innovacion\\\/proyectos-de-innovacion\\\/#primaryimage\",\"url\":\"https:\\\/\\\/www.adrasa.com\\\/wp-content\\\/uploads\\\/2026\\\/02\\\/arrow-up-right-white.svg\",\"contentUrl\":\"https:\\\/\\\/www.adrasa.com\\\/wp-content\\\/uploads\\\/2026\\\/02\\\/arrow-up-right-white.svg\"},{\"@type\":\"BreadcrumbList\",\"@id\":\"https:\\\/\\\/www.adrasa.com\\\/es\\\/innovacion\\\/proyectos-de-innovacion\\\/#breadcrumb\",\"itemListElement\":[{\"@type\":\"ListItem\",\"position\":1,\"name\":\"Portada\",\"item\":\"https:\\\/\\\/www.adrasa.com\\\/es\\\/\"},{\"@type\":\"ListItem\",\"position\":2,\"name\":\"Innovaci\u00f3n\",\"item\":\"https:\\\/\\\/www.adrasa.com\\\/es\\\/innovation\\\/\"},{\"@type\":\"ListItem\",\"position\":3,\"name\":\"Proyectos de innovaci\u00f3n y reconocimientos\"}]},{\"@type\":\"WebSite\",\"@id\":\"https:\\\/\\\/www.adrasa.com\\\/es\\\/#website\",\"url\":\"https:\\\/\\\/www.adrasa.com\\\/es\\\/\",\"name\":\"Adrasa, Sustainable textile finishing, from lab to scale\",\"description\":\"Sustainable textile finishing, from lab to scale\",\"publisher\":{\"@id\":\"https:\\\/\\\/www.adrasa.com\\\/es\\\/#organization\"},\"alternateName\":\"ADRASA (Assessors del Ram D'Aigua, S.A.)\",\"potentialAction\":[{\"@type\":\"SearchAction\",\"target\":{\"@type\":\"EntryPoint\",\"urlTemplate\":\"https:\\\/\\\/www.adrasa.com\\\/es\\\/?s={search_term_string}\"},\"query-input\":{\"@type\":\"PropertyValueSpecification\",\"valueRequired\":true,\"valueName\":\"search_term_string\"}}],\"inLanguage\":\"es\"},{\"@type\":\"Organization\",\"@id\":\"https:\\\/\\\/www.adrasa.com\\\/es\\\/#organization\",\"name\":\"Adrasa, Sustainable textile finishing, from lab to scale\",\"url\":\"https:\\\/\\\/www.adrasa.com\\\/es\\\/\",\"logo\":{\"@type\":\"ImageObject\",\"inLanguage\":\"es\",\"@id\":\"https:\\\/\\\/www.adrasa.com\\\/es\\\/#\\\/schema\\\/logo\\\/image\\\/\",\"url\":\"https:\\\/\\\/www.adrasa.com\\\/wp-content\\\/uploads\\\/2025\\\/12\\\/logo_ADRASA_claim.webp\",\"contentUrl\":\"https:\\\/\\\/www.adrasa.com\\\/wp-content\\\/uploads\\\/2025\\\/12\\\/logo_ADRASA_claim.webp\",\"width\":578,\"height\":122,\"caption\":\"Adrasa, Sustainable textile finishing, from lab to scale\"},\"image\":{\"@id\":\"https:\\\/\\\/www.adrasa.com\\\/es\\\/#\\\/schema\\\/logo\\\/image\\\/\"},\"sameAs\":[\"https:\\\/\\\/www.instagram.com\\\/adrasa_textile_finishing\\\/\"]}]}<\/script>\n<!-- \/ Yoast SEO plugin. -->","yoast_head_json":{"title":"Proyectos de innovaci\u00f3n y reconocimientos - ADRASA - Assessors Del Ram d&#039;Aigua, S.A.","robots":{"index":"index","follow":"follow","max-snippet":"max-snippet:-1","max-image-preview":"max-image-preview:large","max-video-preview":"max-video-preview:-1"},"canonical":"https:\/\/www.adrasa.com\/es\/innovacion\/proyectos-de-innovacion\/","og_locale":"es_ES","og_type":"article","og_title":"Proyectos de innovaci\u00f3n y reconocimientos - ADRASA - Assessors Del Ram d&#039;Aigua, S.A.","og_description":"Del laboratorio a la ampliaci\u00f3n: una d\u00e9cada de I+D aplicada En ADRASA, la innovaci\u00f3n significa traducir la qu\u00edmica en desempe\u00f1o y el desempe\u00f1o en sostenibilidad. Durante la \u00faltima d\u00e9cada, hemos desarrollado m\u00faltiples proyectos de I+D en colaboraci\u00f3n con marcas, f\u00e1bricas e instituciones de toda Europa. Cada iniciativa representa un paso hacia procesos textiles m\u00e1s eficientes, [&hellip;]","og_url":"https:\/\/www.adrasa.com\/es\/innovacion\/proyectos-de-innovacion\/","og_site_name":"ADRASA - Assessors Del Ram d&#039;Aigua, S.A.","article_modified_time":"2026-04-12T17:14:53+00:00","og_image":[{"url":"https:\/\/www.adrasa.com\/wp-content\/uploads\/2026\/02\/arrow-up-right-white.svg","type":"","width":"","height":""}],"twitter_card":"summary_large_image","twitter_misc":{"Tiempo de lectura":"2 minutos"},"schema":{"@context":"https:\/\/schema.org","@graph":[{"@type":"WebPage","@id":"https:\/\/www.adrasa.com\/es\/innovacion\/proyectos-de-innovacion\/","url":"https:\/\/www.adrasa.com\/es\/innovacion\/proyectos-de-innovacion\/","name":"Proyectos de innovaci\u00f3n y reconocimientos - ADRASA - Assessors Del Ram d&#039;Aigua, S.A.","isPartOf":{"@id":"https:\/\/www.adrasa.com\/es\/#website"},"primaryImageOfPage":{"@id":"https:\/\/www.adrasa.com\/es\/innovacion\/proyectos-de-innovacion\/#primaryimage"},"image":{"@id":"https:\/\/www.adrasa.com\/es\/innovacion\/proyectos-de-innovacion\/#primaryimage"},"thumbnailUrl":"https:\/\/www.adrasa.com\/wp-content\/uploads\/2026\/02\/arrow-up-right-white.svg","datePublished":"2026-04-12T17:14:50+00:00","dateModified":"2026-04-12T17:14:53+00:00","breadcrumb":{"@id":"https:\/\/www.adrasa.com\/es\/innovacion\/proyectos-de-innovacion\/#breadcrumb"},"inLanguage":"es","potentialAction":[{"@type":"ReadAction","target":["https:\/\/www.adrasa.com\/es\/innovacion\/proyectos-de-innovacion\/"]}]},{"@type":"ImageObject","inLanguage":"es","@id":"https:\/\/www.adrasa.com\/es\/innovacion\/proyectos-de-innovacion\/#primaryimage","url":"https:\/\/www.adrasa.com\/wp-content\/uploads\/2026\/02\/arrow-up-right-white.svg","contentUrl":"https:\/\/www.adrasa.com\/wp-content\/uploads\/2026\/02\/arrow-up-right-white.svg"},{"@type":"BreadcrumbList","@id":"https:\/\/www.adrasa.com\/es\/innovacion\/proyectos-de-innovacion\/#breadcrumb","itemListElement":[{"@type":"ListItem","position":1,"name":"Portada","item":"https:\/\/www.adrasa.com\/es\/"},{"@type":"ListItem","position":2,"name":"Innovaci\u00f3n","item":"https:\/\/www.adrasa.com\/es\/innovation\/"},{"@type":"ListItem","position":3,"name":"Proyectos de innovaci\u00f3n y reconocimientos"}]},{"@type":"WebSite","@id":"https:\/\/www.adrasa.com\/es\/#website","url":"https:\/\/www.adrasa.com\/es\/","name":"Adrasa, Sustainable textile finishing, from lab to scale","description":"Sustainable textile finishing, from lab to scale","publisher":{"@id":"https:\/\/www.adrasa.com\/es\/#organization"},"alternateName":"ADRASA (Assessors del Ram D'Aigua, S.A.)","potentialAction":[{"@type":"SearchAction","target":{"@type":"EntryPoint","urlTemplate":"https:\/\/www.adrasa.com\/es\/?s={search_term_string}"},"query-input":{"@type":"PropertyValueSpecification","valueRequired":true,"valueName":"search_term_string"}}],"inLanguage":"es"},{"@type":"Organization","@id":"https:\/\/www.adrasa.com\/es\/#organization","name":"Adrasa, Sustainable textile finishing, from lab to scale","url":"https:\/\/www.adrasa.com\/es\/","logo":{"@type":"ImageObject","inLanguage":"es","@id":"https:\/\/www.adrasa.com\/es\/#\/schema\/logo\/image\/","url":"https:\/\/www.adrasa.com\/wp-content\/uploads\/2025\/12\/logo_ADRASA_claim.webp","contentUrl":"https:\/\/www.adrasa.com\/wp-content\/uploads\/2025\/12\/logo_ADRASA_claim.webp","width":578,"height":122,"caption":"Adrasa, Sustainable textile finishing, from lab to scale"},"image":{"@id":"https:\/\/www.adrasa.com\/es\/#\/schema\/logo\/image\/"},"sameAs":["https:\/\/www.instagram.com\/adrasa_textile_finishing\/"]}]}},"_links":{"self":[{"href":"https:\/\/www.adrasa.com\/es\/wp-json\/wp\/v2\/pages\/2274","targetHints":{"allow":["GET"]}}],"collection":[{"href":"https:\/\/www.adrasa.com\/es\/wp-json\/wp\/v2\/pages"}],"about":[{"href":"https:\/\/www.adrasa.com\/es\/wp-json\/wp\/v2\/types\/page"}],"replies":[{"embeddable":true,"href":"https:\/\/www.adrasa.com\/es\/wp-json\/wp\/v2\/comments?post=2274"}],"version-history":[{"count":1,"href":"https:\/\/www.adrasa.com\/es\/wp-json\/wp\/v2\/pages\/2274\/revisions"}],"predecessor-version":[{"id":2275,"href":"https:\/\/www.adrasa.com\/es\/wp-json\/wp\/v2\/pages\/2274\/revisions\/2275"}],"up":[{"embeddable":true,"href":"https:\/\/www.adrasa.com\/es\/wp-json\/wp\/v2\/pages\/2268"}],"wp:attachment":[{"href":"https:\/\/www.adrasa.com\/es\/wp-json\/wp\/v2\/media?parent=2274"}],"curies":[{"name":"wp","href":"https:\/\/api.w.org\/{rel}","templated":true}]}}