{"id":2268,"date":"2026-04-12T19:14:36","date_gmt":"2026-04-12T17:14:36","guid":{"rendered":"https:\/\/www.adrasa.com\/innovacion\/"},"modified":"2026-04-12T19:14:43","modified_gmt":"2026-04-12T17:14:43","slug":"innovacion","status":"publish","type":"page","link":"https:\/\/www.adrasa.com\/es\/innovacion\/","title":{"rendered":"Innovaci\u00f3n"},"content":{"rendered":"\t\t<div data-elementor-type=\"wp-page\" data-elementor-id=\"2268\" class=\"elementor elementor-2268 elementor-1118\" data-elementor-post-type=\"page\">\n\t\t\t\t<div class=\"elementor-element elementor-element-6978b10 adrasa-innovation-hero-section e-flex e-con-boxed e-con e-parent\" data-id=\"6978b10\" data-element_type=\"container\" data-e-type=\"container\" data-settings=\"{&quot;background_background&quot;:&quot;classic&quot;}\">\n\t\t\t\t\t<div class=\"e-con-inner\">\n\t\t\t\t<div class=\"elementor-element elementor-element-76febe4 elementor-widget__width-initial adrasa-innovation-hero elementor-widget elementor-widget-adrasa-hero\" data-id=\"76febe4\" data-element_type=\"widget\" data-e-type=\"widget\" data-widget_type=\"adrasa-hero.default\">\n\t\t\t\t<div class=\"elementor-widget-container\">\n\t\t\t\t\t\t\t<section class=\"adrasa-hero adrasa-hero--left\">\n\t\t\t<div class=\"container\">\n\t\t\t\t<div class=\"adrasa-hero__grid\">\n\t\t\t\t\t<div class=\"adrasa-hero__block adrasa-hero__block--top\">\n\n\t\t\t\t\t\t\n\t\t\t\t\t\t\t\t\t<h1 class=\"adrasa-hero__title adrasa-hero__title--stacked\">\n\t\t\t\t\t\t\t<span class=\"adrasa-hero__title-line\">Donde la qu\u00edmica <span class=\"adrasa-hero__title-italic\">evoluciona a trav\u00e9s de<\/span> la colaboraci\u00f3n<\/span>\n\t\t\t\t\t\t<\/h1>\n\t\t\n\t\t\t\t\t\t\t\n\t\t\t\t\t\t\t\t\t\t\t\t\t\t\t<div class=\"adrasa-hero__desc-block\"><p><strong>En ADRASA, la innovaci\u00f3n no es s\u00f3lo investigaci\u00f3n: es la b\u00fasqueda diaria de una qu\u00edmica textil m\u00e1s inteligente, segura y eficiente.<\/strong><\/p><p>Trabajamos codo a codo con marcas, f\u00e1bricas e institutos de investigaci\u00f3n para convertir ideas en soluciones escalables y de alto rendimiento.<br><br>Desde la mesa de laboratorio hasta la implementaci\u00f3n industrial, cada proyecto que desarrollamos acerca a la industria a un futuro sostenible.<\/p><\/div>\n\t\t\t\t\t\t\t\n\t\t\t\t\t\t\t\t\t\t\t\t\t\t\t\t<div class=\"adrasa-hero__buttons\" aria-label=\"Llamadas a la acci\u00f3n\">\n\t\t\t\t\t\t\t\t\t\t\t<a href=\"https:\/\/www.adrasa.com\/es\/innovacion\/colaboraciones\/\"\n\t\t\t\t\tclass=\"adrasa-hero__btn adrasa-hero__btn--primary\">\n\t\t\t\t\t<span class=\"adrasa-hero__btn-text\">Explora nuestras colaboraciones de I+D<\/span>\n\n\t\t\t\t\t\t\t\t\t\t\t<span class=\"adrasa-hero__btn-icon\" aria-hidden=\"true\">\n\t\t\t\t\t\t\t<img decoding=\"async\" src=\"https:\/\/www.adrasa.com\/wp-content\/uploads\/2025\/12\/arrow-cta.svg\" alt=\"\" \/>\n\t\t\t\t\t\t<\/span>\n\t\t\t\t\t\t\t\t\t<\/a>\n\t\t\t\t\t<\/div>\n\t\t\n\t\t\t\t\t\t\n\t\t\t\t\t<\/div>\n\n\t\t\t\t\t<div class=\"adrasa-hero__block adrasa-hero__block--bottom\"><\/div>\n\t\t\t\t<\/div>\n\t\t\t<\/div>\n\t\t<\/section>\n\t\t\t\t\t\t<\/div>\n\t\t\t\t<\/div>\n\t\t\t\t<div class=\"elementor-element elementor-element-a5e1e13 adrasa-innovation-dual-story elementor-widget elementor-widget-adrasa-dual-story\" data-id=\"a5e1e13\" data-element_type=\"widget\" data-e-type=\"widget\" data-widget_type=\"adrasa-dual-story.default\">\n\t\t\t\t<div class=\"elementor-widget-container\">\n\t\t\t\t\t\t\t<section class=\"adrasa-dstory\" style=\"--adrasa-dstory-right-card-bg-image:url(&#039;https:\/\/www.adrasa.com\/wp-content\/uploads\/2026\/02\/innovation-post-hero-rs-vg-1.png&#039;)\">\n\t\t\t<div class=\"container\">\n\t\t\t\t<div class=\"adrasa-dstory__grid\">\n\t\t\t\t\t<div class=\"adrasa-dstory__left\">\n\t\t\t\t\t\t<h2 class=\"adrasa-dstory__title\"><span class=\"adrasa-dstory__title-regular\">Del <\/span><span class=\"adrasa-dstory__title-italic\">laboratorio<\/span><span class=\"adrasa-dstory__title-regular\"> a la planta<\/span><\/h2>\n\n\t\t\t\t\t\t\t\t\t\t\t\t\t<p class=\"adrasa-dstory__subtitle\">Investigaci\u00f3n con impacto real<\/p>\n\t\t\t\t\t\t\n\t\t\t\t\t\t\t\t\t\t\t\t\t<div class=\"adrasa-dstory__text\"><p>El laboratorio de ADRASA es el lugar donde la qu\u00edmica se encuentra con la creatividad.<\/p><p>Aqu\u00ed, nuestros equipos de I+D dise\u00f1an, prueban y optimizan nuevas formulaciones, desde repelentes sin fl\u00faor hasta sistemas de te\u00f1ido con pigmentos, garantizando que cada innovaci\u00f3n funcione en el laboratorio y en la producci\u00f3n.<\/p><\/div>\n\t\t\t\t\t\t\n\t\t\t\t\t\t\n\t\t\t\t\t\t\t\t\t\t\t\t\t<div class=\"adrasa-dstory__left-image\">\n\t\t\t\t\t\t\t\t<img decoding=\"async\" src=\"https:\/\/www.adrasa.com\/wp-content\/uploads\/2026\/02\/innovation-post-hero.png\" alt=\"\" loading=\"lazy\">\n\t\t\t\t\t\t\t<\/div>\n\t\t\t\t\t\t\t\t\t\t\t<\/div>\n\n\t\t\t\t\t<div class=\"adrasa-dstory__right-card\">\n\t\t\t\t\t\t<h2 class=\"adrasa-dstory__title\"><\/h2>\n\n\t\t\t\t\t\t\n\t\t\t\t\t\t\t\t\t\t\t\t\t<div class=\"adrasa-dstory__text\"><p><strong>Cada desarrollo sigue un riguroso proceso de validaci\u00f3n de reproducibilidad, seguridad y eficiencia.<\/strong><\/p><\/div>\n\t\t\t\t\t\t\n\t\t\t\t\t\t\t\t\t\t\t\t\t<div class=\"adrasa-dstory__strip-image\">\n\t\t\t\t\t\t\t\t<img decoding=\"async\" src=\"https:\/\/www.adrasa.com\/wp-content\/uploads\/2026\/02\/innovation-post-hero-rimg-s-vg-12.png\" alt=\"\" loading=\"lazy\">\n\t\t\t\t\t\t\t<\/div>\n\t\t\t\t\t\t\n\t\t\t\t\t\t\n\t\t\t\t\t\t\n\t\t\t\t\t\t\t\t\t\t\t\t\t<a class=\"adrasa-dstory__cta\" href=\"\/es\/innovacion\/proyectos-de-innovacion\/\">\n\t\t\t\t\t\t\t\t<span>Descubre nuestros \u00faltimos desarrollos<\/span>\n\t\t\t\t\t\t\t\t\t\t\t\t\t\t\t\t\t<span class=\"adrasa-dstory__cta-icon\" aria-hidden=\"true\">\n\t\t\t\t\t\t\t\t\t\t\t\t\t\t\t\t\t\t\t\t\t<img decoding=\"async\" class=\"adrasa-dstory__cta-icon-img adrasa-dstory__cta-icon-img--default\" src=\"https:\/\/www.adrasa.com\/wp-content\/uploads\/2025\/12\/right-up.svg\" alt=\"\">\n\t\t\t\t\t\t\t\t\t\t\t\t\t\t\t\t\t\t\t\t\t\t\t<img decoding=\"async\" class=\"adrasa-dstory__cta-icon-img adrasa-dstory__cta-icon-img--hover\" src=\"https:\/\/www.adrasa.com\/wp-content\/uploads\/2025\/12\/right-up.svg\" alt=\"\">\n\t\t\t\t\t\t\t\t\t\t\t\t\t\t\t\t\t\t\t\t\t\t\t\t\t\t\t\t\t\t<\/span>\n\t\t\t\t\t\t\t\t\t\t\t\t\t\t\t<\/a>\n\t\t\t\t\t\t\t\t\t\t\t<\/div>\n\t\t\t\t<\/div>\n\t\t\t<\/div>\n\t\t<\/section>\n\t\t\t\t\t\t<\/div>\n\t\t\t\t<\/div>\n\t\t\t\t\t<\/div>\n\t\t\t\t<\/div>\n\t\t<div class=\"elementor-element elementor-element-7f1ace55 adrasa-innovation-rd-section e-flex e-con-boxed e-con e-parent\" data-id=\"7f1ace55\" data-element_type=\"container\" data-e-type=\"container\">\n\t\t\t\t\t<div class=\"e-con-inner\">\n\t\t<div class=\"elementor-element elementor-element-15999034 e-con-full e-flex e-con e-child\" data-id=\"15999034\" data-element_type=\"container\" data-e-type=\"container\">\n\t\t\t\t<div class=\"elementor-element elementor-element-6cc579d2 adrasa-innovation-rd-title elementor-widget elementor-widget-adrasa-title\" data-id=\"6cc579d2\" data-element_type=\"widget\" data-e-type=\"widget\" data-widget_type=\"adrasa-title.default\">\n\t\t\t\t<div class=\"elementor-widget-container\">\n\t\t\t\t\t\t\t\t<h2 class=\"adrasa-title\" data-align=\"center\">\n\t\t\t\t<span class=\"adrasa-title__italic\">Colaborativo<\/span><span class=\"adrasa-title__regular\">I+D<\/span>\t\t\t<\/h2>\n\t\t\t\t\t\t<\/div>\n\t\t\t\t<\/div>\n\t\t\t\t<div class=\"elementor-element elementor-element-f818ac8 elementor-widget__width-initial elementor-widget elementor-widget-text-editor\" data-id=\"f818ac8\" data-element_type=\"widget\" data-e-type=\"widget\" data-widget_type=\"text-editor.default\">\n\t\t\t\t\t\t\t\t\t<p><strong>Alianzas que impulsan la transformaci\u00f3n<\/strong><\/p><p>Creemos que las mejores innovaciones surgen de la colaboraci\u00f3n. Por eso ADRASA colabora con fabricantes textiles, universidades y centros tecnol\u00f3gicos de toda Europa en proyectos de investigaci\u00f3n aplicada que conectan la ciencia con la sostenibilidad.<\/p>\t\t\t\t\t\t\t\t<\/div>\n\t\t\t\t<div class=\"elementor-element elementor-element-1dd01ce0 adrasa-innovation-rd-grid elementor-widget elementor-widget-adrasa-grid\" data-id=\"1dd01ce0\" data-element_type=\"widget\" data-e-type=\"widget\" data-widget_type=\"adrasa-grid.default\">\n\t\t\t\t<div class=\"elementor-widget-container\">\n\t\t\t\t\t    <div id=\"adrasa-grid-1dd01ce0\" class=\"adrasa-grid adrasa-grid--split adrasa-grid--count-3\" style=\"--adrasa-overlay-image: url(https:\/\/www.adrasa.com\/wp-content\/uploads\/2026\/02\/three-cards-image-overlay.png);\" data-adrasa-count=\"3\">\n      <div class=\"adrasa-grid__wrap\" data-adrasa-wrap>\n        <div class=\"adrasa-grid__items\" data-adrasa-track>\n                          <article class=\"adrasa-scard\" data-adrasa-scard style=\"--adrasa-split-img: url(https:\/\/www.adrasa.com\/wp-content\/uploads\/2026\/02\/three-cards-image-1.png);\">\n      <div class=\"adrasa-scard__content\">\n                  <h3 class=\"adrasa-scard__title\">\n            Proyectos de I+D del CDTI          <\/h3>\n        \n        \n                  <div class=\"adrasa-scard__text\"><p>para qu\u00edmicas ecoomnif\u00f3bicas.<\/p><\/div>\n        \n              <\/div>\n\n          <\/article>\n                              <article class=\"adrasa-scard\" data-adrasa-scard style=\"--adrasa-split-img: url(https:\/\/www.adrasa.com\/wp-content\/uploads\/2026\/02\/three-cards-image-2.png);\">\n      <div class=\"adrasa-scard__content\">\n                  <h3 class=\"adrasa-scard__title\">\n            Subvenciones del EEE          <\/h3>\n        \n        \n                  <div class=\"adrasa-scard__text\"><p>apoyando iniciativas textiles circulares.<\/p><\/div>\n        \n              <\/div>\n\n          <\/article>\n                              <article class=\"adrasa-scard\" data-adrasa-scard style=\"--adrasa-split-img: url(https:\/\/www.adrasa.com\/wp-content\/uploads\/2026\/02\/three-cards-image-3.png);\">\n      <div class=\"adrasa-scard__content\">\n                  <h3 class=\"adrasa-scard__title\">\n            Proyectos europeos de econom\u00eda circular          <\/h3>\n        \n        \n                  <div class=\"adrasa-scard__text\"><p>como rCAF\u00c9, que explora la valorizaci\u00f3n de residuos de posos de caf\u00e9.<\/p><\/div>\n        \n              <\/div>\n\n          <\/article>\n                      <\/div>\n\n        \n        \n      <\/div>\n    <\/div>\n    \t\t\t\t<\/div>\n\t\t\t\t<\/div>\n\t\t\t\t<\/div>\n\t\t\t\t\t<\/div>\n\t\t\t\t<\/div>\n\t\t<div class=\"elementor-element elementor-element-18b7a08 adrasa-innovation-circularity-section e-flex e-con-boxed e-con e-parent\" data-id=\"18b7a08\" data-element_type=\"container\" data-e-type=\"container\">\n\t\t\t\t\t<div class=\"e-con-inner\">\n\t\t\t\t<div class=\"elementor-element elementor-element-e564a48 adrasa-innovation-media-split elementor-widget elementor-widget-adrasa-media-split\" data-id=\"e564a48\" data-element_type=\"widget\" data-e-type=\"widget\" data-widget_type=\"adrasa-media-split.default\">\n\t\t\t\t<div class=\"elementor-widget-container\">\n\t\t\t\t\t\t\t<section class=\"adrasa-media-split\">\n\t\t\t<div class=\"container\">\n\t\t\t\t<div class=\"adrasa-media-split__grid\">\n\t\t\t\t\t<div class=\"adrasa-media-split__content\">\n\t\t\t\t\t\t<h2 class=\"adrasa-media-split__title\"><span class=\"adrasa-media-split__title-regular\">Dise\u00f1ado para la <\/span><span class=\"adrasa-media-split__title-italic\">circularidad<\/span><\/h2>\n\n\t\t\t\t\t\t\t\t\t\t\t\t\t<p class=\"adrasa-media-split__subtitle\">Innovaci\u00f3n con prop\u00f3sito<\/p>\n\t\t\t\t\t\t\n\t\t\t\t\t\t\t\t\t\t\t\t\t<div class=\"adrasa-media-split__text\"><p>Cada desarrollo de ADRASA tiene como objetivo reducir el impacto ambiental, a trav\u00e9s de materias primas renovables, componentes biodegradables y procesos eficientes en el uso de recursos.<\/p><p>Este compromiso se extiende a todas las l\u00edneas de I+D: desde productos qu\u00edmicos libres de PFAS y formulaciones a base de agua hasta sistemas que ahorran energ\u00eda y minimizan los residuos.<\/p><\/div>\n\t\t\t\t\t\t\n\t\t\t\t\t\t\t\t\t\t\t\t\t<a class=\"adrasa-btn adrasa-btn--outline adrasa-media-split__cta\" href=\"\/es\/sostenibilidad\/quimica-responsable\/\">\n\t\t\t\t\t\t\t\t<span>Explora la qu\u00edmica responsable<\/span>\n\t\t\t\t\t\t\t\t\t\t\t\t\t\t\t\t\t<span class=\"adrasa-btn__icon adrasa-media-split__cta-icon\" aria-hidden=\"true\">\n\t\t\t\t\t\t\t\t\t\t\t\t\t\t\t\t\t\t\t\t\t<img decoding=\"async\" class=\"adrasa-media-split__cta-icon-img adrasa-media-split__cta-icon-img--default\" src=\"https:\/\/www.adrasa.com\/wp-content\/uploads\/2025\/12\/arrow-cta.svg\" alt=\"\">\n\t\t\t\t\t\t\t\t\t\t\t\t\t\t\t\t\t\t\t\t\t\t\t<img decoding=\"async\" class=\"adrasa-media-split__cta-icon-img adrasa-media-split__cta-icon-img--hover\" src=\"https:\/\/www.adrasa.com\/wp-content\/uploads\/2025\/12\/arrow-cta.svg\" alt=\"\">\n\t\t\t\t\t\t\t\t\t\t\t\t\t\t\t\t\t\t\t\t\t\t\t\t\t\t\t\t\t\t<\/span>\n\t\t\t\t\t\t\t\t\t\t\t\t\t\t\t<\/a>\n\t\t\t\t\t\t\t\t\t\t\t<\/div>\n\n\t\t\t\t\t<div class=\"adrasa-media-split__media\">\n\t\t\t\t\t\t\t\t\t\t\t\t\t<div class=\"adrasa-media-split__img adrasa-media-split__img--left\">\n\t\t\t\t\t\t\t\t<img decoding=\"async\" src=\"https:\/\/www.adrasa.com\/wp-content\/uploads\/2026\/02\/design-circularity-img-1.png\" alt=\"\" loading=\"lazy\">\n\t\t\t\t\t\t\t<\/div>\n\t\t\t\t\t\t\n\t\t\t\t\t\t\t\t\t\t\t\t\t<div class=\"adrasa-media-split__img adrasa-media-split__img--right\">\n\t\t\t\t\t\t\t\t<img decoding=\"async\" src=\"https:\/\/www.adrasa.com\/wp-content\/uploads\/2026\/02\/design-circularity-img-2.png\" alt=\"\" loading=\"lazy\">\n\t\t\t\t\t\t\t<\/div>\n\t\t\t\t\t\t\t\t\t\t\t<\/div>\n\t\t\t\t<\/div>\n\t\t\t<\/div>\n\t\t<\/section>\n\t\t\t\t\t\t<\/div>\n\t\t\t\t<\/div>\n\t\t\t\t\t<\/div>\n\t\t\t\t<\/div>\n\t\t<div class=\"elementor-element elementor-element-6bec7adb adrasa-pre-footer-section adrasa-innovation-pre-footer-section e-flex e-con-boxed e-con e-parent\" data-id=\"6bec7adb\" data-element_type=\"container\" data-e-type=\"container\" data-settings=\"{&quot;background_background&quot;:&quot;classic&quot;}\">\n\t\t\t\t\t<div class=\"e-con-inner\">\n\t\t\t\t<div class=\"elementor-element elementor-element-2bf0b8f4 adrasa-pre-footer-hero adrasa-innovation-pre-footer-hero elementor-widget elementor-widget-adrasa-hero\" data-id=\"2bf0b8f4\" data-element_type=\"widget\" data-e-type=\"widget\" data-widget_type=\"adrasa-hero.default\">\n\t\t\t\t<div class=\"elementor-widget-container\">\n\t\t\t\t\t\t\t<section class=\"adrasa-hero adrasa-hero--center\">\n\t\t\t<div class=\"container\">\n\t\t\t\t<div class=\"adrasa-hero__grid\">\n\t\t\t\t\t<div class=\"adrasa-hero__block adrasa-hero__block--top\">\n\n\t\t\t\t\t\t\n\t\t\t\t\t\t\t\t\t<h2 class=\"adrasa-hero__title adrasa-hero__title--stacked\">\n\t\t\t\t\t\t\t<span class=\"adrasa-hero__title-line\"><span class=\"adrasa-hero__title-italic\">Progreso<\/span> compartido<\/span>\n\t\t\t\t\t\t<\/h2>\n\t\t\n\t\t\t\t\t\t\t\n\t\t\t\t\t\t\t\t\t\t\t\t\t\t\t<div class=\"adrasa-hero__desc-block\"><p><strong>La innovaci\u00f3n es un viaje colectivo<\/strong><\/p><p><br>Vemos cada colaboraci\u00f3n como una oportunidad para aprender, mejorar y compartir conocimientos.<br>Al integrar perspectivas t\u00e9cnicas, ambientales y de dise\u00f1o, ADRASA convierte la qu\u00edmica en un motor de transformaci\u00f3n, para los textiles y para el planeta.<\/p><\/div>\n\t\t\t\t\t\t\t\n\t\t\t\t\t\t\t\t\t\t\t\t\t\t\t\t<div class=\"adrasa-hero__buttons\" aria-label=\"Llamadas a la acci\u00f3n\">\n\t\t\t\t\t\t\t\t\t\t\t<a href=\"https:\/\/www.adrasa.com\/es\/contacto\/\"\n\t\t\t\t\tclass=\"adrasa-hero__btn adrasa-hero__btn--tertiary\">\n\t\t\t\t\t<span class=\"adrasa-hero__btn-text\">Colabora con nosotros<\/span>\n\n\t\t\t\t\t\t\t\t\t\t\t<span class=\"adrasa-hero__btn-icon\" aria-hidden=\"true\">\n\t\t\t\t\t\t\t<img decoding=\"async\" src=\"https:\/\/www.adrasa.com\/wp-content\/uploads\/2026\/01\/arrow-up-right-white.svg\" alt=\"\" \/>\n\t\t\t\t\t\t<\/span>\n\t\t\t\t\t\t\t\t\t<\/a>\n\t\t\t\t\t<\/div>\n\t\t\n\t\t\t\t\t\t\n\t\t\t\t\t<\/div>\n\n\t\t\t\t\t<div class=\"adrasa-hero__block adrasa-hero__block--bottom\"><\/div>\n\t\t\t\t<\/div>\n\t\t\t<\/div>\n\t\t<\/section>\n\t\t\t\t\t\t<\/div>\n\t\t\t\t<\/div>\n\t\t\t\t\t<\/div>\n\t\t\t\t<\/div>\n\t\t\t\t<\/div>\n\t\t","protected":false},"excerpt":{"rendered":"<p>Donde la qu\u00edmica evoluciona a trav\u00e9s de la colaboraci\u00f3n En ADRASA, la innovaci\u00f3n no es s\u00f3lo investigaci\u00f3n: es la b\u00fasqueda diaria de una qu\u00edmica textil m\u00e1s inteligente, segura y eficiente. Trabajamos codo a codo con marcas, f\u00e1bricas e institutos de investigaci\u00f3n para convertir ideas en soluciones escalables y de alto rendimiento. Desde la mesa de [&hellip;]<\/p>\n","protected":false},"author":0,"featured_media":0,"parent":0,"menu_order":0,"comment_status":"closed","ping_status":"closed","template":"elementor_header_footer","meta":{"_acf_changed":false,"footnotes":""},"class_list":["post-2268","page","type-page","status-publish","hentry"],"acf":[],"yoast_head":"<!-- This site is optimized with the Yoast SEO plugin v27.4 - https:\/\/yoast.com\/product\/yoast-seo-wordpress\/ -->\n<title>Innovaci\u00f3n - ADRASA - Assessors Del Ram d&#039;Aigua, S.A.<\/title>\n<meta name=\"robots\" content=\"index, follow, max-snippet:-1, max-image-preview:large, max-video-preview:-1\" \/>\n<link rel=\"canonical\" href=\"https:\/\/www.adrasa.com\/es\/innovacion\/\" \/>\n<meta property=\"og:locale\" content=\"es_ES\" \/>\n<meta property=\"og:type\" content=\"article\" \/>\n<meta property=\"og:title\" content=\"Innovaci\u00f3n - ADRASA - Assessors Del Ram d&#039;Aigua, S.A.\" \/>\n<meta property=\"og:description\" content=\"Donde la qu\u00edmica evoluciona a trav\u00e9s de la colaboraci\u00f3n En ADRASA, la innovaci\u00f3n no es s\u00f3lo investigaci\u00f3n: es la b\u00fasqueda diaria de una qu\u00edmica textil m\u00e1s inteligente, segura y eficiente. Trabajamos codo a codo con marcas, f\u00e1bricas e institutos de investigaci\u00f3n para convertir ideas en soluciones escalables y de alto rendimiento. Desde la mesa de [&hellip;]\" \/>\n<meta property=\"og:url\" content=\"https:\/\/www.adrasa.com\/es\/innovacion\/\" \/>\n<meta property=\"og:site_name\" content=\"ADRASA - Assessors Del Ram d&#039;Aigua, S.A.\" \/>\n<meta property=\"article:modified_time\" content=\"2026-04-12T17:14:43+00:00\" \/>\n<meta property=\"og:image\" content=\"https:\/\/www.adrasa.com\/wp-content\/uploads\/2025\/12\/arrow-cta.svg\" \/>\n<meta name=\"twitter:card\" content=\"summary_large_image\" \/>\n<meta name=\"twitter:label1\" content=\"Tiempo de lectura\" \/>\n\t<meta name=\"twitter:data1\" content=\"2 minutos\" \/>\n<script type=\"application\/ld+json\" class=\"yoast-schema-graph\">{\"@context\":\"https:\\\/\\\/schema.org\",\"@graph\":[{\"@type\":\"WebPage\",\"@id\":\"https:\\\/\\\/www.adrasa.com\\\/es\\\/innovacion\\\/\",\"url\":\"https:\\\/\\\/www.adrasa.com\\\/es\\\/innovacion\\\/\",\"name\":\"Innovaci\u00f3n - ADRASA - Assessors Del Ram d&#039;Aigua, S.A.\",\"isPartOf\":{\"@id\":\"https:\\\/\\\/www.adrasa.com\\\/es\\\/#website\"},\"primaryImageOfPage\":{\"@id\":\"https:\\\/\\\/www.adrasa.com\\\/es\\\/innovacion\\\/#primaryimage\"},\"image\":{\"@id\":\"https:\\\/\\\/www.adrasa.com\\\/es\\\/innovacion\\\/#primaryimage\"},\"thumbnailUrl\":\"https:\\\/\\\/www.adrasa.com\\\/wp-content\\\/uploads\\\/2025\\\/12\\\/arrow-cta.svg\",\"datePublished\":\"2026-04-12T17:14:36+00:00\",\"dateModified\":\"2026-04-12T17:14:43+00:00\",\"breadcrumb\":{\"@id\":\"https:\\\/\\\/www.adrasa.com\\\/es\\\/innovacion\\\/#breadcrumb\"},\"inLanguage\":\"es\",\"potentialAction\":[{\"@type\":\"ReadAction\",\"target\":[\"https:\\\/\\\/www.adrasa.com\\\/es\\\/innovacion\\\/\"]}]},{\"@type\":\"ImageObject\",\"inLanguage\":\"es\",\"@id\":\"https:\\\/\\\/www.adrasa.com\\\/es\\\/innovacion\\\/#primaryimage\",\"url\":\"https:\\\/\\\/www.adrasa.com\\\/wp-content\\\/uploads\\\/2025\\\/12\\\/arrow-cta.svg\",\"contentUrl\":\"https:\\\/\\\/www.adrasa.com\\\/wp-content\\\/uploads\\\/2025\\\/12\\\/arrow-cta.svg\"},{\"@type\":\"BreadcrumbList\",\"@id\":\"https:\\\/\\\/www.adrasa.com\\\/es\\\/innovacion\\\/#breadcrumb\",\"itemListElement\":[{\"@type\":\"ListItem\",\"position\":1,\"name\":\"Portada\",\"item\":\"https:\\\/\\\/www.adrasa.com\\\/es\\\/\"},{\"@type\":\"ListItem\",\"position\":2,\"name\":\"Innovaci\u00f3n\"}]},{\"@type\":\"WebSite\",\"@id\":\"https:\\\/\\\/www.adrasa.com\\\/es\\\/#website\",\"url\":\"https:\\\/\\\/www.adrasa.com\\\/es\\\/\",\"name\":\"Adrasa, Sustainable textile finishing, from lab to scale\",\"description\":\"Sustainable textile finishing, from lab to scale\",\"publisher\":{\"@id\":\"https:\\\/\\\/www.adrasa.com\\\/es\\\/#organization\"},\"alternateName\":\"ADRASA (Assessors del Ram D'Aigua, S.A.)\",\"potentialAction\":[{\"@type\":\"SearchAction\",\"target\":{\"@type\":\"EntryPoint\",\"urlTemplate\":\"https:\\\/\\\/www.adrasa.com\\\/es\\\/?s={search_term_string}\"},\"query-input\":{\"@type\":\"PropertyValueSpecification\",\"valueRequired\":true,\"valueName\":\"search_term_string\"}}],\"inLanguage\":\"es\"},{\"@type\":\"Organization\",\"@id\":\"https:\\\/\\\/www.adrasa.com\\\/es\\\/#organization\",\"name\":\"Adrasa, Sustainable textile finishing, from lab to scale\",\"url\":\"https:\\\/\\\/www.adrasa.com\\\/es\\\/\",\"logo\":{\"@type\":\"ImageObject\",\"inLanguage\":\"es\",\"@id\":\"https:\\\/\\\/www.adrasa.com\\\/es\\\/#\\\/schema\\\/logo\\\/image\\\/\",\"url\":\"https:\\\/\\\/www.adrasa.com\\\/wp-content\\\/uploads\\\/2025\\\/12\\\/logo_ADRASA_claim.webp\",\"contentUrl\":\"https:\\\/\\\/www.adrasa.com\\\/wp-content\\\/uploads\\\/2025\\\/12\\\/logo_ADRASA_claim.webp\",\"width\":578,\"height\":122,\"caption\":\"Adrasa, Sustainable textile finishing, from lab to scale\"},\"image\":{\"@id\":\"https:\\\/\\\/www.adrasa.com\\\/es\\\/#\\\/schema\\\/logo\\\/image\\\/\"},\"sameAs\":[\"https:\\\/\\\/www.instagram.com\\\/adrasa_textile_finishing\\\/\"]}]}<\/script>\n<!-- \/ Yoast SEO plugin. -->","yoast_head_json":{"title":"Innovaci\u00f3n - ADRASA - Assessors Del Ram d&#039;Aigua, S.A.","robots":{"index":"index","follow":"follow","max-snippet":"max-snippet:-1","max-image-preview":"max-image-preview:large","max-video-preview":"max-video-preview:-1"},"canonical":"https:\/\/www.adrasa.com\/es\/innovacion\/","og_locale":"es_ES","og_type":"article","og_title":"Innovaci\u00f3n - ADRASA - Assessors Del Ram d&#039;Aigua, S.A.","og_description":"Donde la qu\u00edmica evoluciona a trav\u00e9s de la colaboraci\u00f3n En ADRASA, la innovaci\u00f3n no es s\u00f3lo investigaci\u00f3n: es la b\u00fasqueda diaria de una qu\u00edmica textil m\u00e1s inteligente, segura y eficiente. Trabajamos codo a codo con marcas, f\u00e1bricas e institutos de investigaci\u00f3n para convertir ideas en soluciones escalables y de alto rendimiento. Desde la mesa de [&hellip;]","og_url":"https:\/\/www.adrasa.com\/es\/innovacion\/","og_site_name":"ADRASA - Assessors Del Ram d&#039;Aigua, S.A.","article_modified_time":"2026-04-12T17:14:43+00:00","og_image":[{"url":"https:\/\/www.adrasa.com\/wp-content\/uploads\/2025\/12\/arrow-cta.svg","type":"","width":"","height":""}],"twitter_card":"summary_large_image","twitter_misc":{"Tiempo de lectura":"2 minutos"},"schema":{"@context":"https:\/\/schema.org","@graph":[{"@type":"WebPage","@id":"https:\/\/www.adrasa.com\/es\/innovacion\/","url":"https:\/\/www.adrasa.com\/es\/innovacion\/","name":"Innovaci\u00f3n - ADRASA - Assessors Del Ram d&#039;Aigua, S.A.","isPartOf":{"@id":"https:\/\/www.adrasa.com\/es\/#website"},"primaryImageOfPage":{"@id":"https:\/\/www.adrasa.com\/es\/innovacion\/#primaryimage"},"image":{"@id":"https:\/\/www.adrasa.com\/es\/innovacion\/#primaryimage"},"thumbnailUrl":"https:\/\/www.adrasa.com\/wp-content\/uploads\/2025\/12\/arrow-cta.svg","datePublished":"2026-04-12T17:14:36+00:00","dateModified":"2026-04-12T17:14:43+00:00","breadcrumb":{"@id":"https:\/\/www.adrasa.com\/es\/innovacion\/#breadcrumb"},"inLanguage":"es","potentialAction":[{"@type":"ReadAction","target":["https:\/\/www.adrasa.com\/es\/innovacion\/"]}]},{"@type":"ImageObject","inLanguage":"es","@id":"https:\/\/www.adrasa.com\/es\/innovacion\/#primaryimage","url":"https:\/\/www.adrasa.com\/wp-content\/uploads\/2025\/12\/arrow-cta.svg","contentUrl":"https:\/\/www.adrasa.com\/wp-content\/uploads\/2025\/12\/arrow-cta.svg"},{"@type":"BreadcrumbList","@id":"https:\/\/www.adrasa.com\/es\/innovacion\/#breadcrumb","itemListElement":[{"@type":"ListItem","position":1,"name":"Portada","item":"https:\/\/www.adrasa.com\/es\/"},{"@type":"ListItem","position":2,"name":"Innovaci\u00f3n"}]},{"@type":"WebSite","@id":"https:\/\/www.adrasa.com\/es\/#website","url":"https:\/\/www.adrasa.com\/es\/","name":"Adrasa, Sustainable textile finishing, from lab to scale","description":"Sustainable textile finishing, from lab to scale","publisher":{"@id":"https:\/\/www.adrasa.com\/es\/#organization"},"alternateName":"ADRASA (Assessors del Ram D'Aigua, S.A.)","potentialAction":[{"@type":"SearchAction","target":{"@type":"EntryPoint","urlTemplate":"https:\/\/www.adrasa.com\/es\/?s={search_term_string}"},"query-input":{"@type":"PropertyValueSpecification","valueRequired":true,"valueName":"search_term_string"}}],"inLanguage":"es"},{"@type":"Organization","@id":"https:\/\/www.adrasa.com\/es\/#organization","name":"Adrasa, Sustainable textile finishing, from lab to scale","url":"https:\/\/www.adrasa.com\/es\/","logo":{"@type":"ImageObject","inLanguage":"es","@id":"https:\/\/www.adrasa.com\/es\/#\/schema\/logo\/image\/","url":"https:\/\/www.adrasa.com\/wp-content\/uploads\/2025\/12\/logo_ADRASA_claim.webp","contentUrl":"https:\/\/www.adrasa.com\/wp-content\/uploads\/2025\/12\/logo_ADRASA_claim.webp","width":578,"height":122,"caption":"Adrasa, Sustainable textile finishing, from lab to scale"},"image":{"@id":"https:\/\/www.adrasa.com\/es\/#\/schema\/logo\/image\/"},"sameAs":["https:\/\/www.instagram.com\/adrasa_textile_finishing\/"]}]}},"_links":{"self":[{"href":"https:\/\/www.adrasa.com\/es\/wp-json\/wp\/v2\/pages\/2268","targetHints":{"allow":["GET"]}}],"collection":[{"href":"https:\/\/www.adrasa.com\/es\/wp-json\/wp\/v2\/pages"}],"about":[{"href":"https:\/\/www.adrasa.com\/es\/wp-json\/wp\/v2\/types\/page"}],"replies":[{"embeddable":true,"href":"https:\/\/www.adrasa.com\/es\/wp-json\/wp\/v2\/comments?post=2268"}],"version-history":[{"count":1,"href":"https:\/\/www.adrasa.com\/es\/wp-json\/wp\/v2\/pages\/2268\/revisions"}],"predecessor-version":[{"id":2269,"href":"https:\/\/www.adrasa.com\/es\/wp-json\/wp\/v2\/pages\/2268\/revisions\/2269"}],"wp:attachment":[{"href":"https:\/\/www.adrasa.com\/es\/wp-json\/wp\/v2\/media?parent=2268"}],"curies":[{"name":"wp","href":"https:\/\/api.w.org\/{rel}","templated":true}]}}