{"id":2241,"date":"2026-02-20T14:57:11","date_gmt":"2026-02-20T13:57:11","guid":{"rendered":"https:\/\/www.adrasa.com\/sostenibilidad\/energia-renovable\/"},"modified":"2026-04-10T10:32:46","modified_gmt":"2026-04-10T08:32:46","slug":"energia-renovable","status":"publish","type":"page","link":"https:\/\/www.adrasa.com\/es\/sostenibilidad\/energia-renovable\/","title":{"rendered":"Energ\u00eda renovable y proyectos circulares"},"content":{"rendered":"\t\t<div data-elementor-type=\"wp-page\" data-elementor-id=\"2241\" class=\"elementor elementor-2241 elementor-1033\" data-elementor-post-type=\"page\">\n\t\t\t\t<div class=\"elementor-element elementor-element-53699066 adrasa-interior-hero-section adrasa-sustainability-hero-section e-flex e-con-boxed e-con e-parent\" data-id=\"53699066\" data-element_type=\"container\" data-e-type=\"container\" data-settings=\"{&quot;background_background&quot;:&quot;classic&quot;}\">\n\t\t\t\t\t<div class=\"e-con-inner\">\n\t\t\t\t<div class=\"elementor-element elementor-element-33fa76f1 elementor-widget__width-initial interior-industries adrasa-interior-hero adrasa-sustainability-hero elementor-widget elementor-widget-adrasa-hero\" data-id=\"33fa76f1\" data-element_type=\"widget\" data-e-type=\"widget\" data-widget_type=\"adrasa-hero.default\">\n\t\t\t\t<div class=\"elementor-widget-container\">\n\t\t\t\t\t\t\t<section class=\"adrasa-hero adrasa-hero--center\">\n\t\t\t<div class=\"container\">\n\t\t\t\t<div class=\"adrasa-hero__grid\">\n\t\t\t\t\t<div class=\"adrasa-hero__block adrasa-hero__block--top\">\n\n\t\t\t\t\t\t\n\t\t\t\t\t\t\t<p class=\"adrasa-hero__kicker\">ENERG\u00cdA RENOVABLE Y PROYECTOS CIRCULARES<\/p>\t\t<h1 class=\"adrasa-hero__title adrasa-hero__title--stacked\">\n\t\t\t\t\t\t\t<span class=\"adrasa-hero__title-line\">Qu\u00edmica limpia impulsada por energ\u00eda renovable<\/span>\n\t\t\t\t\t\t<\/h1>\n\t\t\n\t\t\t\t\t\t\t\n\t\t\t\t\t\t\t\t\t\t\t\t\t\t\t<div class=\"adrasa-hero__desc-block\"><p>ADRASA integra energ\u00eda renovable, principios de econom\u00eda circular y eficiencia de proceso para reducir el impacto ambiental de la qu\u00edmica textil.<br \/><br \/>Desde la optimizaci\u00f3n del agua hasta el autoconsumo solar y los sistemas de recuperaci\u00f3n energ\u00e9tica, invertimos en tecnolog\u00edas que transforman el rendimiento de la qu\u00edmica de forma responsable y sostenible.<\/p><\/div>\n\t\t\t\t\t\t\t\n\t\t\t\t\t\t\t\t\t\t\t\t\t\t\t\t<div class=\"adrasa-hero__buttons\" aria-label=\"Llamadas a la acci\u00f3n\">\n\t\t\t\t\t\t\t\t\t\t\t<a href=\"#industries\"\n\t\t\t\t\tclass=\"adrasa-hero__btn adrasa-hero__btn--primary\">\n\t\t\t\t\t<span class=\"adrasa-hero__btn-text\">Explora nuestro enfoque de sostenibilidad<\/span>\n\n\t\t\t\t\t\t\t\t\t\t\t<span class=\"adrasa-hero__btn-icon\" aria-hidden=\"true\">\n\t\t\t\t\t\t\t<img decoding=\"async\" src=\"https:\/\/www.adrasa.com\/wp-content\/uploads\/2026\/02\/arrow-up-right-white.svg\" alt=\"\" \/>\n\t\t\t\t\t\t<\/span>\n\t\t\t\t\t\t\t\t\t<\/a>\n\t\t\t\t\t<\/div>\n\t\t\n\t\t\t\t\t\t\n\t\t\t\t\t<\/div>\n\n\t\t\t\t\t<div class=\"adrasa-hero__block adrasa-hero__block--bottom\"><\/div>\n\t\t\t\t<\/div>\n\t\t\t<\/div>\n\t\t<\/section>\n\t\t\t\t\t\t<\/div>\n\t\t\t\t<\/div>\n\t\t\t\t<div class=\"elementor-element elementor-element-c30534c adrasa-sustainability-dual-story elementor-widget elementor-widget-adrasa-dual-story\" data-id=\"c30534c\" data-element_type=\"widget\" data-e-type=\"widget\" data-widget_type=\"adrasa-dual-story.default\">\n\t\t\t\t<div class=\"elementor-widget-container\">\n\t\t\t\t\t\t\t<section class=\"adrasa-dstory\" style=\"--adrasa-dstory-left-card-bg-image:url(&#039;https:\/\/www.adrasa.com\/wp-content\/uploads\/2026\/02\/transparent-green-bg.png&#039;);--adrasa-dstory-right-card-bg-image:url(&#039;https:\/\/www.adrasa.com\/wp-content\/uploads\/2026\/02\/transparent-right-gree-bg.png&#039;)\">\n\t\t\t<div class=\"container\">\n\t\t\t\t<div class=\"adrasa-dstory__grid\">\n\t\t\t\t\t<div class=\"adrasa-dstory__left\">\n\t\t\t\t\t\t<h2 class=\"adrasa-dstory__title\"><span class=\"adrasa-dstory__title-italic\">Solar<\/span><span class=\"adrasa-dstory__title-regular\"> y eficiencia energ\u00e9tica<\/span><\/h2>\n\n\t\t\t\t\t\t\t\t\t\t\t\t\t<p class=\"adrasa-dstory__subtitle\">Generar energ\u00eda, reducir el impacto.<\/p>\n\t\t\t\t\t\t\n\t\t\t\t\t\t\t\t\t\t\t\t\t<div class=\"adrasa-dstory__text\"><p>Las instalaciones de ADRASA est\u00e1n equipadas con paneles solares que cubren una parte significativa de la demanda el\u00e9ctrica anual de la empresa.<\/p><p>Esta inversi\u00f3n reduce las emisiones de CO\u2082 y refuerza la independencia energ\u00e9tica, al tiempo que apoya los objetivos de transici\u00f3n energ\u00e9tica en Espa\u00f1a.<\/p><\/div>\n\t\t\t\t\t\t\n\t\t\t\t\t\t\t\t\t\t\t\t\t<div class=\"adrasa-dstory__info-card\">\n\t\t\t\t\t\t\t\t\t\t\t\t\t\t\t\t\t<h3 class=\"adrasa-dstory__small-title\">Iniciativas clave:<\/h3>\n\t\t\t\t\t\t\t\t\t\t\t\t\t\t\t\t\t\t\t\t\t\t\t\t\t<ul class=\"adrasa-dstory__info-list\">\n\t\t\t\t\t\t\t\t\t\t\t\t\t\t\t\t\t\t\t\t\t<li>Generaci\u00f3n fotovoltaica in situ para las \u00e1reas de laboratorio y producci\u00f3n<\/li>\n\t\t\t\t\t\t\t\t\t\t\t\t\t\t\t\t\t\t\t\t\t<li>Sistemas LED y automatizaci\u00f3n para optimizar el uso energ\u00e9tico<\/li>\n\t\t\t\t\t\t\t\t\t\t\t\t\t\t\t\t\t\t\t\t\t<li>Monitorizaci\u00f3n continua del consumo y del rendimiento energ\u00e9tico<\/li>\n\t\t\t\t\t\t\t\t\t\t\t\t\t\t\t\t\t\t\t<\/ul>\n\t\t\t\t\t\t\t\t\t\t\t\t\t\t\t<\/div>\n\t\t\t\t\t\t\n\t\t\t\t\t\t\t\t\t\t\t\t\t<div class=\"adrasa-dstory__left-image\">\n\t\t\t\t\t\t\t\t<img decoding=\"async\" src=\"https:\/\/www.adrasa.com\/wp-content\/uploads\/2026\/02\/adrasa-section-background.png\" alt=\"\" loading=\"lazy\">\n\t\t\t\t\t\t\t<\/div>\n\t\t\t\t\t\t\t\t\t\t\t<\/div>\n\n\t\t\t\t\t<div class=\"adrasa-dstory__right-card\">\n\t\t\t\t\t\t<h2 class=\"adrasa-dstory__title\"><span class=\"adrasa-dstory__title-regular\">Proyectos <\/span><span class=\"adrasa-dstory__title-italic\">circulares<\/span><\/h2>\n\n\t\t\t\t\t\t\t\t\t\t\t\t\t<p class=\"adrasa-dstory__subtitle\">De residuos a valor.<\/p>\n\t\t\t\t\t\t\n\t\t\t\t\t\t\t\t\t\t\t\t\t<div class=\"adrasa-dstory__text\"><p>Participamos activamente en iniciativas de I+D centradas en la valorizaci\u00f3n de residuos y la recuperaci\u00f3n de subproductos de los procesos textiles.<\/p><p>Proyectos como <strong>rCAF\u00c9<\/strong>, cofinanciado por <strong>NextGenerationEU<\/strong>, exploran formas innovadoras de transformar residuos en nuevos recursos para la cadena de valor textil.<\/p><\/div>\n\t\t\t\t\t\t\n\t\t\t\t\t\t\t\t\t\t\t\t\t<div class=\"adrasa-dstory__strip-image\">\n\t\t\t\t\t\t\t\t<img decoding=\"async\" src=\"https:\/\/www.adrasa.com\/wp-content\/uploads\/2026\/02\/section-image-sustainability.png\" alt=\"\" loading=\"lazy\">\n\t\t\t\t\t\t\t<\/div>\n\t\t\t\t\t\t\n\t\t\t\t\t\t\t\t\t\t\t\t\t<h3 class=\"adrasa-dstory__small-title\">Ejemplo:<\/h3>\n\t\t\t\t\t\t\n\t\t\t\t\t\t\t\t\t\t\t\t\t<ul class=\"adrasa-dstory__example-list\">\n\t\t\t\t\t\t\t\t\t\t\t\t\t\t\t\t\t<li>rCAF\u00c9 \u2013 Investigaci\u00f3n de procesos de valorizaci\u00f3n de residuos de caf\u00e9 (2023\u20132024)<\/li>\n\t\t\t\t\t\t\t\t\t\t\t\t\t\t\t\t\t<li>Financiado en la convocatoria de ayudas de econom\u00eda circular 2022 de MITECO \u2013 Gobierno de Espa\u00f1a.<\/li>\n\t\t\t\t\t\t\t\t\t\t\t\t\t\t\t\t\t<li>Presupuesto concedido: \u20ac161.578<\/li>\n\t\t\t\t\t\t\t\t\t\t\t\t\t\t\t<\/ul>\n\t\t\t\t\t\t\n\t\t\t\t\t\t\t\t\t\t\t\t\t<a class=\"adrasa-dstory__cta\" href=\"#\">\n\t\t\t\t\t\t\t\t<span>DESCARGAR RESUMEN DEL PROYECTO<\/span>\n\t\t\t\t\t\t\t\t\t\t\t\t\t\t\t\t\t<span class=\"adrasa-dstory__cta-icon\" aria-hidden=\"true\">\n\t\t\t\t\t\t\t\t\t\t\t\t\t\t\t\t\t\t\t\t\t<img decoding=\"async\" class=\"adrasa-dstory__cta-icon-img adrasa-dstory__cta-icon-img--default\" src=\"https:\/\/www.adrasa.com\/wp-content\/uploads\/2026\/02\/arrow-up-right-white.svg\" alt=\"\">\n\t\t\t\t\t\t\t\t\t\t\t\t\t\t\t\t\t\t\t\t\t\t\t<img decoding=\"async\" class=\"adrasa-dstory__cta-icon-img adrasa-dstory__cta-icon-img--hover\" src=\"https:\/\/www.adrasa.com\/wp-content\/uploads\/2026\/02\/arrow-up-right-white.svg\" alt=\"\">\n\t\t\t\t\t\t\t\t\t\t\t\t\t\t\t\t\t\t\t\t\t\t\t\t\t\t\t\t\t\t<\/span>\n\t\t\t\t\t\t\t\t\t\t\t\t\t\t\t<\/a>\n\t\t\t\t\t\t\t\t\t\t\t<\/div>\n\t\t\t\t<\/div>\n\t\t\t<\/div>\n\t\t<\/section>\n\t\t\t\t\t\t<\/div>\n\t\t\t\t<\/div>\n\t\t\t\t<div class=\"elementor-element elementor-element-988eaf2 interior-industries adrasa-interior-two-column adrasa-sustainability-two-column elementor-widget elementor-widget-adrasa-two-column\" data-id=\"988eaf2\" data-element_type=\"widget\" data-e-type=\"widget\" data-widget_type=\"adrasa-two-column.default\">\n\t\t\t\t<div class=\"elementor-widget-container\">\n\t\t\t\t\t\t\t<section id=\"adrasa-two-col-988eaf2\" class=\"adrasa-two-col adrasa-two-col--single_card adrasa-two-col--variant-description\">\n\t\t\t<div class=\"container\">\n\t\t\t\t<div class=\"adrasa-two-col__grid\">\n\n\t\t\t\t\t<!-- LEFT -->\n\t\t\t\t\t<div class=\"adrasa-two-col__left\">\n\n\t\t\t\t\t\t\n\t\t\t\t\t\t\t<h2 class=\"adrasa-two-col__title\">\n\t\t\t\t\t\t\t\t<span class=\"adrasa-two-col__title-inner\"><span class=\"adrasa-two-col__title-regular\"><\/span><span class=\"adrasa-two-col__title-italic\">Operaciones<\/span><span class=\"adrasa-two-col__title-regular\"> responsables<\/span><\/span>\t\t\t\t\t\t\t<\/h2>\n\n\t\t\t\t\t\t\t\t\t\t\t\t\t\t\t<div class=\"adrasa-two-col__left-text\">\n\t\t\t\t\t\t\t\t\t<p><strong>Eficiencia m\u00e1s all\u00e1 de la qu\u00edmica.<\/strong><br \/><br \/>La sostenibilidad no se limita a nuestras formulaciones.<\/p><p>Aplicamos una gesti\u00f3n responsable de los recursos en cada proceso, desde el agua y la energ\u00eda hasta la log\u00edstica y el embalaje, minimizando residuos y promoviendo la mejora continua.<\/p>\t\t\t\t\t\t\t\t<\/div>\n\t\t\t\t\t\t\t\n\t\t\t\t\t\t\t\n\t\t\t\t\t\t\t\n\t\t\t\t\t\t\n\t\t\t\t\t<\/div>\n\n\t\t\t\t\t<!-- RIGHT -->\n\t\t\t\t\t<div class=\"adrasa-two-col__right\">\n\n\t\t\t\t\t\t\n\t\t\t\t\t\t\t<div class=\"adrasa-two-col__card\" style=\"--adrasa-card-bg: url('https:\/\/www.adrasa.com\/wp-content\/uploads\/2026\/02\/img-green-bg-2.png');\">\n\t\t\t\t\t\t\t\t<div class=\"adrasa-two-col__card-inner\">\n\t\t\t\t\t\t\t\t\t<div class=\"adrasa-two-col__card-body\">\n\n\t\t\t\t\t\t\t\t\t\t\n\t\t\t\t\t\t\t\t\t\t\n\t\t\t\t\t\t\t\t\t\t\t\t\t\t\t\t\t\t\t\t\t\t\t<div class=\"adrasa-two-col__card-desc\">\n\t\t\t\t\t\t\t\t\t\t\t\t\t<p><strong>Las acciones incluyen:<\/strong><\/p><ul><li>Reutilizaci\u00f3n de agua y sistemas de circuito cerrado en producci\u00f3n<\/li><li>Optimizaci\u00f3n de rutas de entrega y uso de materiales<\/li><li>Integraci\u00f3n de los est\u00e1ndares ISO 14001 e ISO 45001<\/li><\/ul>\t\t\t\t\t\t\t\t\t\t\t\t<\/div>\n\t\t\t\t\t\t\t\t\t\t\t\n\t\t\t\t\t\t\t\t\t\t\n\t\t\t\t\t\t\t\t\t<\/div><!-- \/.card-body -->\n\n\t\t\t\t\t\t\t\t\t\t\t\t\t\t\t\t\t<\/div><!-- \/.card-inner -->\n\t\t\t\t\t\t\t<\/div>\n\n\t\t\t\t\t\t\n\t\t\t\t\t<\/div>\n\t\t\t\t<\/div>\n\t\t\t<\/div>\n\t\t<\/section>\n\t\t\t\t\t\t<\/div>\n\t\t\t\t<\/div>\n\t\t\t\t\t<\/div>\n\t\t\t\t<\/div>\n\t\t<div class=\"elementor-element elementor-element-6ade4b21 adrasa-pre-footer-section adrasa-interior-pre-footer-section adrasa-sustainability-pre-footer-section e-flex e-con-boxed e-con e-parent\" data-id=\"6ade4b21\" data-element_type=\"container\" data-e-type=\"container\" data-settings=\"{&quot;background_background&quot;:&quot;classic&quot;}\">\n\t\t\t\t\t<div class=\"e-con-inner\">\n\t\t\t\t<div class=\"elementor-element elementor-element-2eb63039 adrasa-pre-footer-hero adrasa-interior-pre-footer-hero adrasa-sustainability-pre-footer-hero elementor-widget elementor-widget-adrasa-hero\" data-id=\"2eb63039\" data-element_type=\"widget\" data-e-type=\"widget\" data-widget_type=\"adrasa-hero.default\">\n\t\t\t\t<div class=\"elementor-widget-container\">\n\t\t\t\t\t\t\t<section class=\"adrasa-hero adrasa-hero--center\">\n\t\t\t<div class=\"container\">\n\t\t\t\t<div class=\"adrasa-hero__grid\">\n\t\t\t\t\t<div class=\"adrasa-hero__block adrasa-hero__block--top\">\n\n\t\t\t\t\t\t\n\t\t\t\t\t\t\t\t\t<h2 class=\"adrasa-hero__title adrasa-hero__title--stacked\">\n\t\t\t\t\t\t\t<span class=\"adrasa-hero__title-line\">La sostenibilidad que impulsa la innovaci\u00f3n<\/span>\n\t\t\t\t\t\t<\/h2>\n\t\t\n\t\t\t\t\t\t\t\n\t\t\t\t\t\t\t\t\t\t\t\t\t\t\t<div class=\"adrasa-hero__desc-block\"><p>Descubre c\u00f3mo ADRASA combina investigaci\u00f3n, energ\u00eda renovable y operaciones responsables para construir un futuro textil m\u00e1s limpio.<\/p><\/div>\n\t\t\t\t\t\t\t\n\t\t\t\t\t\t\t\t\t\t\t\t\t\t\t\t<div class=\"adrasa-hero__buttons\" aria-label=\"Llamadas a la acci\u00f3n\">\n\t\t\t\t\t\t\t\t\t\t\t<a href=\"#contact\"\n\t\t\t\t\tclass=\"adrasa-hero__btn adrasa-hero__btn--tertiary\">\n\t\t\t\t\t<span class=\"adrasa-hero__btn-text\">M\u00e1s informaci\u00f3n sobre nuestras certificaciones<\/span>\n\n\t\t\t\t\t\t\t\t\t\t\t<span class=\"adrasa-hero__btn-icon\" aria-hidden=\"true\">\n\t\t\t\t\t\t\t<img decoding=\"async\" src=\"https:\/\/www.adrasa.com\/wp-content\/uploads\/2026\/01\/arrow-up-right-white.svg\" alt=\"\" \/>\n\t\t\t\t\t\t<\/span>\n\t\t\t\t\t\t\t\t\t<\/a>\n\t\t\t\t\t<\/div>\n\t\t\n\t\t\t\t\t\t\n\t\t\t\t\t<\/div>\n\n\t\t\t\t\t<div class=\"adrasa-hero__block adrasa-hero__block--bottom\"><\/div>\n\t\t\t\t<\/div>\n\t\t\t<\/div>\n\t\t<\/section>\n\t\t\t\t\t\t<\/div>\n\t\t\t\t<\/div>\n\t\t\t\t\t<\/div>\n\t\t\t\t<\/div>\n\t\t\t\t<\/div>\n\t\t","protected":false},"excerpt":{"rendered":"","protected":false},"author":0,"featured_media":0,"parent":2237,"menu_order":0,"comment_status":"closed","ping_status":"closed","template":"elementor_header_footer","meta":{"_acf_changed":false,"footnotes":""},"class_list":["post-2241","page","type-page","status-publish","hentry"],"acf":[],"yoast_head":"<!-- This site is optimized with the Yoast SEO plugin v27.4 - https:\/\/yoast.com\/product\/yoast-seo-wordpress\/ -->\n<title>Energ\u00eda renovable y proyectos circulares - ADRASA - Assessors Del Ram d&#039;Aigua, S.A.<\/title>\n<meta name=\"description\" content=\"Energ\u00eda renovable y proyectos circulares. Qu\u00edmica limpia impulsada por energ\u00eda renovable. ADRASA integra autoconsumo solar, eficiencia de proceso y econom\u00eda circular para una qu\u00edmica textil m\u00e1s sostenible.\" \/>\n<meta name=\"robots\" content=\"index, follow, max-snippet:-1, max-image-preview:large, max-video-preview:-1\" \/>\n<link rel=\"canonical\" href=\"https:\/\/www.adrasa.com\/es\/sostenibilidad\/energia-renovable\/\" \/>\n<meta property=\"og:locale\" content=\"es_ES\" \/>\n<meta property=\"og:type\" content=\"article\" \/>\n<meta property=\"og:title\" content=\"Energ\u00eda renovable y proyectos circulares - ADRASA - Assessors Del Ram d&#039;Aigua, S.A.\" \/>\n<meta property=\"og:description\" content=\"Energ\u00eda renovable y proyectos circulares. Qu\u00edmica limpia impulsada por energ\u00eda renovable. ADRASA integra autoconsumo solar, eficiencia de proceso y econom\u00eda circular para una qu\u00edmica textil m\u00e1s sostenible.\" \/>\n<meta property=\"og:url\" content=\"https:\/\/www.adrasa.com\/es\/sostenibilidad\/energia-renovable\/\" \/>\n<meta property=\"og:site_name\" content=\"ADRASA - Assessors Del Ram d&#039;Aigua, S.A.\" \/>\n<meta property=\"article:modified_time\" content=\"2026-04-10T08:32:46+00:00\" \/>\n<meta property=\"og:image\" content=\"https:\/\/www.adrasa.com\/wp-content\/uploads\/2026\/04\/adrasa-banner.jpg\" \/>\n\t<meta property=\"og:image:width\" content=\"1200\" \/>\n\t<meta property=\"og:image:height\" content=\"675\" \/>\n\t<meta property=\"og:image:type\" content=\"image\/jpeg\" \/>\n<meta name=\"twitter:card\" content=\"summary_large_image\" \/>\n<script type=\"application\/ld+json\" class=\"yoast-schema-graph\">{\"@context\":\"https:\\\/\\\/schema.org\",\"@graph\":[{\"@type\":\"WebPage\",\"@id\":\"https:\\\/\\\/www.adrasa.com\\\/es\\\/sostenibilidad\\\/energia-renovable\\\/\",\"url\":\"https:\\\/\\\/www.adrasa.com\\\/es\\\/sostenibilidad\\\/energia-renovable\\\/\",\"name\":\"Energ\u00eda renovable y proyectos circulares - ADRASA - Assessors Del Ram d&#039;Aigua, S.A.\",\"isPartOf\":{\"@id\":\"https:\\\/\\\/www.adrasa.com\\\/es\\\/#website\"},\"datePublished\":\"2026-02-20T13:57:11+00:00\",\"dateModified\":\"2026-04-10T08:32:46+00:00\",\"description\":\"Energ\u00eda renovable y proyectos circulares. Qu\u00edmica limpia impulsada por energ\u00eda renovable. ADRASA integra autoconsumo solar, eficiencia de proceso y econom\u00eda circular para una qu\u00edmica textil m\u00e1s sostenible.\",\"breadcrumb\":{\"@id\":\"https:\\\/\\\/www.adrasa.com\\\/es\\\/sostenibilidad\\\/energia-renovable\\\/#breadcrumb\"},\"inLanguage\":\"es\",\"potentialAction\":[{\"@type\":\"ReadAction\",\"target\":[\"https:\\\/\\\/www.adrasa.com\\\/es\\\/sostenibilidad\\\/energia-renovable\\\/\"]}]},{\"@type\":\"BreadcrumbList\",\"@id\":\"https:\\\/\\\/www.adrasa.com\\\/es\\\/sostenibilidad\\\/energia-renovable\\\/#breadcrumb\",\"itemListElement\":[{\"@type\":\"ListItem\",\"position\":1,\"name\":\"Portada\",\"item\":\"https:\\\/\\\/www.adrasa.com\\\/es\\\/\"},{\"@type\":\"ListItem\",\"position\":2,\"name\":\"Sostenibilidad\",\"item\":\"https:\\\/\\\/www.adrasa.com\\\/es\\\/sustainability\\\/\"},{\"@type\":\"ListItem\",\"position\":3,\"name\":\"Energ\u00eda renovable y proyectos circulares\"}]},{\"@type\":\"WebSite\",\"@id\":\"https:\\\/\\\/www.adrasa.com\\\/es\\\/#website\",\"url\":\"https:\\\/\\\/www.adrasa.com\\\/es\\\/\",\"name\":\"Adrasa, Sustainable textile finishing, from lab to scale\",\"description\":\"Sustainable textile finishing, from lab to scale\",\"publisher\":{\"@id\":\"https:\\\/\\\/www.adrasa.com\\\/es\\\/#organization\"},\"alternateName\":\"ADRASA (Assessors del Ram D'Aigua, S.A.)\",\"potentialAction\":[{\"@type\":\"SearchAction\",\"target\":{\"@type\":\"EntryPoint\",\"urlTemplate\":\"https:\\\/\\\/www.adrasa.com\\\/es\\\/?s={search_term_string}\"},\"query-input\":{\"@type\":\"PropertyValueSpecification\",\"valueRequired\":true,\"valueName\":\"search_term_string\"}}],\"inLanguage\":\"es\"},{\"@type\":\"Organization\",\"@id\":\"https:\\\/\\\/www.adrasa.com\\\/es\\\/#organization\",\"name\":\"Adrasa, Sustainable textile finishing, from lab to scale\",\"url\":\"https:\\\/\\\/www.adrasa.com\\\/es\\\/\",\"logo\":{\"@type\":\"ImageObject\",\"inLanguage\":\"es\",\"@id\":\"https:\\\/\\\/www.adrasa.com\\\/es\\\/#\\\/schema\\\/logo\\\/image\\\/\",\"url\":\"https:\\\/\\\/www.adrasa.com\\\/wp-content\\\/uploads\\\/2025\\\/12\\\/logo_ADRASA_claim.webp\",\"contentUrl\":\"https:\\\/\\\/www.adrasa.com\\\/wp-content\\\/uploads\\\/2025\\\/12\\\/logo_ADRASA_claim.webp\",\"width\":578,\"height\":122,\"caption\":\"Adrasa, Sustainable textile finishing, from lab to scale\"},\"image\":{\"@id\":\"https:\\\/\\\/www.adrasa.com\\\/es\\\/#\\\/schema\\\/logo\\\/image\\\/\"},\"sameAs\":[\"https:\\\/\\\/www.instagram.com\\\/adrasa_textile_finishing\\\/\"]}]}<\/script>\n<!-- \/ Yoast SEO plugin. -->","yoast_head_json":{"title":"Energ\u00eda renovable y proyectos circulares - ADRASA - Assessors Del Ram d&#039;Aigua, S.A.","description":"Energ\u00eda renovable y proyectos circulares. Qu\u00edmica limpia impulsada por energ\u00eda renovable. ADRASA integra autoconsumo solar, eficiencia de proceso y econom\u00eda circular para una qu\u00edmica textil m\u00e1s sostenible.","robots":{"index":"index","follow":"follow","max-snippet":"max-snippet:-1","max-image-preview":"max-image-preview:large","max-video-preview":"max-video-preview:-1"},"canonical":"https:\/\/www.adrasa.com\/es\/sostenibilidad\/energia-renovable\/","og_locale":"es_ES","og_type":"article","og_title":"Energ\u00eda renovable y proyectos circulares - ADRASA - Assessors Del Ram d&#039;Aigua, S.A.","og_description":"Energ\u00eda renovable y proyectos circulares. Qu\u00edmica limpia impulsada por energ\u00eda renovable. ADRASA integra autoconsumo solar, eficiencia de proceso y econom\u00eda circular para una qu\u00edmica textil m\u00e1s sostenible.","og_url":"https:\/\/www.adrasa.com\/es\/sostenibilidad\/energia-renovable\/","og_site_name":"ADRASA - Assessors Del Ram d&#039;Aigua, S.A.","article_modified_time":"2026-04-10T08:32:46+00:00","og_image":[{"width":1200,"height":675,"url":"https:\/\/www.adrasa.com\/wp-content\/uploads\/2026\/04\/adrasa-banner.jpg","type":"image\/jpeg"}],"twitter_card":"summary_large_image","schema":{"@context":"https:\/\/schema.org","@graph":[{"@type":"WebPage","@id":"https:\/\/www.adrasa.com\/es\/sostenibilidad\/energia-renovable\/","url":"https:\/\/www.adrasa.com\/es\/sostenibilidad\/energia-renovable\/","name":"Energ\u00eda renovable y proyectos circulares - ADRASA - Assessors Del Ram d&#039;Aigua, S.A.","isPartOf":{"@id":"https:\/\/www.adrasa.com\/es\/#website"},"datePublished":"2026-02-20T13:57:11+00:00","dateModified":"2026-04-10T08:32:46+00:00","description":"Energ\u00eda renovable y proyectos circulares. Qu\u00edmica limpia impulsada por energ\u00eda renovable. ADRASA integra autoconsumo solar, eficiencia de proceso y econom\u00eda circular para una qu\u00edmica textil m\u00e1s sostenible.","breadcrumb":{"@id":"https:\/\/www.adrasa.com\/es\/sostenibilidad\/energia-renovable\/#breadcrumb"},"inLanguage":"es","potentialAction":[{"@type":"ReadAction","target":["https:\/\/www.adrasa.com\/es\/sostenibilidad\/energia-renovable\/"]}]},{"@type":"BreadcrumbList","@id":"https:\/\/www.adrasa.com\/es\/sostenibilidad\/energia-renovable\/#breadcrumb","itemListElement":[{"@type":"ListItem","position":1,"name":"Portada","item":"https:\/\/www.adrasa.com\/es\/"},{"@type":"ListItem","position":2,"name":"Sostenibilidad","item":"https:\/\/www.adrasa.com\/es\/sustainability\/"},{"@type":"ListItem","position":3,"name":"Energ\u00eda renovable y proyectos circulares"}]},{"@type":"WebSite","@id":"https:\/\/www.adrasa.com\/es\/#website","url":"https:\/\/www.adrasa.com\/es\/","name":"Adrasa, Sustainable textile finishing, from lab to scale","description":"Sustainable textile finishing, from lab to scale","publisher":{"@id":"https:\/\/www.adrasa.com\/es\/#organization"},"alternateName":"ADRASA (Assessors del Ram D'Aigua, S.A.)","potentialAction":[{"@type":"SearchAction","target":{"@type":"EntryPoint","urlTemplate":"https:\/\/www.adrasa.com\/es\/?s={search_term_string}"},"query-input":{"@type":"PropertyValueSpecification","valueRequired":true,"valueName":"search_term_string"}}],"inLanguage":"es"},{"@type":"Organization","@id":"https:\/\/www.adrasa.com\/es\/#organization","name":"Adrasa, Sustainable textile finishing, from lab to scale","url":"https:\/\/www.adrasa.com\/es\/","logo":{"@type":"ImageObject","inLanguage":"es","@id":"https:\/\/www.adrasa.com\/es\/#\/schema\/logo\/image\/","url":"https:\/\/www.adrasa.com\/wp-content\/uploads\/2025\/12\/logo_ADRASA_claim.webp","contentUrl":"https:\/\/www.adrasa.com\/wp-content\/uploads\/2025\/12\/logo_ADRASA_claim.webp","width":578,"height":122,"caption":"Adrasa, Sustainable textile finishing, from lab to scale"},"image":{"@id":"https:\/\/www.adrasa.com\/es\/#\/schema\/logo\/image\/"},"sameAs":["https:\/\/www.instagram.com\/adrasa_textile_finishing\/"]}]}},"_links":{"self":[{"href":"https:\/\/www.adrasa.com\/es\/wp-json\/wp\/v2\/pages\/2241","targetHints":{"allow":["GET"]}}],"collection":[{"href":"https:\/\/www.adrasa.com\/es\/wp-json\/wp\/v2\/pages"}],"about":[{"href":"https:\/\/www.adrasa.com\/es\/wp-json\/wp\/v2\/types\/page"}],"replies":[{"embeddable":true,"href":"https:\/\/www.adrasa.com\/es\/wp-json\/wp\/v2\/comments?post=2241"}],"version-history":[{"count":1,"href":"https:\/\/www.adrasa.com\/es\/wp-json\/wp\/v2\/pages\/2241\/revisions"}],"predecessor-version":[{"id":2267,"href":"https:\/\/www.adrasa.com\/es\/wp-json\/wp\/v2\/pages\/2241\/revisions\/2267"}],"up":[{"embeddable":true,"href":"https:\/\/www.adrasa.com\/es\/wp-json\/wp\/v2\/pages\/2237"}],"wp:attachment":[{"href":"https:\/\/www.adrasa.com\/es\/wp-json\/wp\/v2\/media?parent=2241"}],"curies":[{"name":"wp","href":"https:\/\/api.w.org\/{rel}","templated":true}]}}